{"id":11896,"date":"2024-08-24T15:42:06","date_gmt":"2024-08-24T14:42:06","guid":{"rendered":"https:\/\/kliniksanktmoritz.ch\/?post_type=product&#038;p=11896"},"modified":"2024-10-01T18:30:42","modified_gmt":"2024-10-01T17:30:42","slug":"oxy-9-sem-fio","status":"publish","type":"product","link":"https:\/\/kliniksanktmoritz.ch\/pt\/produto\/oxy-9-sem-fio\/","title":{"rendered":"Oxy 9 sem fio"},"content":{"rendered":"","protected":false},"excerpt":{"rendered":"<p>### Informa\u00e7\u00f5es gerais<\/p>\n<p>Dispositivo\/Gravador<\/p>\n<p>O ox\u00edmetro de pulso port\u00e1til Oxy 9 utiliza tecnologia avan\u00e7ada para monitorar a SpO2 (satura\u00e7\u00e3o de oxig\u00eanio) e a PR (frequ\u00eancia de pulso) a partir do seu dedo, medindo seus n\u00edveis de oxig\u00eanio. Ele tamb\u00e9m funciona como ped\u00f4metro e contador de calorias. Esse dispositivo \u00e9 adequado para uso em uma variedade de ambientes, como institui\u00e7\u00f5es m\u00e9dicas, resid\u00eancias e academias de gin\u00e1stica.<\/p>\n<p>&nbsp;<\/p>\n<p>- Exibe o valor de SpO2, o valor de PR e um gr\u00e1fico de barras<\/p>\n<p>- Exibe calorias, passos e tempo<\/p>\n<p>- Tela com rota\u00e7\u00e3o autom\u00e1tica<\/p>\n<p>- Armazenamento autom\u00e1tico dos valores de SpO2 e PR<\/p>\n<p>- Inclui um rel\u00f3gio e um indicador de bateria fraca<\/p>\n<p>- Os dados armazenados podem ser carregados no aplicativo via Bluetooth, que \u00e9 sincronizado com uma plataforma em nuvem<\/p>\n<p>&nbsp;<\/p>\n<p>Aplicativo ###<\/p>\n<p>O ox\u00edmetro Oxy 9 se conecta ao App, um aplicativo para smartphone gratuito e f\u00e1cil de usar. Ele foi projetado para funcionar com uma ampla gama de dispositivos m\u00e9dicos capazes de medir temperatura, press\u00e3o arterial, frequ\u00eancia de pulso, peso e composi\u00e7\u00e3o corporal, satura\u00e7\u00e3o de oxig\u00eanio, ECG, sono, glicose no sangue e atividade f\u00edsica, entre outros. Ele est\u00e1 dispon\u00edvel em 10 idiomas (GB, FR, IT, ES, DE, NL, GR, PT, RO, PL) e n\u00e3o requer nenhuma instala\u00e7\u00e3o ou configura\u00e7\u00e3o complicada.<\/p>\n<p>&nbsp;<\/p>\n<p>### An\u00e1lise de nuvem<\/p>\n<p>- Configura\u00e7\u00f5es como peso, altura, metas de calorias e sensibilidade do ped\u00f4metro podem ser ajustadas por meio do servidor.<\/p>\n<p>&nbsp;<\/p>\n<p>Compatibilidade da plataforma de telemedicina ###<\/p>\n<p>- Plataforma de sa\u00fade CGM<\/p>\n<p>- Helthia<\/p>\n<p>&nbsp;<\/p>\n<p>Informa\u00e7\u00f5es t\u00e9cnicas do ###<\/p>\n<p>SpO2<\/p>\n<p>- Faixa: 0~100%<\/p>\n<p>- Precis\u00e3o: 70~100% \u00b1 2%, 0~69%: n\u00e3o especificado<\/p>\n<p>&nbsp;<\/p>\n<p>RP<\/p>\n<p>- Faixa: 30-250 bpm<\/p>\n<p>- Precis\u00e3o: \u00b1 2 bpm ou \u00b1 2%, o que for maior<\/p>\n<p>&nbsp;<\/p>\n<p>Resolu\u00e7\u00e3o<\/p>\n<p>- SpO2: 1%<\/p>\n<p>- RP: 1 bpm<\/p>\n<p>&nbsp;<\/p>\n<p>Ped\u00f4metro<\/p>\n<p>- Faixa: 0-65.535 passos<\/p>\n<p>- Resolu\u00e7\u00e3o: 1 passo<\/p>\n<p>&nbsp;<\/p>\n<p>- Fun\u00e7\u00e3o de mem\u00f3ria: Armazena 1.000 conjuntos de dados de SpO2 e 224 dias de dados do ped\u00f4metro.<\/p>\n<p>- Classifica\u00e7\u00e3o de seguran\u00e7a: Pe\u00e7a aplicada tipo BF<\/p>\n<p>- Medidas com baixa perfus\u00e3o: A SpO2 e a PR s\u00e3o precisas com um \u00edndice de perfus\u00e3o de 0,4%. O erro da SpO2 \u00e9 de \u00b1 4%, o erro da PR \u00e9 de \u00b1 2%, o que for maior.<\/p>\n<p>- Dimens\u00f5es: 58x32xh 34 mm<\/p>\n<p>- Peso: aproximadamente 52 g (incluindo 2 pilhas AAA)<\/p>","protected":false},"featured_media":11899,"template":"","meta":{"_acf_changed":false,"wds_primary_product_brand":0,"wds_primary_product_cat":0,"_wordproof_timestamp":false},"product_brand":[],"product_cat":[113,78],"product_tag":[],"class_list":{"0":"post-11896","1":"product","2":"type-product","3":"status-publish","4":"has-post-thumbnail","6":"product_cat-device","7":"product_cat-digitaltwin","9":"first","10":"instock","11":"shipping-taxable","12":"purchasable","13":"product-type-simple"},"acf":[],"_links":{"self":[{"href":"https:\/\/kliniksanktmoritz.ch\/pt\/wp-json\/wp\/v2\/product\/11896","targetHints":{"allow":["GET"]}}],"collection":[{"href":"https:\/\/kliniksanktmoritz.ch\/pt\/wp-json\/wp\/v2\/product"}],"about":[{"href":"https:\/\/kliniksanktmoritz.ch\/pt\/wp-json\/wp\/v2\/types\/product"}],"wp:featuredmedia":[{"embeddable":true,"href":"https:\/\/kliniksanktmoritz.ch\/pt\/wp-json\/wp\/v2\/media\/11899"}],"wp:attachment":[{"href":"https:\/\/kliniksanktmoritz.ch\/pt\/wp-json\/wp\/v2\/media?parent=11896"}],"wp:term":[{"taxonomy":"product_brand","embeddable":true,"href":"https:\/\/kliniksanktmoritz.ch\/pt\/wp-json\/wp\/v2\/product_brand?post=11896"},{"taxonomy":"product_cat","embeddable":true,"href":"https:\/\/kliniksanktmoritz.ch\/pt\/wp-json\/wp\/v2\/product_cat?post=11896"},{"taxonomy":"product_tag","embeddable":true,"href":"https:\/\/kliniksanktmoritz.ch\/pt\/wp-json\/wp\/v2\/product_tag?post=11896"}],"curies":[{"name":"wp","href":"https:\/\/api.w.org\/{rel}","templated":true}]}}