{"id":11918,"date":"2024-08-24T15:49:38","date_gmt":"2024-08-24T14:49:38","guid":{"rendered":"https:\/\/kliniksanktmoritz.ch\/?post_type=product&#038;p=11918"},"modified":"2024-10-01T19:01:21","modified_gmt":"2024-10-01T18:01:21","slug":"kit-saturimetro-oxy-10-com-sensor-adulto-incorporado-sensor-neonatal-e-pediatrico-com-clipe","status":"publish","type":"product","link":"https:\/\/kliniksanktmoritz.ch\/pt\/produto\/kit-saturimetro-oxy-10-com-sensor-adulto-incorporado-sensor-neonatal-e-pediatrico-com-clipe\/","title":{"rendered":"KIT saturimetro Oxy 10 com sensor adulto incorporado, sensor neonatal e pedi\u00e1trico com clipe"},"content":{"rendered":"","protected":false},"excerpt":{"rendered":"<p>Informa\u00e7\u00f5es gerais<\/p>\n<p>&nbsp;<\/p>\n<p>O OXY 10 \u00e9 um ox\u00edmetro de pulso com um sensor integrado para adultos que mede a frequ\u00eancia card\u00edaca, a SpO2 e o \u00edndice de perfus\u00e3o. Ele tem dois recursos principais que o destacam:<\/p>\n<ol>\n<li>Ele tamb\u00e9m pode ser usado em crian\u00e7as e beb\u00eas, gra\u00e7as aos sensores externos reutiliz\u00e1veis inclu\u00eddos.<\/li>\n<li>Ele permite a transfer\u00eancia de dados sem fio para um PC com Windows XP ou Seven.<\/li>\n<\/ol>\n<p>&nbsp;<\/p>\n<p>O OXY 10 vem com alarmes personaliz\u00e1veis e apresenta a funcionalidade de ligar\/desligar automaticamente. Confi\u00e1vel, vers\u00e1til e avan\u00e7ado, o OXY 10 foi projetado para atender a uma variedade de necessidades em uma \u00fanica solu\u00e7\u00e3o.<\/p>\n<p>&nbsp;<\/p>\n<p>Aplicativo<\/p>\n<p>O ox\u00edmetro de pulso OXY 10 se conecta ao App, um aplicativo gratuito e inovador para smartphone compat\u00edvel com v\u00e1rios dispositivos m\u00e9dicos. Ele permite a medi\u00e7\u00e3o de temperatura, press\u00e3o arterial, frequ\u00eancia card\u00edaca, peso, composi\u00e7\u00e3o corporal, satura\u00e7\u00e3o de oxig\u00eanio, ECG, sono, a\u00e7\u00facar no sangue, atividade f\u00edsica e muito mais. O aplicativo \u00e9 f\u00e1cil de configurar e est\u00e1 dispon\u00edvel em 10 idiomas (GB, FR, IT, ES, DE, NL, GR, PT, RO, PL).<\/p>\n<p>&nbsp;<\/p>\n<p>Compatibilidade da plataforma de telemedicina<\/p>\n<p>- Plataforma de sa\u00fade CGM<\/p>\n<p>- iTEL<\/p>\n<p>- Helthia<\/p>\n<p>&nbsp;<\/p>\n<p>Acess\u00f3rios padr\u00e3o<\/p>\n<p>- Ox\u00edmetro de pulso OXY 10<\/p>\n<p>- Sensor pedi\u00e1trico reutiliz\u00e1vel de clipe de SpO2<\/p>\n<p>- Sensor de SpO2 neonatal reutiliz\u00e1vel<\/p>\n<p>&nbsp;<\/p>\n<p>Informa\u00e7\u00f5es t\u00e9cnicas<\/p>\n<p>- Transmiss\u00e3o de dados sem fio para PC, telefone celular ou PDA<\/p>\n<p>- Tela colorida OLED com rota\u00e7\u00e3o de 360<\/p>\n<p>- Par\u00e2metros medidos: SpO2, frequ\u00eancia card\u00edaca, PI e curva pletismogr\u00e1fica<\/p>\n<p>- Funcionalidade de ligar\/desligar automaticamente<\/p>\n<p>- Alarmes visuais e sonoros (configura\u00e7\u00f5es personaliz\u00e1veis)<\/p>\n<p>- Bip aud\u00edvel a cada batimento card\u00edaco<\/p>\n<p>- Indicador de bateria fraca<\/p>\n<p>- Pode ser usado com sensores externos<\/p>\n<p>- Faixa de medi\u00e7\u00e3o:<\/p>\n<p>- SpO2: 85% a 99%<\/p>\n<p>- Pulso: 30 bpm a 240 bpm<\/p>\n<p>- \u00cdndice de perfus\u00e3o: 0,2% a 20%<\/p>\n<p>- Precis\u00e3o:<\/p>\n<p>- SpO2: \u00b1 3% (para satura\u00e7\u00e3o entre 70% e 100%)<\/p>\n<p>- Taxa de pulso: \u00b1 2 bpm<\/p>\n<p>- Dimens\u00f5es: 60 x 33 x 30 mm<\/p>\n<p>- Peso: 35 g (incluindo as baterias)<\/p>\n<p>- Fonte de alimenta\u00e7\u00e3o: 2 pilhas alcalinas AAA<\/p>","protected":false},"featured_media":11903,"template":"","meta":{"_acf_changed":false,"wds_primary_product_brand":0,"wds_primary_product_cat":0,"_wordproof_timestamp":false},"product_brand":[],"product_cat":[113,78],"product_tag":[],"class_list":{"0":"post-11918","1":"product","2":"type-product","3":"status-publish","4":"has-post-thumbnail","6":"product_cat-device","7":"product_cat-digitaltwin","9":"first","10":"instock","11":"shipping-taxable","12":"purchasable","13":"product-type-simple"},"acf":[],"_links":{"self":[{"href":"https:\/\/kliniksanktmoritz.ch\/pt\/wp-json\/wp\/v2\/product\/11918","targetHints":{"allow":["GET"]}}],"collection":[{"href":"https:\/\/kliniksanktmoritz.ch\/pt\/wp-json\/wp\/v2\/product"}],"about":[{"href":"https:\/\/kliniksanktmoritz.ch\/pt\/wp-json\/wp\/v2\/types\/product"}],"wp:featuredmedia":[{"embeddable":true,"href":"https:\/\/kliniksanktmoritz.ch\/pt\/wp-json\/wp\/v2\/media\/11903"}],"wp:attachment":[{"href":"https:\/\/kliniksanktmoritz.ch\/pt\/wp-json\/wp\/v2\/media?parent=11918"}],"wp:term":[{"taxonomy":"product_brand","embeddable":true,"href":"https:\/\/kliniksanktmoritz.ch\/pt\/wp-json\/wp\/v2\/product_brand?post=11918"},{"taxonomy":"product_cat","embeddable":true,"href":"https:\/\/kliniksanktmoritz.ch\/pt\/wp-json\/wp\/v2\/product_cat?post=11918"},{"taxonomy":"product_tag","embeddable":true,"href":"https:\/\/kliniksanktmoritz.ch\/pt\/wp-json\/wp\/v2\/product_tag?post=11918"}],"curies":[{"name":"wp","href":"https:\/\/api.w.org\/{rel}","templated":true}]}}