{"id":11919,"date":"2024-08-24T15:54:06","date_gmt":"2024-08-24T14:54:06","guid":{"rendered":"https:\/\/kliniksanktmoritz.ch\/?post_type=product&#038;p=11919"},"modified":"2024-09-01T11:40:09","modified_gmt":"2024-09-01T10:40:09","slug":"saturimetro-o2ring-adulti","status":"publish","type":"product","link":"https:\/\/kliniksanktmoritz.ch\/pt\/produto\/saturimetro-o2ring-adulti\/","title":{"rendered":"Saturimetro O2Ring - Adulti"},"content":{"rendered":"","protected":false},"excerpt":{"rendered":"<p>**O2Ring: Um ox\u00edmetro de pulso vest\u00edvel, adapt\u00e1vel e confi\u00e1vel**<\/p>\n<p>O O2Ring \u00e9 um ox\u00edmetro de pulso port\u00e1til inovador projetado para monitorar a frequ\u00eancia card\u00edaca, a satura\u00e7\u00e3o de oxig\u00eanio e o \u00edndice de perfus\u00e3o.<\/p>\n<p>**O que \u00e9 o \u00cdndice de Perfus\u00e3o (PI)?<br \/>\nO \u00cdndice de Perfus\u00e3o \u00e9 um valor num\u00e9rico que indica a intensidade do pulso no local do sensor. \u00c9 um valor relativo que varia de paciente para paciente e dependendo de onde o sensor \u00e9 colocado. Um valor de PI acima de 4% \u00e9 considerado confi\u00e1vel para medi\u00e7\u00e3o.<\/p>\n<p>**Aplica\u00e7\u00f5es cl\u00ednicas: Por que monitorar o PI \u00e9 importante**<br \/>\n- A parte do corpo com o valor PI mais alto \u00e9 o ponto ideal para a detec\u00e7\u00e3o dos par\u00e2metros de SpO2 e BPM, garantindo melhor desempenho mesmo quando o paciente se movimenta.<br \/>\n- Detecta facilmente altera\u00e7\u00f5es nas condi\u00e7\u00f5es fisiol\u00f3gicas.<br \/>\n- Fornece uma verifica\u00e7\u00e3o superficial da influ\u00eancia do sistema nervoso simp\u00e1tico no t\u00f4nus muscular.<\/p>\n<p>**Monitore os n\u00edveis de oxig\u00eanio a qualquer hora, em qualquer lugar<br \/>\n- Confort\u00e1vel de usar<br \/>\n- Registra os n\u00edveis de oxig\u00eanio e a frequ\u00eancia card\u00edaca<br \/>\n- Vibra se forem detectados baixos n\u00edveis de SpO2<br \/>\n- Bateria recarreg\u00e1vel para uso durante a noite<br \/>\n- Sincroniza\u00e7\u00e3o em tempo real com o aplicativo via Bluetooth<\/p>\n<p>**Registro do n\u00edvel de oxig\u00eanio noturno<br \/>\nDurante o sono, se forem detectados baixos n\u00edveis de satura\u00e7\u00e3o ou uma frequ\u00eancia card\u00edaca anormal, o O2Ring vibrar\u00e1 imediatamente para alert\u00e1-lo. Ap\u00f3s a sincroniza\u00e7\u00e3o com o aplicativo de grava\u00e7\u00e3o, voc\u00ea pode visualizar tend\u00eancias e an\u00e1lises.<\/p>\n<p>**Aplicativo<br \/>\nO ox\u00edmetro O2Ring se conecta a um aplicativo de smartphone gratuito e inovador, projetado para funcionar com v\u00e1rios dispositivos m\u00e9dicos. Ele pode medir a temperatura, a press\u00e3o arterial, a frequ\u00eancia card\u00edaca, os componentes corporais, a satura\u00e7\u00e3o, o ECG, o sono, o a\u00e7\u00facar no sangue, a atividade f\u00edsica e muito mais, sem configura\u00e7\u00f5es complexas. Dispon\u00edvel em 10 idiomas (ingl\u00eas, franc\u00eas, italiano, espanhol, alem\u00e3o, holand\u00eas, grego, portugu\u00eas, romeno e polon\u00eas).<\/p>\n<p>**Equipamento padr\u00e3o<br \/>\n- Cabo de carregamento e transfer\u00eancia de dados<br \/>\n- Manual em ingl\u00eas (o software pode ser baixado on-line)<\/p>\n<p>**Informa\u00e7\u00f5es t\u00e9cnicas**<br \/>\n**Satura\u00e7\u00e3o de oxig\u00eanio<br \/>\n- Faixa: 70-99%<br \/>\n- Precis\u00e3o: 80-99%: \u00b12%, 70-79%: \u00b13%<\/p>\n<p>**Frequ\u00eancia card\u00edaca<br \/>\n- Faixa: 30 a 250 bpm - \u00b12 bpm ou \u00b12%<\/p>\n<p>**Configura\u00e7\u00f5es de vibra\u00e7\u00e3o**: baixa satura\u00e7\u00e3o, frequ\u00eancia card\u00edaca alta\/baixa<br \/>\n**Par\u00e2metros registrados**: satura\u00e7\u00e3o, frequ\u00eancia card\u00edaca, exerc\u00edcio<br \/>\n**Peso**: 15 g<br \/>\n**Dimens\u00f5es**: Dispositivo 38x30x38 mm; Anel 50-82 mm<br \/>\n**Mem\u00f3ria embutida**: 4 grava\u00e7\u00f5es, at\u00e9 10 horas por grava\u00e7\u00e3o<br \/>\n**Bateria**: l\u00edtio recarreg\u00e1vel de 3,7 Vdc<br \/>\n**Tempo de uso**: 12-16 horas<br \/>\n**Tempo de carregamento**: 2-3 horas<br \/>\n**Sem fio**: Bluetooth 4.0 BLE<br \/>\n**Compatibilidade**: iOS 9.0+; Android 5.0+<\/p>\n<p>**Prote\u00e7\u00e3o**<br \/>\n- Choque el\u00e9trico: Tipo BF<br \/>\n- Eletromagn\u00e9tico: Grupo I, Classe B<br \/>\n- Poeira e \u00e1gua: IP24<\/p>\n<p>&nbsp;<\/p>\n<p>Informa\u00e7\u00f5es gerais<br \/>\nO O2Ring \u00e9 um inovador saturimetro indossabile, adattabile e affidabile, realizado para monitorar o ritmo card\u00edaco, a satura\u00e7\u00e3o do oxig\u00eanio e o \u00edndice de perfus\u00e3o.<\/p>\n<p>O que \u00e9 o \u00cdndice de Perfus\u00e3o?<br \/>\nO PI \u00e9 um valor num\u00e9rico que indica a intensidade da pulsa\u00e7\u00e3o no ponto em que o sensor est\u00e1 posicionado. \u00c9 um valor relativo que varia de paciente para paciente e com base na zona em que o sensor est\u00e1 posicionado. Para valores superiores a 4%, a medi\u00e7\u00e3o \u00e9 considerada atend\u00edvel.<\/p>\n<p>Aplica\u00e7\u00f5es cl\u00ednicas: import\u00e2ncia do monitoramento da PI<br \/>\n- O ponto do corpo em que se encontra o valor mais elevado de PI \u00e9 o local ideal para a avalia\u00e7\u00e3o dos par\u00e2metros de SpO2 e BPM. O desempenho \u00e9 melhor tamb\u00e9m em caso de movimento do paciente.<br \/>\n- Controle f\u00e1cil de eventuais mudan\u00e7as nas condi\u00e7\u00f5es fisiol\u00f3gicas<br \/>\n- Controle superficial do sistema nervoso simp\u00e1tico que influencia o t\u00f4nus muscular<\/p>\n<p>Controla o n\u00edvel de oxig\u00eanio onde voc\u00ea est\u00e1, quando voc\u00ea est\u00e1<br \/>\n- confort\u00e1vel<br \/>\n- registra o n\u00edvel de oxig\u00eanio e o ritmo card\u00edaco<br \/>\n- vibra\u00e7\u00e3o em caso de baixo n\u00edvel de SpO2<br \/>\n- Bateria ricaricabile per l'utilizzo notturno<br \/>\n- sincroniza\u00e7\u00e3o em tempo real com o aplicativo via Bluetooth<\/p>\n<p>Registro do n\u00edvel de ossifica\u00e7\u00e3o noturno<br \/>\nDurante o som, sempre que houver um n\u00edvel baixo de satura\u00e7\u00e3o ou um batimento card\u00edaco anormal, o O2Ring vibrar\u00e1 imediatamente avisando. Depois de sincronizar o aplicativo de registro, \u00e9 poss\u00edvel visualizar as tend\u00eancias e as an\u00e1lises.<\/p>\n<p>Aplicativo<br \/>\nO saturimetro O2Ring conecta-se ao App, um aplicativo inovador e gratuito para smartphone, desenvolvido para funcionar com diversos e m\u00faltiplos dispositivos m\u00e9dicos capazes de medir temperatura, press\u00e3o arterial, frequ\u00eancia card\u00edaca, peso e componentes corporais, satura\u00e7\u00e3o, ECG, sonografia, glicemia e atividade f\u00edsica e muito mais, peso e componentes corp\u00f3reos, satura\u00e7\u00e3o, ECG, som, glicemia, atividade f\u00edsica e muito mais, sem configura\u00e7\u00f5es ou imposi\u00e7\u00f5es complexas, e dispon\u00edvel em 10 idiomas (GB, FR, IT, ES, DE, NL, GR, PT, RO, PL).<br \/>\nDota\u00e7\u00e3o padr\u00e3o<br \/>\n- Cavo para coleta e verifica\u00e7\u00e3o de dados<br \/>\n- Manual: GB (o software pode ser baixado on-line)<\/p>\n<p>Informa\u00e7\u00f5es t\u00e9cnicas<br \/>\nSatura\u00e7\u00e3o<br \/>\n- Faixa: 70-99%<br \/>\n- Precis\u00e3o: 80-99%: \u00b12%, 70-79%: \u00b13%<\/p>\n<p>Frequ\u00eancia card\u00edaca<br \/>\n- Faixa: da 30 a 250 bpm - \u00b12 bpm o \u00b12%<\/p>\n<p>- Imposta\u00e7\u00e3o de vibra\u00e7\u00e3o: baixa satura\u00e7\u00e3o, alta\/baixa frequ\u00eancia card\u00edaca<br \/>\n- Par\u00e2metros de registro: satura\u00e7\u00e3o, frequ\u00eancia card\u00edaca, exerc\u00edcio<br \/>\n- Peso: 15 g<br \/>\n- Dimens\u00f5es: dispositivo 38x30x38 mm; anel 50-82 mm<br \/>\n- Mem\u00f3ria integrada: 4 registros, at\u00e9 10 horas por registro<br \/>\n- Bateria: ricaricabile al litio 3.7 Vdc<br \/>\n- Tempo de uso: 12-16 horas<br \/>\n- Tempo de coleta: 2-3 horas<br \/>\n- Sem fio: Bluetooth 4.0 BLE<br \/>\n- Compatibilidade: iOS 9.0+; Android 5.0+<\/p>\n<p>Prote\u00e7\u00e3o<br \/>\n- Choque el\u00e9trico: Tipo BF<br \/>\n- Elettromagn\u00e9tica: Grupo I, Classe B<br \/>\n- Polaridade e \u00e1gua: IP24<\/p>","protected":false},"featured_media":11905,"template":"","meta":{"_acf_changed":false,"wds_primary_product_brand":0,"wds_primary_product_cat":0,"_wordproof_timestamp":false},"product_brand":[],"product_cat":[113,78],"product_tag":[],"class_list":{"0":"post-11919","1":"product","2":"type-product","3":"status-publish","4":"has-post-thumbnail","6":"product_cat-device","7":"product_cat-digitaltwin","9":"first","10":"instock","11":"shipping-taxable","12":"purchasable","13":"product-type-simple"},"acf":[],"_links":{"self":[{"href":"https:\/\/kliniksanktmoritz.ch\/pt\/wp-json\/wp\/v2\/product\/11919","targetHints":{"allow":["GET"]}}],"collection":[{"href":"https:\/\/kliniksanktmoritz.ch\/pt\/wp-json\/wp\/v2\/product"}],"about":[{"href":"https:\/\/kliniksanktmoritz.ch\/pt\/wp-json\/wp\/v2\/types\/product"}],"wp:featuredmedia":[{"embeddable":true,"href":"https:\/\/kliniksanktmoritz.ch\/pt\/wp-json\/wp\/v2\/media\/11905"}],"wp:attachment":[{"href":"https:\/\/kliniksanktmoritz.ch\/pt\/wp-json\/wp\/v2\/media?parent=11919"}],"wp:term":[{"taxonomy":"product_brand","embeddable":true,"href":"https:\/\/kliniksanktmoritz.ch\/pt\/wp-json\/wp\/v2\/product_brand?post=11919"},{"taxonomy":"product_cat","embeddable":true,"href":"https:\/\/kliniksanktmoritz.ch\/pt\/wp-json\/wp\/v2\/product_cat?post=11919"},{"taxonomy":"product_tag","embeddable":true,"href":"https:\/\/kliniksanktmoritz.ch\/pt\/wp-json\/wp\/v2\/product_tag?post=11919"}],"curies":[{"name":"wp","href":"https:\/\/api.w.org\/{rel}","templated":true}]}}