{"id":11920,"date":"2024-08-24T15:55:18","date_gmt":"2024-08-24T14:55:18","guid":{"rendered":"https:\/\/kliniksanktmoritz.ch\/?post_type=product&#038;p=11920"},"modified":"2024-10-01T18:48:20","modified_gmt":"2024-10-01T17:48:20","slug":"sfigmomanometro-digital-gima-bluetooth","status":"publish","type":"product","link":"https:\/\/kliniksanktmoritz.ch\/pt\/produto\/sfigmomanometro-digital-gima-bluetooth\/","title":{"rendered":"Sfigmoman\u00f4metro digital GIMA Bluetooth"},"content":{"rendered":"","protected":false},"excerpt":{"rendered":"<p>Informa\u00e7\u00f5es gerais<\/p>\n<p>&nbsp;<\/p>\n<p>O monitor digital de press\u00e3o arterial GIMA Bluetooth apresenta uma tecnologia inovadora sem c\u00e2mara e um design superfino. Ele mede a press\u00e3o arterial e a frequ\u00eancia card\u00edaca, al\u00e9m de detectar batimentos card\u00edacos irregulares e movimentos corporais excessivos.<\/p>\n<p>&nbsp;<\/p>\n<p>- Tela LCD grande (86\u00d724 mm) com visor com luz de fundo azul<\/p>\n<p>- Punho confort\u00e1vel para circunfer\u00eancia do bra\u00e7o de 22\u00d742 cm (exterior de n\u00e1ilon, interior de poli\u00e9ster para contato com a pele)<\/p>\n<p>- Exibe data, hora e indicador de bateria fraca<\/p>\n<p>- Armazenamento de mem\u00f3ria para 2 usu\u00e1rios<\/p>\n<p>&nbsp;<\/p>\n<p>Compatibilidade de aplicativos<\/p>\n<p>O monitor digital de press\u00e3o arterial GIMA se conecta ao App, um aplicativo gratuito para smartphone projetado para funcionar com v\u00e1rios dispositivos m\u00e9dicos. Ele mede a temperatura, a press\u00e3o arterial, a frequ\u00eancia card\u00edaca, o peso, a composi\u00e7\u00e3o corporal, a satura\u00e7\u00e3o de oxig\u00eanio (SpO2), o ECG, o sono, o a\u00e7\u00facar no sangue, a atividade f\u00edsica e muito mais, tudo isso sem configura\u00e7\u00f5es complicadas. Dispon\u00edvel em 10 idiomas (GB, FR, IT, ES, DE, NL, GR, PT, RO, PL).<\/p>\n<p>&nbsp;<\/p>\n<p>Compatibilidade com dispositivos:<\/p>\n<p>- Dispositivos iOS: Requer iOS 8 ou posterior<\/p>\n<p>- Dispositivos Android: Requer Android 4.3 ou posterior<\/p>\n<p>&nbsp;<\/p>\n<p>Compatibilidade da plataforma de telemedicina:<\/p>\n<p>- iTEL<\/p>\n<p>- Plataforma de sa\u00fade CGM<\/p>\n<p>&nbsp;<\/p>\n<p>Informa\u00e7\u00f5es t\u00e9cnicas:<\/p>\n<p>- Dimens\u00f5es: 131 x 72 x 29,4 mm<\/p>\n<p>- Detec\u00e7\u00e3o de batimentos card\u00edacos irregulares<\/p>\n<p>- Detec\u00e7\u00e3o de movimento corporal<\/p>\n<p>- Mem\u00f3ria: Armazena 60 leituras por usu\u00e1rio (2 usu\u00e1rios)<\/p>\n<p>- M\u00e9todo de medi\u00e7\u00e3o: Oscilom\u00e9trico<\/p>\n<p>- Faixa de medi\u00e7\u00e3o: 0-299 mmHg<\/p>\n<p>- Press\u00e3o arterial: SYS 60-230 mmHg; DIA 40-130 mmHg; Pulso: 40-199 bpm<\/p>\n<p>- Bot\u00f5es f\u00edsicos: Usu\u00e1rio 1, Usu\u00e1rio 2, Consulta, Alimenta\u00e7\u00e3o<\/p>\n<p>- Fonte de alimenta\u00e7\u00e3o: Bateria interna recarreg\u00e1vel de pol\u00edmero de l\u00edtio (3,7V, 1000mAh)<\/p>\n<p>- Dura\u00e7\u00e3o da bateria: 2 anos<\/p>\n<p>- Capacidade de carga: At\u00e9 300 leituras por carga<\/p>\n<p>- Carregador de rede el\u00e9trica (inclu\u00eddo): Entrada 100-240V, 50-60Hz<\/p>","protected":false},"featured_media":11910,"template":"","meta":{"_acf_changed":false,"wds_primary_product_brand":0,"wds_primary_product_cat":0,"_wordproof_timestamp":false},"product_brand":[],"product_cat":[113,78],"product_tag":[],"class_list":{"0":"post-11920","1":"product","2":"type-product","3":"status-publish","4":"has-post-thumbnail","6":"product_cat-device","7":"product_cat-digitaltwin","9":"first","10":"instock","11":"shipping-taxable","12":"purchasable","13":"product-type-simple"},"acf":[],"_links":{"self":[{"href":"https:\/\/kliniksanktmoritz.ch\/pt\/wp-json\/wp\/v2\/product\/11920","targetHints":{"allow":["GET"]}}],"collection":[{"href":"https:\/\/kliniksanktmoritz.ch\/pt\/wp-json\/wp\/v2\/product"}],"about":[{"href":"https:\/\/kliniksanktmoritz.ch\/pt\/wp-json\/wp\/v2\/types\/product"}],"wp:featuredmedia":[{"embeddable":true,"href":"https:\/\/kliniksanktmoritz.ch\/pt\/wp-json\/wp\/v2\/media\/11910"}],"wp:attachment":[{"href":"https:\/\/kliniksanktmoritz.ch\/pt\/wp-json\/wp\/v2\/media?parent=11920"}],"wp:term":[{"taxonomy":"product_brand","embeddable":true,"href":"https:\/\/kliniksanktmoritz.ch\/pt\/wp-json\/wp\/v2\/product_brand?post=11920"},{"taxonomy":"product_cat","embeddable":true,"href":"https:\/\/kliniksanktmoritz.ch\/pt\/wp-json\/wp\/v2\/product_cat?post=11920"},{"taxonomy":"product_tag","embeddable":true,"href":"https:\/\/kliniksanktmoritz.ch\/pt\/wp-json\/wp\/v2\/product_tag?post=11920"}],"curies":[{"name":"wp","href":"https:\/\/api.w.org\/{rel}","templated":true}]}}