{"id":11921,"date":"2024-08-24T15:57:19","date_gmt":"2024-08-24T14:57:19","guid":{"rendered":"https:\/\/kliniksanktmoritz.ch\/?post_type=product&#038;p=11921"},"modified":"2024-10-01T18:46:46","modified_gmt":"2024-10-01T17:46:46","slug":"unidade-por-pressao-de-medicao","status":"publish","type":"product","link":"https:\/\/kliniksanktmoritz.ch\/pt\/produto\/unidade-por-pressao-de-medicao\/","title":{"rendered":"Unidade de press\u00e3o de medi\u00e7\u00e3o"},"content":{"rendered":"","protected":false},"excerpt":{"rendered":"<p>Informa\u00e7\u00f5es gerais<\/p>\n<p>&nbsp;<\/p>\n<p>Esse \u00e9 um dispositivo port\u00e1til inteligente para medir a press\u00e3o arterial.<\/p>\n<p>&nbsp;<\/p>\n<p>- Uma carga de bateria fornece at\u00e9 1.000 medi\u00e7\u00f5es<\/p>\n<p>- F\u00e1cil de usar, dur\u00e1vel e robusto<\/p>\n<p>- Medi\u00e7\u00f5es de n\u00edvel profissional<\/p>\n<p>- Funciona perfeitamente com seu smartphone<\/p>\n<p>- Coluna de merc\u00fario virtual em tempo real no aplicativo durante a medi\u00e7\u00e3o<\/p>\n<p>- Forma de onda da frequ\u00eancia card\u00edaca em tempo real<\/p>\n<p>- Oferece suporte ao gerenciamento de v\u00e1rios pacientes<\/p>\n<p>- Registro de dados ilimitado<\/p>\n<p>&nbsp;<\/p>\n<p>Leituras:<\/p>\n<p>- Press\u00e3o sist\u00f3lica, press\u00e3o diast\u00f3lica, frequ\u00eancia card\u00edaca<\/p>\n<p>- Press\u00e3o de pulso, PAM (press\u00e3o arterial m\u00e9dia)<\/p>\n<p>- Detec\u00e7\u00e3o de batimentos card\u00edacos irregulares<\/p>\n<p>&nbsp;<\/p>\n<p>O pacote padr\u00e3o inclui:<\/p>\n<p>- Manguito de press\u00e3o arterial<\/p>\n<p>- Cabo de carregamento<\/p>\n<p>- Manual multil\u00edngue (GB, FR, IT, ES, DE)<\/p>\n<p>&nbsp;<\/p>\n<p>Informa\u00e7\u00f5es t\u00e9cnicas:<\/p>\n<p>- Tamanho do manguito: Circunfer\u00eancia do bra\u00e7o 22-42 cm<\/p>\n<p>- Sem fio: Bluetooth 4.0 BLE<\/p>\n<p>- Entrada de carregamento: Micro USB, 5V DC<\/p>\n<p>- Dura\u00e7\u00e3o da bateria: 1.000 medi\u00e7\u00f5es, recarreg\u00e1vel<\/p>\n<p>- Faixa de medi\u00e7\u00e3o de press\u00e3o: 0-300 mmHg \u00b13 mmHg<\/p>\n<p>- Faixa de frequ\u00eancia card\u00edaca: 40-200 bpm \u00b12 bpm<\/p>\n<p>- Compatibilidade com aplicativos m\u00f3veis:<\/p>\n<p>- iOS: iOS 9.0 ou superior, iPhone 4s\/iPad 3 ou superior<\/p>\n<p>- Android: Android 4.4 ou superior, com Bluetooth 4.0 BLE<\/p>\n<p>- Dimens\u00f5es: 68\u00d720 mm (m\u00f3dulo)<\/p>\n<p>- Peso: 30g (m\u00f3dulo)<\/p>\n<p>- Precis\u00e3o cl\u00ednica: Em conformidade com a norma IEC 80601-2-30<\/p>","protected":false},"featured_media":11914,"template":"","meta":{"_acf_changed":false,"wds_primary_product_brand":0,"wds_primary_product_cat":0,"_wordproof_timestamp":false},"product_brand":[],"product_cat":[113,78,69],"product_tag":[],"class_list":{"0":"post-11921","1":"product","2":"type-product","3":"status-publish","4":"has-post-thumbnail","6":"product_cat-device","7":"product_cat-digitaltwin","8":"product_cat-uncategorized","10":"first","11":"instock","12":"shipping-taxable","13":"purchasable","14":"product-type-simple"},"acf":[],"_links":{"self":[{"href":"https:\/\/kliniksanktmoritz.ch\/pt\/wp-json\/wp\/v2\/product\/11921","targetHints":{"allow":["GET"]}}],"collection":[{"href":"https:\/\/kliniksanktmoritz.ch\/pt\/wp-json\/wp\/v2\/product"}],"about":[{"href":"https:\/\/kliniksanktmoritz.ch\/pt\/wp-json\/wp\/v2\/types\/product"}],"wp:featuredmedia":[{"embeddable":true,"href":"https:\/\/kliniksanktmoritz.ch\/pt\/wp-json\/wp\/v2\/media\/11914"}],"wp:attachment":[{"href":"https:\/\/kliniksanktmoritz.ch\/pt\/wp-json\/wp\/v2\/media?parent=11921"}],"wp:term":[{"taxonomy":"product_brand","embeddable":true,"href":"https:\/\/kliniksanktmoritz.ch\/pt\/wp-json\/wp\/v2\/product_brand?post=11921"},{"taxonomy":"product_cat","embeddable":true,"href":"https:\/\/kliniksanktmoritz.ch\/pt\/wp-json\/wp\/v2\/product_cat?post=11921"},{"taxonomy":"product_tag","embeddable":true,"href":"https:\/\/kliniksanktmoritz.ch\/pt\/wp-json\/wp\/v2\/product_tag?post=11921"}],"curies":[{"name":"wp","href":"https:\/\/api.w.org\/{rel}","templated":true}]}}