{"id":11922,"date":"2024-08-24T15:58:44","date_gmt":"2024-08-24T14:58:44","guid":{"rendered":"https:\/\/kliniksanktmoritz.ch\/?post_type=product&#038;p=11922"},"modified":"2024-10-01T18:44:56","modified_gmt":"2024-10-01T17:44:56","slug":"omron-m4-intelli-it","status":"publish","type":"product","link":"https:\/\/kliniksanktmoritz.ch\/pt\/produto\/omron-m4-intelli-it\/","title":{"rendered":"Omron M4 Intelli IT"},"content":{"rendered":"","protected":false},"excerpt":{"rendered":"<p>Informa\u00e7\u00f5es gerais<\/p>\n<p>&nbsp;<\/p>\n<p>O monitor de press\u00e3o arterial OMRON M4 Intelli IT simplifica o monitoramento dom\u00e9stico da hipertens\u00e3o. Ele transfere automaticamente suas leituras para seu smartphone via Bluetooth e tamb\u00e9m pode ser usado com o Alexa.<\/p>\n<p>&nbsp;<\/p>\n<p>\u00c9 f\u00e1cil obter resultados precisos. Basta enrolar o manguito do Intelli Wrap ao redor do bra\u00e7o e o dispositivo o guiar\u00e1 para garantir que ele esteja posicionado corretamente. Para obter uma leitura precisa, \u00e9 importante permanecer im\u00f3vel, mas se voc\u00ea se mover, o detector de movimento corporal o alertar\u00e1 sobre qualquer movimento que possa afetar os resultados.<\/p>\n<p>&nbsp;<\/p>\n<p>As leituras da press\u00e3o arterial s\u00e3o exibidas na tela LCD grande, juntamente com a frequ\u00eancia card\u00edaca e os indicadores de press\u00e3o alta ou batimentos card\u00edacos irregulares.<\/p>\n<p>&nbsp;<\/p>\n<p>Para monitorar sua press\u00e3o arterial ao longo do tempo, voc\u00ea pode armazenar todas as leituras em seu smartphone usando o aplicativo OMRON connect.<\/p>\n<p>&nbsp;<\/p>\n<p>O OMRON M4 Intelli IT possui conectividade Bluetooth, garantindo que seus resultados sejam atualizados automaticamente no aplicativo. Voc\u00ea pode at\u00e9 mesmo pedir \u00e0 Alexa sua \u00faltima leitura de press\u00e3o arterial ou comparar as m\u00e9dias ao longo do tempo.<\/p>\n<p>&nbsp;<\/p>\n<p>Este dispositivo faz parte do sistema inteligente da OMRON, que ajuda a apoiar a sa\u00fade do cora\u00e7\u00e3o. O aplicativo OMRON connect conecta os monitores de press\u00e3o arterial OMRON com o VIVA, um monitor de composi\u00e7\u00e3o corporal inteligente, para lhe dar uma melhor compreens\u00e3o dos fatores que afetam a sa\u00fade do cora\u00e7\u00e3o.<\/p>\n<p>&nbsp;<\/p>\n<p>O pacote padr\u00e3o inclui:<\/p>\n<p>- Monitor de press\u00e3o arterial OMRON M4 Intelli IT<\/p>\n<p>- Manguito Intelli Wrap (22-42 cm)<\/p>\n<p>- Manuais de instru\u00e7\u00f5es 1 e 2<\/p>\n<p>- Instru\u00e7\u00f5es de configura\u00e7\u00e3o<\/p>\n<p>- Baterias e estojo de transporte<\/p>\n<p>&nbsp;<\/p>\n<p>Informa\u00e7\u00f5es t\u00e9cnicas:<\/p>\n<p>- Tipo de dispositivo: Monitor de press\u00e3o arterial do bra\u00e7o<\/p>\n<p>- Tipo de manguito: Manguito Intelli Wrap (22-42 cm)<\/p>\n<p>- Mem\u00f3ria: 2 usu\u00e1rios x 60 leituras<\/p>\n<p>- Guia de posicionamento do manguito: Sim<\/p>\n<p>- Indicador colorido de hipertens\u00e3o f\u00e1cil de ler: Sim<\/p>\n<p>- Detec\u00e7\u00e3o de batimentos card\u00edacos irregulares: Sim<\/p>\n<p>- Detec\u00e7\u00e3o de movimento corporal: Sim<\/p>\n<p>- Valida\u00e7\u00e3o: Clinicamente validado, adequado para diabetes e gravidez<\/p>\n<p>- Tecnologia IntelliSense: Sim<\/p>\n<p>- Estojo de transporte inclu\u00eddo: Sim<\/p>\n<p>- Uso profissional ou pelo consumidor: Consumidor<\/p>\n<p>- Conectividade: Bluetooth habilitado<\/p>\n<p>- Compatibilidade com aplicativos m\u00f3veis: Funciona com o aplicativo OMRON connect<\/p>\n<p>- Peso: 0,34 kg<\/p>\n<p>- Dimens\u00f5es: 105 x 152 x 85 mm<\/p>","protected":false},"featured_media":11897,"template":"","meta":{"_acf_changed":false,"wds_primary_product_brand":0,"wds_primary_product_cat":0,"_wordproof_timestamp":false},"product_brand":[],"product_cat":[113,78],"product_tag":[],"class_list":{"0":"post-11922","1":"product","2":"type-product","3":"status-publish","4":"has-post-thumbnail","6":"product_cat-device","7":"product_cat-digitaltwin","9":"first","10":"instock","11":"shipping-taxable","12":"purchasable","13":"product-type-simple"},"acf":[],"_links":{"self":[{"href":"https:\/\/kliniksanktmoritz.ch\/pt\/wp-json\/wp\/v2\/product\/11922","targetHints":{"allow":["GET"]}}],"collection":[{"href":"https:\/\/kliniksanktmoritz.ch\/pt\/wp-json\/wp\/v2\/product"}],"about":[{"href":"https:\/\/kliniksanktmoritz.ch\/pt\/wp-json\/wp\/v2\/types\/product"}],"wp:featuredmedia":[{"embeddable":true,"href":"https:\/\/kliniksanktmoritz.ch\/pt\/wp-json\/wp\/v2\/media\/11897"}],"wp:attachment":[{"href":"https:\/\/kliniksanktmoritz.ch\/pt\/wp-json\/wp\/v2\/media?parent=11922"}],"wp:term":[{"taxonomy":"product_brand","embeddable":true,"href":"https:\/\/kliniksanktmoritz.ch\/pt\/wp-json\/wp\/v2\/product_brand?post=11922"},{"taxonomy":"product_cat","embeddable":true,"href":"https:\/\/kliniksanktmoritz.ch\/pt\/wp-json\/wp\/v2\/product_cat?post=11922"},{"taxonomy":"product_tag","embeddable":true,"href":"https:\/\/kliniksanktmoritz.ch\/pt\/wp-json\/wp\/v2\/product_tag?post=11922"}],"curies":[{"name":"wp","href":"https:\/\/api.w.org\/{rel}","templated":true}]}}