{"id":11923,"date":"2024-08-24T15:59:56","date_gmt":"2024-08-24T14:59:56","guid":{"rendered":"https:\/\/kliniksanktmoritz.ch\/?post_type=product&#038;p=11923"},"modified":"2024-09-01T11:37:56","modified_gmt":"2024-09-01T10:37:56","slug":"sfigmomanometro-digital-omron-evolv","status":"publish","type":"product","link":"https:\/\/kliniksanktmoritz.ch\/pt\/produto\/sfigmomanometro-digital-omron-evolv\/","title":{"rendered":"Sfigmoman\u00f4metro digital OMRON EVOLV"},"content":{"rendered":"","protected":false},"excerpt":{"rendered":"<p>**Informa\u00e7\u00f5es gerais**<br \/>\nApresentamos um novo monitor de press\u00e3o arterial de bra\u00e7o tudo em um, f\u00e1cil de usar.<\/p>\n<p>Projetado para medi\u00e7\u00f5es precisas com o manguito em qualquer posi\u00e7\u00e3o na parte superior do bra\u00e7o e para monitorar o progresso via smartphone.<\/p>\n<p>- Monitor de press\u00e3o arterial de bra\u00e7o tudo em um**: sem tubos ou fios, apenas resultados precisos<br \/>\n- Tecnologia Intellisense**: o manguito infla at\u00e9 o n\u00edvel ideal automaticamente<br \/>\n- Manguito Intelli Wrap**: para leituras f\u00e1ceis e precisas<br \/>\n- Validado clinicamente**: confiabilidade e precis\u00e3o comprovadas por testes rigorosos realizados pelas principais organiza\u00e7\u00f5es de sa\u00fade<br \/>\n- Guia de enrolamento do manguito**: indica se o manguito est\u00e1 enrolado corretamente e n\u00e3o est\u00e1 muito frouxo ou muito apertado<br \/>\n- **OMRON connect app**: conecta-se e fornece acesso a qualquer momento, mostrando o progresso.<\/p>\n<p>Aplicativo m\u00f3vel dispon\u00edvel para iPhone\/Android\u2122.<br \/>\nFabricado no Jap\u00e3o.<\/p>\n<p>Com os manguitos padr\u00e3o, 1 em cada 3 pacientes mede sua press\u00e3o arterial incorretamente.<br \/>\nA tecnologia EVOLV Intelli Wrap garante precis\u00e3o de 360\u00b0 em qualquer posi\u00e7\u00e3o ao redor do bra\u00e7o.<\/p>\n<p>O EVOLV pode sincronizar as leituras com o seu smartphone para registrar resultados, monitorar o progresso e obter uma compreens\u00e3o mais profunda da sua sa\u00fade. Verifique a lista de smartphones compat\u00edveis em omronconnect.com\/emea\/it_def<\/p>\n<p>**Equipamento padr\u00e3o<br \/>\nVem com baterias, um estojo de transporte e manuais.<\/p>\n<p>**Informa\u00e7\u00f5es t\u00e9cnicas**<br \/>\n- Tipo de manguito**: Intelli Wrap Cuff 22-42 cm<br \/>\n- Mem\u00f3ria**: 100 leituras<br \/>\n- Guia de enrolamento do punho**: Sim<br \/>\n- **Detec\u00e7\u00e3o de batimentos card\u00edacos irregulares**: Sim<br \/>\n- **Detec\u00e7\u00e3o de movimento corporal**: Sim<br \/>\n- Valida\u00e7\u00e3o**: Valida\u00e7\u00e3o cl\u00ednica, valida\u00e7\u00e3o de gravidez<br \/>\n- Tecnologia Intellisense**: Sim<br \/>\n- **Preven\u00e7\u00e3o de derrame**: Sim<br \/>\n- **Dimens\u00f5es**: 12 x 17,3 x 12,5 cm<\/p>\n<p>Informa\u00e7\u00f5es gerais<br \/>\nNovo sensor de press\u00e3o de bra\u00e7adeira, f\u00e1cil de usar, \"tudo em um\".<\/p>\n<p>Para realizar tarefas precisas, coloque o suporte em qualquer posi\u00e7\u00e3o na parte superior do suporte e acompanhe o progresso por meio do smartphone.<\/p>\n<p>- Medidor de press\u00e3o de bra\u00e7adeira \"tudo em um\": sem tubos, cavidades, semplicemente preciso<br \/>\n- Tecnologia Intellisense: o bracelete se movimenta no n\u00edvel ideal<br \/>\n- Bracciale Intelli Wrap: para uma escrita f\u00e1cil e precisa<br \/>\n- Clinicamente validado: afidabildade e precis\u00e3o comprovadas por colares de energia guardados por importantes organiza\u00e7\u00f5es do setor de sa\u00fade<br \/>\n- Guia para o envolvimento do braquete: indica se o braquete foi envolvido corretamente e n\u00e3o est\u00e1 muito preso ou muito esticado<br \/>\n- Aplicativo OMRON connect: conex\u00e3o, acesso em qualquer momento, visualiza\u00e7\u00e3o dos progressos.<\/p>\n<p>Aplicativo m\u00f3vel para iPhone\/Android\u2122.<br \/>\nProdu\u00e7\u00e3o giapponesa.<\/p>\n<p>Com os braquiais padr\u00e3o, 1 paciente em cada 3 misura de forma err\u00f4nea a press\u00e3o sangu\u00ednea.<br \/>\nA tecnologia EVOLV Intelli Wrap garante a precis\u00e3o de 360\u00b0 em qualquer posi\u00e7\u00e3o em rela\u00e7\u00e3o \u00e0 parte superior do bracelete.<\/p>\n<p>O EVOLV pode sincronizar as letras no smartphone para registrar os resultados, monitorar o progresso e obter uma compreens\u00e3o mais adequada da pr\u00f3pria sa\u00fade. Veja a lista de smartphones compat\u00edveis em omronconnect.com\/emea\/it_def<br \/>\nDota\u00e7\u00e3o padr\u00e3o<br \/>\nFornecido com baterias, cust\u00f3dia e manuais.<\/p>\n<p>Informa\u00e7\u00f5es t\u00e9cnicas<br \/>\n- Tipo de bra\u00e7adeira: Bra\u00e7adeira Intelli Wrap 22-42 cm<br \/>\n- Mem\u00f3ria: 100 letras<br \/>\n- Guia de desenvolvimento do suporte: S\u00ec<br \/>\n- Rilevamento com batente irregular: S\u00ec<br \/>\n- Rilebamento movimento corpo: S\u00ec<br \/>\n- Valida\u00e7\u00e3o: Valida\u00e7\u00e3o cl\u00ednica, valida\u00e7\u00e3o na gravidez<br \/>\n- Tecnologia Intellisense: S\u00ec<br \/>\n- Preven\u00e7\u00e3o de acidentes: S\u00ec<br \/>\n- Dimens\u00f5es: 12 x 17,3 x 12,5 cm<\/p>","protected":false},"featured_media":11911,"template":"","meta":{"_acf_changed":false,"wds_primary_product_brand":0,"wds_primary_product_cat":0,"_wordproof_timestamp":false},"product_brand":[],"product_cat":[113,78],"product_tag":[],"class_list":{"0":"post-11923","1":"product","2":"type-product","3":"status-publish","4":"has-post-thumbnail","6":"product_cat-device","7":"product_cat-digitaltwin","9":"first","10":"instock","11":"shipping-taxable","12":"purchasable","13":"product-type-simple"},"acf":[],"_links":{"self":[{"href":"https:\/\/kliniksanktmoritz.ch\/pt\/wp-json\/wp\/v2\/product\/11923","targetHints":{"allow":["GET"]}}],"collection":[{"href":"https:\/\/kliniksanktmoritz.ch\/pt\/wp-json\/wp\/v2\/product"}],"about":[{"href":"https:\/\/kliniksanktmoritz.ch\/pt\/wp-json\/wp\/v2\/types\/product"}],"wp:featuredmedia":[{"embeddable":true,"href":"https:\/\/kliniksanktmoritz.ch\/pt\/wp-json\/wp\/v2\/media\/11911"}],"wp:attachment":[{"href":"https:\/\/kliniksanktmoritz.ch\/pt\/wp-json\/wp\/v2\/media?parent=11923"}],"wp:term":[{"taxonomy":"product_brand","embeddable":true,"href":"https:\/\/kliniksanktmoritz.ch\/pt\/wp-json\/wp\/v2\/product_brand?post=11923"},{"taxonomy":"product_cat","embeddable":true,"href":"https:\/\/kliniksanktmoritz.ch\/pt\/wp-json\/wp\/v2\/product_cat?post=11923"},{"taxonomy":"product_tag","embeddable":true,"href":"https:\/\/kliniksanktmoritz.ch\/pt\/wp-json\/wp\/v2\/product_tag?post=11923"}],"curies":[{"name":"wp","href":"https:\/\/api.w.org\/{rel}","templated":true}]}}