{"id":11961,"date":"2024-08-25T04:58:04","date_gmt":"2024-08-25T03:58:04","guid":{"rendered":"https:\/\/kliniksanktmoritz.ch\/?post_type=product&#038;p=11961"},"modified":"2024-08-25T04:59:29","modified_gmt":"2024-08-25T03:59:29","slug":"sfigmomanometro-digital-riester-ri-champion-smart-pro","status":"publish","type":"product","link":"https:\/\/kliniksanktmoritz.ch\/pt\/produto\/sfigmomanometro-digital-riester-ri-champion-smart-pro\/","title":{"rendered":"Sfigmoman\u00f4metro digital Riester Ri-Champion Smart Pro+"},"content":{"rendered":"","protected":false},"excerpt":{"rendered":"<p>Informa\u00e7\u00f5es gerais<br \/>\nO Sfigmoman\u00f4metro digital Riester Ri-Champion Smart Pro+ \u00e9 um dispositivo clinicamente validado, realizado para leituras r\u00e1pidas e confi\u00e1veis. Desempenho avan\u00e7ado de recupera\u00e7\u00e3o de batimentos irregulares: an\u00e1lise das 3 misura\u00e7\u00f5es consecutivas.<br \/>\n- Para uso dom\u00e9stico e profissional.<br \/>\n- R\u00e1pido e silencioso<br \/>\n- 200 miss\u00f5es com 4 baterias AA<br \/>\n- Amplo escaninho de f\u00e1cil leitura<br \/>\n- Conforme EN1060-4<\/p>\n<p>Aplicativo<br \/>\nO sfigmoman\u00f4metro digital Riester Ri-Champion Smart Pro+ conecta-se ao App, um aplicativo inovador gratuito para smartphone, desenvolvido para funcionar com diversos e m\u00faltiplos dispositivos m\u00e9dicos capazes de medir temperatura, press\u00e3o arterial, frequ\u00eancia card\u00edaca, peso e componentes corporais, satura\u00e7\u00e3o, sonografia, glicemia, atividade f\u00edsica e muito mais, frequ\u00eancia card\u00edaca, peso e componentes corporais, satura\u00e7\u00e3o, ECG, som, glicemia, atividade f\u00edsica e muito mais, sem configura\u00e7\u00f5es ou imposi\u00e7\u00f5es complexas, e dispon\u00edvel em 10 idiomas (GB, FR, IT, ES, DE, NL, GR, PT, RO, PL).<br \/>\nDota\u00e7\u00e3o padr\u00e3o<br \/>\nFornito com bra\u00e7adeira para adultos<\/p>\n<p>Informa\u00e7\u00f5es t\u00e9cnicas<br \/>\n- C\u00f3digo Riester: 1735-BT<br \/>\n- Conectividade Bluetooth<br \/>\n- Faixa de medi\u00e7\u00e3o: 40-199 bpm<br \/>\n- Faixa sist\u00f3lica: 60-255 mmHg<br \/>\n- Faixa dist\u00f3lica: 30-195 mmHg<br \/>\n- Faixa de pulsa\u00e7\u00f5es: 40-199 bpm \u00b14%<br \/>\n- Press\u00e3o m\u00e1xima de g\u00e1s: 280 mmHg \u00b13 ou \u00b12%<br \/>\n- Alimenta\u00e7\u00e3o: 4 baterias AA ou alimentador de bobina (opcional)<br \/>\n- Dura\u00e7\u00e3o da bateria: 200 milh\u00f5es de horas<br \/>\n- Mem\u00f3ria: 400 miss\u00f5es<br \/>\n- Dimens\u00f5es. 141 x 121 x 72 mm<br \/>\n- Peso: 350 g<\/p>","protected":false},"featured_media":11962,"template":"","meta":{"_acf_changed":false,"wds_primary_product_brand":0,"wds_primary_product_cat":0,"_wordproof_timestamp":false},"product_brand":[],"product_cat":[113,78],"product_tag":[],"class_list":{"0":"post-11961","1":"product","2":"type-product","3":"status-publish","4":"has-post-thumbnail","6":"product_cat-device","7":"product_cat-digitaltwin","9":"first","10":"instock","11":"shipping-taxable","12":"purchasable","13":"product-type-simple"},"acf":[],"_links":{"self":[{"href":"https:\/\/kliniksanktmoritz.ch\/pt\/wp-json\/wp\/v2\/product\/11961","targetHints":{"allow":["GET"]}}],"collection":[{"href":"https:\/\/kliniksanktmoritz.ch\/pt\/wp-json\/wp\/v2\/product"}],"about":[{"href":"https:\/\/kliniksanktmoritz.ch\/pt\/wp-json\/wp\/v2\/types\/product"}],"wp:featuredmedia":[{"embeddable":true,"href":"https:\/\/kliniksanktmoritz.ch\/pt\/wp-json\/wp\/v2\/media\/11962"}],"wp:attachment":[{"href":"https:\/\/kliniksanktmoritz.ch\/pt\/wp-json\/wp\/v2\/media?parent=11961"}],"wp:term":[{"taxonomy":"product_brand","embeddable":true,"href":"https:\/\/kliniksanktmoritz.ch\/pt\/wp-json\/wp\/v2\/product_brand?post=11961"},{"taxonomy":"product_cat","embeddable":true,"href":"https:\/\/kliniksanktmoritz.ch\/pt\/wp-json\/wp\/v2\/product_cat?post=11961"},{"taxonomy":"product_tag","embeddable":true,"href":"https:\/\/kliniksanktmoritz.ch\/pt\/wp-json\/wp\/v2\/product_tag?post=11961"}],"curies":[{"name":"wp","href":"https:\/\/api.w.org\/{rel}","templated":true}]}}