{"id":11964,"date":"2024-08-25T05:01:17","date_gmt":"2024-08-25T04:01:17","guid":{"rendered":"https:\/\/kliniksanktmoritz.ch\/?post_type=product&#038;p=11964"},"modified":"2024-08-25T05:01:18","modified_gmt":"2024-08-25T04:01:18","slug":"omron-m7-intelli-it-afib","status":"publish","type":"product","link":"https:\/\/kliniksanktmoritz.ch\/pt\/produto\/omron-m7-intelli-it-afib\/","title":{"rendered":"Omron M7 Intelli IT AFib"},"content":{"rendered":"","protected":false},"excerpt":{"rendered":"<p>Informa\u00e7\u00f5es gerais<br \/>\nEsfigmoman\u00f4metro digital de bracelete Omron M7 Intelli IT AFIB, com bracelete Intelli Wrap 22-42 cm. O bracelete Intelli Wrap se adapta a braceletes de dimens\u00f5es normais e grandes, eliminando as imprecis\u00f5es de leitura relacionadas ao posicionamento incorreto. Fun\u00e7\u00e3o de eleva\u00e7\u00e3o da fibrila\u00e7\u00e3o atrial (AFIB).<\/p>\n<p>A tecnologia Intellisense garante a eleva\u00e7\u00e3o autom\u00e1tica da press\u00e3o correta do gonfiaggio.<br \/>\nRileva os bast\u00f5es irregulares e decide, de forma aut\u00f4noma, se o resultado \u00e9 confi\u00e1vel ou se \u00e9 necess\u00e1rio repetir a medi\u00e7\u00e3o (somente os resultados precisos ser\u00e3o mostrados).<br \/>\nNova fun\u00e7\u00e3o de recupera\u00e7\u00e3o da fibrila\u00e7\u00e3o atrial AFIB por meio de onda pulsada, recupera\u00e7\u00e3o que pode ser efetuada em qualquer medi\u00e7\u00e3o e utilizando 3 medi\u00e7\u00f5es diferentes, como nas tecnologias anteriores.<br \/>\nDota\u00e7\u00e3o padr\u00e3o<br \/>\n- Omron M7 Intelli IT AFIB<br \/>\n- Bracciale Intelli Wrap 22-42 cm<br \/>\n- Manuale: GB, FR, IT, ES, DE, NL, RU, TR, AR.<\/p>\n<p>Informa\u00e7\u00f5es t\u00e9cnicas<br \/>\n- C\u00f3digo OMRON: HEM-7380T1-EBK<br \/>\n- Tecnologia Intellisense<br \/>\n- Rilevatore battito irregolare e AFIB com a tecnologia IntelliSense AFIB a qualquer momento<br \/>\n- Guia de posicionamento do suporte<br \/>\n- Tecnologia Intelli Wrap (precis\u00e3o de 360\u00b0: ajustes precisos em qualquer ponto da circunfer\u00eancia do bracelete)<br \/>\n- Bracciale: Intelli Wrap 22-42 cm<br \/>\n- Mem\u00f3rias de miss\u00f5es: 100 x 2 usu\u00e1rios + convidado mod.<br \/>\n- Movimentos de resgate<br \/>\n- Indicador luminoso de press\u00e3o sang\u00fc\u00ednea alta: indica se os valores s\u00e3o superiores aos padr\u00f5es E.H.S. para automa\u00e7\u00e3o residencial (press\u00e3o sist\u00f3lica 85 e\/ou press\u00e3o diast\u00f3lica 135)<br \/>\n- Ipertens\u00e3o<br \/>\n- M\u00eddia das 3 \u00faltimas miss\u00f5es (m\u00eddia das 3 \u00faltimas miss\u00f5es no intervalo de 10 minutos)<br \/>\n- Confronto de miss\u00f5es com cartas anteriores<br \/>\n- Conex\u00e3o de aplicativo\/Bluetooth<\/p>","protected":false},"featured_media":11966,"template":"","meta":{"_acf_changed":false,"wds_primary_product_brand":0,"wds_primary_product_cat":0,"_wordproof_timestamp":false},"product_brand":[],"product_cat":[113,78],"product_tag":[],"class_list":{"0":"post-11964","1":"product","2":"type-product","3":"status-publish","4":"has-post-thumbnail","6":"product_cat-device","7":"product_cat-digitaltwin","9":"first","10":"instock","11":"shipping-taxable","12":"purchasable","13":"product-type-simple"},"acf":[],"_links":{"self":[{"href":"https:\/\/kliniksanktmoritz.ch\/pt\/wp-json\/wp\/v2\/product\/11964","targetHints":{"allow":["GET"]}}],"collection":[{"href":"https:\/\/kliniksanktmoritz.ch\/pt\/wp-json\/wp\/v2\/product"}],"about":[{"href":"https:\/\/kliniksanktmoritz.ch\/pt\/wp-json\/wp\/v2\/types\/product"}],"wp:featuredmedia":[{"embeddable":true,"href":"https:\/\/kliniksanktmoritz.ch\/pt\/wp-json\/wp\/v2\/media\/11966"}],"wp:attachment":[{"href":"https:\/\/kliniksanktmoritz.ch\/pt\/wp-json\/wp\/v2\/media?parent=11964"}],"wp:term":[{"taxonomy":"product_brand","embeddable":true,"href":"https:\/\/kliniksanktmoritz.ch\/pt\/wp-json\/wp\/v2\/product_brand?post=11964"},{"taxonomy":"product_cat","embeddable":true,"href":"https:\/\/kliniksanktmoritz.ch\/pt\/wp-json\/wp\/v2\/product_cat?post=11964"},{"taxonomy":"product_tag","embeddable":true,"href":"https:\/\/kliniksanktmoritz.ch\/pt\/wp-json\/wp\/v2\/product_tag?post=11964"}],"curies":[{"name":"wp","href":"https:\/\/api.w.org\/{rel}","templated":true}]}}