{"id":11967,"date":"2024-08-25T05:03:25","date_gmt":"2024-08-25T04:03:25","guid":{"rendered":"https:\/\/kliniksanktmoritz.ch\/?post_type=product&#038;p=11967"},"modified":"2024-08-25T05:03:26","modified_gmt":"2024-08-25T04:03:26","slug":"termometro-e-infravermelho-bluetooth","status":"publish","type":"product","link":"https:\/\/kliniksanktmoritz.ch\/pt\/produto\/termometro-e-infravermelho-bluetooth\/","title":{"rendered":"Term\u00f4metro e infravermelho bluetooth"},"content":{"rendered":"","protected":false},"excerpt":{"rendered":"<p>Informa\u00e7\u00f5es gerais<br \/>\nTerm\u00f4metro de infravermelho multifuncional que rileva a temperatura do corpo (auricular e frontal), do ambiente e dos objetos.<br \/>\nAdequado tanto para uso profissional quanto dom\u00e9stico, clinicamente preciso, af\u00e1vel e r\u00e1pido, com tecnologia brevemente desenvolvida para tratamentos separados para adultos e crian\u00e7as.<\/p>\n<p>- Esfera retroiluminada por LEDs em 4 cores<br \/>\n- 10 grupos de mem\u00f3ria<br \/>\n- Comut\u00e1vel entre \u00b0C e \u00b0F<br \/>\n- Todos os tipos de febres, ac\u00fasticos e visuais<br \/>\n- Coprisonda magn\u00e9tica para passar automaticamente da misurazione frontale para a auricolare<br \/>\nAplicativo<br \/>\nO term\u00f4metro de infravermelho est\u00e1 conectado ao App, um aplicativo inovador e gratuito para smartphone, desenvolvido para funcionar com diversos e m\u00faltiplos dispositivos m\u00e9dicos capazes de medir temperatura, press\u00e3o arterial, frequ\u00eancia card\u00edaca, peso e componentes corporais, satura\u00e7\u00e3o, ECG, sonografia, glicemia, atividade f\u00edsica e muito mais, peso e componentes corp\u00f3reos, satura\u00e7\u00e3o, ECG, som, glicemia, atividade f\u00edsica e muito mais, sem configura\u00e7\u00f5es ou imposi\u00e7\u00f5es complexas, e dispon\u00edvel em 10 idiomas (GB, FR, IT, ES, DE, NL, GR, PT, RO, PL).<br \/>\nDota\u00e7\u00e3o padr\u00e3o<br \/>\nDotado de borsetta, 2 baterias AAA, manuale multilingue: GB, FR, IT, ES, DE.<\/p>\n<p>Informa\u00e7\u00f5es t\u00e9cnicas<br \/>\n- Modelo: AOJ-20S<br \/>\n- Peso: 80g (com bateria)<br \/>\n- Dimens\u00f5es: 143 x 35 x 41 mm<br \/>\n- Regolamenti:<br \/>\n\tASTM E 1965-98 (atualizado em 2009)<br \/>\n\tPadr\u00e3o espec\u00edfico para term\u00f4metros com infravermelho para a determina\u00e7\u00e3o<br \/>\n\tControle da temperatura do paciente<br \/>\n\tIS080601-2-56 Primeira edi\u00e7\u00e3o 2009-10-01<br \/>\n\tAparelhos Eletrom\u00e9dicos - Parte 2-56: Requisitos espec\u00edficos para a seguran\u00e7a de base e os servi\u00e7os essenciais dos term\u00f4metros cl\u00ednicos para a medi\u00e7\u00e3o da temperatura corp\u00f3rea.<br \/>\n- Tela: LCD a segmenti, retroilumina\u00e7\u00e3o por LED em quatro cores (bianco, verde, arancione, rosso)<br \/>\n- Unidade de temperatura: \u00b0C \/ \u00b0F, intercambi\u00e1vel<br \/>\n- Alimenta\u00e7\u00e3o: DC 3V, AAA X2<br \/>\n- Campo de misura:<br \/>\n\tFronte e orecchio 32,0oC-42,9\u00b0C (89,6\u00b0F-109,2\u00b0F)<br \/>\n\tObjeto: 0\u00b0C-100\u00b0C (32\u00b0F-199\u00b0F)<br \/>\n- Precis\u00e3o:<br \/>\n\tModo de opera\u00e7\u00e3o de sa\u00edda e frente \u00b10,2\u00b0C\/\u00b10,4\u00b0F<br \/>\n\tModo de opera\u00e7\u00e3o \u00b11,0\u00b0C\/2,0\u00b0F<br \/>\n- Resolu\u00e7\u00e3o do problema: 0,1\u00b0C\/\u00b0F<br \/>\n- Autom\u00e1tico:  10s\u00b11s<br \/>\n- Condi\u00e7\u00f5es de opera\u00e7\u00e3o:<br \/>\n\tTemperatura: 10\u00b0C-40\u00b0C (50\u00b0F-104\u00b0F)<br \/>\n\tUmidade: 15-95% RH, sem condensa\u00e7\u00e3o Press\u00e3o atmosf\u00e9rica: 70-106kPa<br \/>\n- Condi\u00e7\u00f5es de armazenamento:<br \/>\n\tTemperatura ambiente: -20\u00b0C-55\u00b0C (-4\u00b0F-131 \u00b0F)<br \/>\n\tUmidade relativa: 0-95% RH, sem condensa\u00e7\u00e3o Press\u00e3o atmosf\u00e9rica: de 50kPa a 106kPa<br \/>\n- Baterias: 2 * AAA, podem ser usadas por mais de 3000 vezes<\/p>","protected":false},"featured_media":11968,"template":"","meta":{"_acf_changed":false,"wds_primary_product_brand":0,"wds_primary_product_cat":0,"_wordproof_timestamp":false},"product_brand":[],"product_cat":[113,78],"product_tag":[],"class_list":{"0":"post-11967","1":"product","2":"type-product","3":"status-publish","4":"has-post-thumbnail","6":"product_cat-device","7":"product_cat-digitaltwin","9":"first","10":"instock","11":"shipping-taxable","12":"purchasable","13":"product-type-simple"},"acf":[],"_links":{"self":[{"href":"https:\/\/kliniksanktmoritz.ch\/pt\/wp-json\/wp\/v2\/product\/11967","targetHints":{"allow":["GET"]}}],"collection":[{"href":"https:\/\/kliniksanktmoritz.ch\/pt\/wp-json\/wp\/v2\/product"}],"about":[{"href":"https:\/\/kliniksanktmoritz.ch\/pt\/wp-json\/wp\/v2\/types\/product"}],"wp:featuredmedia":[{"embeddable":true,"href":"https:\/\/kliniksanktmoritz.ch\/pt\/wp-json\/wp\/v2\/media\/11968"}],"wp:attachment":[{"href":"https:\/\/kliniksanktmoritz.ch\/pt\/wp-json\/wp\/v2\/media?parent=11967"}],"wp:term":[{"taxonomy":"product_brand","embeddable":true,"href":"https:\/\/kliniksanktmoritz.ch\/pt\/wp-json\/wp\/v2\/product_brand?post=11967"},{"taxonomy":"product_cat","embeddable":true,"href":"https:\/\/kliniksanktmoritz.ch\/pt\/wp-json\/wp\/v2\/product_cat?post=11967"},{"taxonomy":"product_tag","embeddable":true,"href":"https:\/\/kliniksanktmoritz.ch\/pt\/wp-json\/wp\/v2\/product_tag?post=11967"}],"curies":[{"name":"wp","href":"https:\/\/api.w.org\/{rel}","templated":true}]}}