{"id":11976,"date":"2024-08-25T05:05:08","date_gmt":"2024-08-25T04:05:08","guid":{"rendered":"https:\/\/kliniksanktmoritz.ch\/?post_type=product&#038;p=11976"},"modified":"2024-08-25T05:09:03","modified_gmt":"2024-08-25T04:09:03","slug":"kit-glucometro-gima-mg-dl","status":"publish","type":"product","link":"https:\/\/kliniksanktmoritz.ch\/pt\/produto\/kit-glucometro-gima-mg-dl\/","title":{"rendered":"Kit glucometro GIMA mg\/dL"},"content":{"rendered":"","protected":false},"excerpt":{"rendered":"<p>Informa\u00e7\u00f5es gerais<br \/>\nAparelho\/Registrador<\/p>\n<p>Glic\u00f4metro preciso e confi\u00e1vel para autodiagn\u00f3stico e para uso profissional. Estudos cl\u00ednicos aprovados demonstram a precis\u00e3o do sistema Gima de controle de glicose, desenvolvido pela Acon, com campos de sangue fresco capilar, venoso e neonatal.<\/p>\n<p>Conformidade com a ISO15197:2013\/EN ISO15197:2015<\/p>\n<p>Vers\u00e3o Bluetooth: o Bluetooth totalmente integrado permite a transmiss\u00e3o de dados para as plataformas de gerenciamento de dados.<\/p>\n<p>Aplicativo<br \/>\nO glicos\u00edmetro GIMA mg\/dL na vers\u00e3o Bluetooth conecta-se ao App, um aplicativo inovador e gratuito para smartphone, desenvolvido para funcionar com diversos e m\u00faltiplos dispositivos m\u00e9dicos capazes de medir temperatura, press\u00e3o arterial, frequ\u00eancia card\u00edaca, peso e componentes corporais, satura\u00e7\u00e3o, sonografia, glicemia, atividade f\u00edsica e muito mais, frequ\u00eancia card\u00edaca, peso e componentes corporais, satura\u00e7\u00e3o, ECG, som, glicemia, atividade f\u00edsica e muito mais, sem configura\u00e7\u00f5es ou imposi\u00e7\u00f5es complexas, e dispon\u00edvel em 10 idiomas (GB, FR, IT, ES, DE, NL, GR, PT, RO, PL).<\/p>\n<p>Compatibilidade com plataformas de telemedicina:<br \/>\n- Plataforma de sa\u00fade CGM<br \/>\n- AdiLife<br \/>\n- iTEL<br \/>\nDota\u00e7\u00e3o padr\u00e3o<br \/>\n- Manuale: GB, FR, IT, ES<br \/>\n- 10 estrelas<br \/>\n- Solu\u00e7\u00e3o de controle<br \/>\n- 10 lancetas<br \/>\n- Penna pungidito<br \/>\n- Tappo trasparente (para teste em avambraccio ou palmo)<br \/>\n- Borsa para o transporte<\/p>\n<p>Informa\u00e7\u00f5es t\u00e9cnicas<br \/>\nCompatibilidade com plataformas de telemedicina:<br \/>\n- Plataforma de sa\u00fade CGM<br \/>\n- AdiLife<br \/>\n- iTEL<\/p>\n<p>- Tecnologia: Biossensor\/Eletroqu\u00edmica, Glucosio deidrogenasi (GDH-FAD)<br \/>\n- M\u00e9todo de calibra\u00e7\u00e3o: Sem codifica\u00e7\u00e3o<br \/>\n- Resultados da calibra\u00e7\u00e3o: Equivalente a plasma<br \/>\n- Tempo de prova: 5 segundos<br \/>\n- Volume campione: 0,6\u00b5L<br \/>\n- Tipo campione: Sangue fresco intero (capillare, venoso, neonatale)<br \/>\n- Aree di prova: Punta del dito, avambraccio, palmo<br \/>\n- Intervalo de tempo de ematocrito: 10-70%<br \/>\n- Mem\u00f3ria: 1.000 resultados com dados e hora<br \/>\n- Valores m\u00e9dios do teste: c\u00e1lculo dos valores m\u00e9dios em 7, 14, 30, 60, 90 dias<br \/>\n- Transfer\u00eancia de dados: USB<br \/>\n- Solu\u00e7\u00e3o de controle: 3 n\u00edveis<br \/>\n- Descongelamento autom\u00e1tico: 2 minutos ap\u00f3s a \u00faltima a\u00e7\u00e3o<br \/>\n- Alimenta\u00e7\u00e3o: 2 baterias de fundo CR 2032 3,0V<br \/>\n- Dura\u00e7\u00e3o da bateria: 3.000 misurazioni<\/p>\n<p>Outras fun\u00e7\u00f5es:<br \/>\n- Rilevamento autom\u00e1tico do caminh\u00e3o insuficiente<br \/>\n- Rilevamento campione alterato<\/p>","protected":false},"featured_media":11982,"template":"","meta":{"_acf_changed":false,"wds_primary_product_brand":0,"wds_primary_product_cat":0,"_wordproof_timestamp":false},"product_brand":[],"product_cat":[113,78],"product_tag":[],"class_list":{"0":"post-11976","1":"product","2":"type-product","3":"status-publish","4":"has-post-thumbnail","6":"product_cat-device","7":"product_cat-digitaltwin","9":"first","10":"instock","11":"shipping-taxable","12":"purchasable","13":"product-type-simple"},"acf":[],"_links":{"self":[{"href":"https:\/\/kliniksanktmoritz.ch\/pt\/wp-json\/wp\/v2\/product\/11976","targetHints":{"allow":["GET"]}}],"collection":[{"href":"https:\/\/kliniksanktmoritz.ch\/pt\/wp-json\/wp\/v2\/product"}],"about":[{"href":"https:\/\/kliniksanktmoritz.ch\/pt\/wp-json\/wp\/v2\/types\/product"}],"wp:featuredmedia":[{"embeddable":true,"href":"https:\/\/kliniksanktmoritz.ch\/pt\/wp-json\/wp\/v2\/media\/11982"}],"wp:attachment":[{"href":"https:\/\/kliniksanktmoritz.ch\/pt\/wp-json\/wp\/v2\/media?parent=11976"}],"wp:term":[{"taxonomy":"product_brand","embeddable":true,"href":"https:\/\/kliniksanktmoritz.ch\/pt\/wp-json\/wp\/v2\/product_brand?post=11976"},{"taxonomy":"product_cat","embeddable":true,"href":"https:\/\/kliniksanktmoritz.ch\/pt\/wp-json\/wp\/v2\/product_cat?post=11976"},{"taxonomy":"product_tag","embeddable":true,"href":"https:\/\/kliniksanktmoritz.ch\/pt\/wp-json\/wp\/v2\/product_tag?post=11976"}],"curies":[{"name":"wp","href":"https:\/\/api.w.org\/{rel}","templated":true}]}}