{"id":11983,"date":"2024-08-25T05:08:03","date_gmt":"2024-08-25T04:08:03","guid":{"rendered":"https:\/\/kliniksanktmoritz.ch\/?post_type=product&#038;p=11983"},"modified":"2024-09-01T11:35:26","modified_gmt":"2024-09-01T10:35:26","slug":"bilancia-smart-omron-viva","status":"publish","type":"product","link":"https:\/\/kliniksanktmoritz.ch\/pt\/produto\/bilancia-smart-omron-viva\/","title":{"rendered":"Biblioteca inteligente OMRON VIVA"},"content":{"rendered":"","protected":false},"excerpt":{"rendered":"<p>O **OMRON VIVA** \u00e9 um dispositivo m\u00e9dico que rastreia os principais par\u00e2metros de composi\u00e7\u00e3o corporal, incluindo peso, gordura visceral, taxa metab\u00f3lica basal, IMC, gordura corporal e m\u00fasculo esquel\u00e9tico.<\/p>\n<p>**Precis\u00e3o confi\u00e1vel<\/p>\n<p>O VIVA usa a tecnologia de An\u00e1lise de Imped\u00e2ncia Bioel\u00e9trica (BIA) para medir a composi\u00e7\u00e3o corporal.<\/p>\n<p>**A import\u00e2ncia da an\u00e1lise da gordura visceral<\/p>\n<p>A gordura visceral se acumula ao redor dos \u00f3rg\u00e3os vitais. Quantidades excessivas dessa \"gordura ativa\" podem afetar os horm\u00f4nios e as fun\u00e7\u00f5es corporais, aumentar a press\u00e3o arterial e afetar o bem-estar geral.<\/p>\n<p>Melhore sua sa\u00fade monitorando seis par\u00e2metros corporais espec\u00edficos: gordura visceral, gordura corporal, m\u00fasculo esquel\u00e9tico, metabolismo em repouso, \u00edndice de massa corporal e peso.<\/p>\n<p>**Um componente do sistema inteligente da OMRON<\/p>\n<p>O monitoramento da composi\u00e7\u00e3o corporal, juntamente com a press\u00e3o arterial e a frequ\u00eancia card\u00edaca, pode ajud\u00e1-lo a entender o estado de sua sa\u00fade cardiovascular e agir imediatamente.<\/p>\n<p>Acompanhe seu progresso e compartilhe-o facilmente por meio do aplicativo \"OMRON connect\", que fornece uma compreens\u00e3o profunda da sa\u00fade do seu cora\u00e7\u00e3o. Compat\u00edvel com iOS e Android.<\/p>\n<p>**Equipamento padr\u00e3o<br \/>\n- 1 Balan\u00e7a de composi\u00e7\u00e3o corporal inteligente OMRON VIVA<br \/>\n- 4 pilhas AAA<br \/>\n- Manual de instru\u00e7\u00f5es<br \/>\n- Manual de configura\u00e7\u00e3o<\/p>\n<p>**Informa\u00e7\u00f5es t\u00e9cnicas**<br \/>\n- Conectividade Bluetooth. Armazena at\u00e9 30 medi\u00e7\u00f5es para os momentos em que seu telefone n\u00e3o estiver \u00e0 m\u00e3o (iOS e Android).<br \/>\n- Multiusu\u00e1rio: 4 usu\u00e1rios + convidado com fun\u00e7\u00e3o de reconhecimento autom\u00e1tico<br \/>\n- Aplicativo OMRON connect: transfer\u00eancia autom\u00e1tica de dados (compat\u00edvel com iOS e Android)<br \/>\n- Medi\u00e7\u00e3o: tecnologia \"STEP ON\". Leitura r\u00e1pida: 4 segundos. Desligamento autom\u00e1tico.<br \/>\n- Superf\u00edcie do produto: vidro de seguran\u00e7a temperado, cantos arredondados, 4 placas de eletrodos de a\u00e7o inoxid\u00e1vel<br \/>\n- Dimens\u00f5es externas: design compacto e fino, aproximadamente 285 \u00d7 28 \u00d7 280 mm<br \/>\n- Tamanho da tela: LCD grande e n\u00edtido de 58 x 78 mm com classifica\u00e7\u00f5es de medi\u00e7\u00e3o<br \/>\n- Peso: cerca de 1,6 kg<br \/>\n- Unidades de medida: kg (cm)\/lb (p\u00e9s\/polegadas)<br \/>\n- Capacidade m\u00e1xima: 150 kg (incrementos de 100 g)<br \/>\n- Faixa de altura: de 100,0 a 199,5 cm (de 3\u2032 4\u2033 a 6\u2032 6 3\/4\u2033)<br \/>\n- Faixa et\u00e1ria: de 10 a 80 anos<br \/>\n- Fonte de alimenta\u00e7\u00e3o: 4 pilhas alcalinas AAA (LR03)<\/p>\n<p>O OMRON VIVA \u00e9 um dispositivo m\u00e9dico com par\u00e2metros que indicam peso, massa muscular visceral, metabolismo b\u00e1sico e IMC, massa muscular e m\u00fasculo esquel\u00e9tico.<\/p>\n<p>Precis\u00e3o para fazer o afian\u00e7amento<\/p>\n<p>O VIVA \u00e9 um dispositivo que utiliza a tecnologia de an\u00e1lise de imped\u00e2ncia bioeletrol\u00edtica (BIA) para avaliar a composi\u00e7\u00e3o corporal.<\/p>\n<p>A import\u00e2ncia da an\u00e1lise do tecido visceral<\/p>\n<p>O g\u00e1s visceral se acumula em torno dos \u00f3rg\u00e3os vitais. Uma quantidade excessiva desse \"g\u00e1s ativo\" influencia os \u00f3rg\u00e3os e as fun\u00e7\u00f5es do corpo. Aumenta a press\u00e3o arterial e aumenta a sa\u00fade completa.<\/p>\n<p>Melhora a sua sa\u00fade e mant\u00e9m-se sob controle, monitorando 6 par\u00e2metros corporais espec\u00edficos: massa visceral, massa muscular, musculatura esquel\u00e9tica, metabolismo a longo prazo, \u00edndice de massa corp\u00f3rea e peso.<\/p>\n<p>Um componente do sistema inteligente da OMRON<\/p>\n<p>O monitoramento da composi\u00e7\u00e3o corp\u00f3rea, juntamente com a medi\u00e7\u00e3o da press\u00e3o e da frequ\u00eancia card\u00edaca, pode ajudar a compreender o pr\u00f3prio estado de sa\u00fade em termos cardiovasculares e a envelhecer temporariamente.<\/p>\n<p>Voc\u00ea pode acompanhar o seu progresso e condens\u00e1-lo facilmente com o aplicativo \"OMRON connect\", que permite compreender de forma adequada o estado de sa\u00fade do cora\u00e7\u00e3o. Compat\u00edvel com iOS e Android.<br \/>\nDota\u00e7\u00e3o padr\u00e3o<br \/>\n- 1 bateria com sensor de composi\u00e7\u00e3o corporal OMRON VIVA Smart<br \/>\n- 4x bateria AAA<br \/>\n- Manual de instru\u00e7\u00f5es<br \/>\n- Manual de Configura\u00e7\u00e3o<\/p>\n<p>Informa\u00e7\u00f5es t\u00e9cnicas<br \/>\n- Conectividade bluetooth. Memoriza at\u00e9 30 mensagens para os momentos em que n\u00e3o estiver com o celular na m\u00e3o (iOS e Android).<br \/>\n- Multiutente: 4 usu\u00e1rios + escrit\u00f3rio com fun\u00e7\u00e3o de reconhecimento autom\u00e1tico<br \/>\n- Aplicativo OMRON connect: transfer\u00eancia autom\u00e1tica de dados (compat\u00edvel com iOS e Android)<br \/>\n- Opera\u00e7\u00e3o: tecnologia 'STEP ON'. Velocidade de grava\u00e7\u00e3o: 4 segundos. Acelera\u00e7\u00e3o autom\u00e1tica.<br \/>\n- Superficie del prodotto: vetro di sicurezza temperato, angoli arrotondati, 4 piastre elettrodi in acciaio inox<br \/>\n- Dimens\u00f5es da parte externa: design compacto e est\u00e1vel, cerca de 285 \u00d7 28 \u00d7 280 mm<br \/>\n- Dimens\u00f5es da tela: tela LCD ampla e n\u00edtida de 58 x 78 mm com classifica\u00e7\u00f5es das condi\u00e7\u00f5es<br \/>\n- Peso: cerca de 1,6 kg<br \/>\n- Unidade de medida: kg (cm)\/lb (piedi\/pollici)<br \/>\n- Capacidade m\u00e1xima: 150 kg (incrementos de 100 g)<br \/>\n- Altezza: da 100,0 a 199,5 cm (da 3\u2032 4\u2033\"\"\" a 6\u2032 6 3\/4\u2033\"\")<br \/>\n- Idade: de 10 a 80 anos<br \/>\n- Alimenta\u00e7\u00e3o: 4 pilhas alcalinas AAA (LR03)<\/p>","protected":false},"featured_media":11984,"template":"","meta":{"_acf_changed":false,"wds_primary_product_brand":0,"wds_primary_product_cat":0,"_wordproof_timestamp":false},"product_brand":[],"product_cat":[113,78],"product_tag":[],"class_list":{"0":"post-11983","1":"product","2":"type-product","3":"status-publish","4":"has-post-thumbnail","6":"product_cat-device","7":"product_cat-digitaltwin","9":"first","10":"instock","11":"shipping-taxable","12":"purchasable","13":"product-type-simple"},"acf":[],"_links":{"self":[{"href":"https:\/\/kliniksanktmoritz.ch\/pt\/wp-json\/wp\/v2\/product\/11983","targetHints":{"allow":["GET"]}}],"collection":[{"href":"https:\/\/kliniksanktmoritz.ch\/pt\/wp-json\/wp\/v2\/product"}],"about":[{"href":"https:\/\/kliniksanktmoritz.ch\/pt\/wp-json\/wp\/v2\/types\/product"}],"wp:featuredmedia":[{"embeddable":true,"href":"https:\/\/kliniksanktmoritz.ch\/pt\/wp-json\/wp\/v2\/media\/11984"}],"wp:attachment":[{"href":"https:\/\/kliniksanktmoritz.ch\/pt\/wp-json\/wp\/v2\/media?parent=11983"}],"wp:term":[{"taxonomy":"product_brand","embeddable":true,"href":"https:\/\/kliniksanktmoritz.ch\/pt\/wp-json\/wp\/v2\/product_brand?post=11983"},{"taxonomy":"product_cat","embeddable":true,"href":"https:\/\/kliniksanktmoritz.ch\/pt\/wp-json\/wp\/v2\/product_cat?post=11983"},{"taxonomy":"product_tag","embeddable":true,"href":"https:\/\/kliniksanktmoritz.ch\/pt\/wp-json\/wp\/v2\/product_tag?post=11983"}],"curies":[{"name":"wp","href":"https:\/\/api.w.org\/{rel}","templated":true}]}}