{"id":11991,"date":"2024-08-25T05:10:54","date_gmt":"2024-08-25T04:10:54","guid":{"rendered":"https:\/\/kliniksanktmoritz.ch\/?post_type=product&#038;p=11991"},"modified":"2024-08-25T05:10:56","modified_gmt":"2024-08-25T04:10:56","slug":"bilancia-body-fat-gimafit","status":"publish","type":"product","link":"https:\/\/kliniksanktmoritz.ch\/pt\/produto\/bilancia-body-fat-gimafit\/","title":{"rendered":"Bilancia Body Fat GIMAFIT"},"content":{"rendered":"","protected":false},"excerpt":{"rendered":"<p>Informa\u00e7\u00f5es gerais<br \/>\nBalan\u00e7a de gordura corporal GIMAFIT com Bluetooth 5.0 + WiFi. Balan\u00e7a multifuncional, para a medi\u00e7\u00e3o de gordura corporal, \u00e1gua, massa muscular e massa \u00f3ssea. Fun\u00e7\u00e3o de controle card\u00edaco, IMC, BMR. Equipado com 4 sensores de precis\u00e3o do tipo G. <\/p>\n<p>Aplicativo<br \/>\nLa bilancia Body Fat GIMAFIT si connette a App, un'innovativa app gratuita per smartphone, progettata per funzionare con svariati e molteplici dispositivi medici capaci di misurare temperatura, pressione arteriosa, frequenza cardiaca, peso e componentes corp\u00f3reos, satura\u00e7\u00e3o, ECG, som, glicemia, atividade f\u00edsica e muito mais, sem configura\u00e7\u00f5es ou imposi\u00e7\u00f5es complexas, e dispon\u00edvel em 10 idiomas (GB, FR, IT, ES, DE, NL, GR, PT, RO, PL).<\/p>\n<p>Dota\u00e7\u00e3o padr\u00e3o<br \/>\n- 4 pilhas AAA<br \/>\n- Manuale: GB, FR, IT, ES, PT, PL, GR<\/p>\n<p>Informa\u00e7\u00f5es t\u00e9cnicas<br \/>\n- Material da pe\u00e7a: vetro e acciaio inox<br \/>\n- Portata: 180 kg (peso m\u00ednimo 0,15 kg)<br \/>\n- Tela de LED: 80 x 40 mm luce bianca<br \/>\n- Precis\u00e3o: 200 g (fra i 50 e 100 kg)<br \/>\n- Bateria: 4 AAA (inclu\u00edda)<br \/>\n- Dimens\u00f5es: 30 x 30 x 2,3 cm<br \/>\n- Unidade de medida kg \/ libra <\/p>","protected":false},"featured_media":11992,"template":"","meta":{"_acf_changed":false,"wds_primary_product_brand":0,"wds_primary_product_cat":0,"_wordproof_timestamp":false},"product_brand":[],"product_cat":[113,78],"product_tag":[],"class_list":{"0":"post-11991","1":"product","2":"type-product","3":"status-publish","4":"has-post-thumbnail","6":"product_cat-device","7":"product_cat-digitaltwin","9":"first","10":"instock","11":"shipping-taxable","12":"purchasable","13":"product-type-simple"},"acf":[],"_links":{"self":[{"href":"https:\/\/kliniksanktmoritz.ch\/pt\/wp-json\/wp\/v2\/product\/11991","targetHints":{"allow":["GET"]}}],"collection":[{"href":"https:\/\/kliniksanktmoritz.ch\/pt\/wp-json\/wp\/v2\/product"}],"about":[{"href":"https:\/\/kliniksanktmoritz.ch\/pt\/wp-json\/wp\/v2\/types\/product"}],"wp:featuredmedia":[{"embeddable":true,"href":"https:\/\/kliniksanktmoritz.ch\/pt\/wp-json\/wp\/v2\/media\/11992"}],"wp:attachment":[{"href":"https:\/\/kliniksanktmoritz.ch\/pt\/wp-json\/wp\/v2\/media?parent=11991"}],"wp:term":[{"taxonomy":"product_brand","embeddable":true,"href":"https:\/\/kliniksanktmoritz.ch\/pt\/wp-json\/wp\/v2\/product_brand?post=11991"},{"taxonomy":"product_cat","embeddable":true,"href":"https:\/\/kliniksanktmoritz.ch\/pt\/wp-json\/wp\/v2\/product_cat?post=11991"},{"taxonomy":"product_tag","embeddable":true,"href":"https:\/\/kliniksanktmoritz.ch\/pt\/wp-json\/wp\/v2\/product_tag?post=11991"}],"curies":[{"name":"wp","href":"https:\/\/api.w.org\/{rel}","templated":true}]}}