{"id":11995,"date":"2024-08-25T05:12:35","date_gmt":"2024-08-25T04:12:35","guid":{"rendered":"https:\/\/kliniksanktmoritz.ch\/?post_type=product&#038;p=11995"},"modified":"2024-08-25T05:12:36","modified_gmt":"2024-08-25T04:12:36","slug":"monitor-duoek-s-ecg-portatil","status":"publish","type":"product","link":"https:\/\/kliniksanktmoritz.ch\/pt\/produto\/monitor-duoek-s-ecg-portatil\/","title":{"rendered":"Monitor de ECG port\u00e1til DuoEK S"},"content":{"rendered":"","protected":false},"excerpt":{"rendered":"<p>Informa\u00e7\u00f5es gerais<br \/>\nO DuoEK\u2122 S \u00e9 um monitor de ECG port\u00e1til para cirurgias e an\u00e1lises instant\u00e2neas. Compacto e leve, permite controlar facilmente o ECG em qualquer momento e lugar.<br \/>\n- 3 deriva\u00e7\u00f5es: mano-mano, mano-gamba e toracica<br \/>\n- schermo OLEd para imagens de ECG infantil<br \/>\n- tratamento com um \u00fanico pulsante<br \/>\n- 500 miss\u00f5es com uma \u00fanica receita<br \/>\nO DuoEK\u2122 S \u00e9 adequado para pessoas com estresse elevado, orif\u00edcios irregulares, patologias card\u00edacas e dist\u00farbios card\u00edacos (palpita\u00e7\u00f5es, p\u00e2nico, vertigens, opress\u00e3o tor\u00e1cica e assim por diante).<br \/>\nAplicativo ViHealth gratuito para iOS e Android<br \/>\n\u00c9 poss\u00edvel caricaturar automaticamente os dados e compartilhar com o m\u00e9dico a refer\u00eancia em formato PDF.<br \/>\nDota\u00e7\u00e3o padr\u00e3o<br \/>\nFornecido com caricatura e manual multil\u00edngue (GB, FR, IT, ES, DE).<\/p>\n<p>Informa\u00e7\u00f5es t\u00e9cnicas<br \/>\n- ECG de pulm\u00e3o: de 30 segundos a 15 minutos<br \/>\n- Intervalo de frequ\u00eancia card\u00edaca: 30 - 250 bpm<br \/>\n- Alimenta\u00e7\u00e3o: bateria com pol\u00edmeros de l\u00edtio ricaricabile<br \/>\n- Dura\u00e7\u00e3o do funcionamento da bateria: &gt; 500 controles<br \/>\n- Tempo de coleta: 2-3 horas<br \/>\n- Conex\u00e3o: conector micro-USB<br \/>\n- Sem fio: Bluetooth 4.0 BLE<br \/>\n- Mem\u00f3ria integrada:<br \/>\n- 10 sess\u00f5es por ECG &lt; 1 minuto\n- 4 sess\u00f5es por ECG de 5 minutos\n- Mem\u00f3ria do aplicativo: ilimitada\n- Dimens\u00f5es: 92 x 32 x 8,2 mm\n- Peso: 26,8 gr.\n\n<\/p>","protected":false},"featured_media":11999,"template":"","meta":{"_acf_changed":false,"wds_primary_product_brand":0,"wds_primary_product_cat":0,"_wordproof_timestamp":false},"product_brand":[],"product_cat":[113,78],"product_tag":[],"class_list":{"0":"post-11995","1":"product","2":"type-product","3":"status-publish","4":"has-post-thumbnail","6":"product_cat-device","7":"product_cat-digitaltwin","9":"first","10":"instock","11":"shipping-taxable","12":"purchasable","13":"product-type-simple"},"acf":[],"_links":{"self":[{"href":"https:\/\/kliniksanktmoritz.ch\/pt\/wp-json\/wp\/v2\/product\/11995","targetHints":{"allow":["GET"]}}],"collection":[{"href":"https:\/\/kliniksanktmoritz.ch\/pt\/wp-json\/wp\/v2\/product"}],"about":[{"href":"https:\/\/kliniksanktmoritz.ch\/pt\/wp-json\/wp\/v2\/types\/product"}],"wp:featuredmedia":[{"embeddable":true,"href":"https:\/\/kliniksanktmoritz.ch\/pt\/wp-json\/wp\/v2\/media\/11999"}],"wp:attachment":[{"href":"https:\/\/kliniksanktmoritz.ch\/pt\/wp-json\/wp\/v2\/media?parent=11995"}],"wp:term":[{"taxonomy":"product_brand","embeddable":true,"href":"https:\/\/kliniksanktmoritz.ch\/pt\/wp-json\/wp\/v2\/product_brand?post=11995"},{"taxonomy":"product_cat","embeddable":true,"href":"https:\/\/kliniksanktmoritz.ch\/pt\/wp-json\/wp\/v2\/product_cat?post=11995"},{"taxonomy":"product_tag","embeddable":true,"href":"https:\/\/kliniksanktmoritz.ch\/pt\/wp-json\/wp\/v2\/product_tag?post=11995"}],"curies":[{"name":"wp","href":"https:\/\/api.w.org\/{rel}","templated":true}]}}