{"id":12005,"date":"2024-08-25T05:15:13","date_gmt":"2024-08-25T04:15:13","guid":{"rendered":"https:\/\/kliniksanktmoritz.ch\/?post_type=product&#038;p=12005"},"modified":"2024-09-01T11:28:57","modified_gmt":"2024-09-01T10:28:57","slug":"smartwatch-sportpix","status":"publish","type":"product","link":"https:\/\/kliniksanktmoritz.ch\/pt\/produto\/smartwatch-sportpix\/","title":{"rendered":"Smartwatch Sportpix"},"content":{"rendered":"","protected":false},"excerpt":{"rendered":"<p>**Informa\u00e7\u00f5es gerais**<br \/>\nO Sportpix \u00e9 um smartwatch projetado para monitorar v\u00e1rios par\u00e2metros de sa\u00fade e de atividade esportiva.<\/p>\n<p>Especialmente adequado para atletas, ele inclui os seguintes par\u00e2metros e recursos:<\/p>\n<p>**Par\u00e2metros<\/p>\n<p>- Temperatura corporal<br \/>\n- Frequ\u00eancia card\u00edaca<br \/>\n- ECG<br \/>\n- BPM (press\u00e3o arterial)<br \/>\n- SpO2 (n\u00edvel de oxig\u00eanio no sangue)<br \/>\n- Frequ\u00eancia respirat\u00f3ria<br \/>\n- Dormir<br \/>\n- Esportes<br \/>\n- Calorias<br \/>\n- Etapas<\/p>\n<p>**Caracter\u00edsticas adicionais**<\/p>\n<p>- Clima<br \/>\n- Cron\u00f4metro<br \/>\n- Reprodutor de m\u00fasica<br \/>\n- C\u00e2mera<\/p>\n<p>Ele tamb\u00e9m permite a conex\u00e3o sem fio com o aplicativo S1MPL0, compat\u00edvel com Android 8.1 e superior, e iOS 13 e superior.<\/p>\n<p>**Aplicativo<br \/>\nO smartwatch Sportpix se conecta ao App, um aplicativo inovador e gratuito para smartphone, projetado para funcionar com v\u00e1rios dispositivos m\u00e9dicos que podem medir temperatura, press\u00e3o arterial, frequ\u00eancia card\u00edaca, peso e composi\u00e7\u00e3o corporal, satura\u00e7\u00e3o de oxig\u00eanio, ECG, sono, a\u00e7\u00facar no sangue, atividade f\u00edsica e muito mais, sem configura\u00e7\u00f5es complexas, dispon\u00edvel em 10 idiomas (ingl\u00eas, franc\u00eas, italiano, espanhol, alem\u00e3o, holand\u00eas, grego, portugu\u00eas, romeno e polon\u00eas).<\/p>\n<p>**Equipamento padr\u00e3o<br \/>\n\u00c9 fornecido com um cabo de carregamento e manuais em ingl\u00eas e italiano.<\/p>\n<p>**Informa\u00e7\u00f5es t\u00e9cnicas**<br \/>\n- Aceler\u00f4metro: sensor 3D<br \/>\n- Tela: 1.3\u2033 OLED<br \/>\n- Sincroniza\u00e7\u00e3o de dados: 4.0 BT<br \/>\n- Faixa de temperatura: -10\u00b0 a 50\u00b0 C<br \/>\n- Alimenta\u00e7\u00e3o: Bateria de pol\u00edmero de l\u00edtio<br \/>\n- Capacidade da bateria: 240 MAH<br \/>\n- Dura\u00e7\u00e3o da bateria:<br \/>\n- Espera: 15 dias<br \/>\n- Uso normal: 5 dias<br \/>\n- Uso frequente: 3 dias<br \/>\n- Tempo de carregamento: 2 a 3 horas<br \/>\n- Peso: 38 g<br \/>\n- Resist\u00eancia \u00e0 \u00e1gua: IP67<br \/>\n- N\u00e3o \u00e9 um dispositivo m\u00e9dico<\/p>\n<p>Informa\u00e7\u00f5es gerais<br \/>\nO Sportpix \u00e9 um smartwatch projetado para monitorar v\u00e1rios par\u00e2metros relativos \u00e0 sa\u00fade e \u00e0 atividade esportiva.<\/p>\n<p>Particularmente adequado para quem pratica esportes, inclui os seguintes par\u00e2metros e fun\u00e7\u00f5es:<\/p>\n<p>Parametri<\/p>\n<p>- Temperatura corp\u00f3rea<br \/>\n- Frequ\u00eancia Card\u00edaca<br \/>\n- ECG<br \/>\n- BPM (press\u00e3o sangu\u00ednea)<br \/>\n- SpO2 (n\u00edvel de oxig\u00eanio no sangue)<br \/>\n- Frequ\u00eancia respirat\u00f3ria<br \/>\n- Sonno<br \/>\n- Esporte<br \/>\n- Caloria<br \/>\n- Passi<br \/>\nFun\u00e7\u00f5es adicionais<\/p>\n<p>- Meteo<br \/>\n- Cron\u00f4metro<br \/>\n- Letreiro musical<br \/>\n- Foto<br \/>\nAl\u00e9m disso, permite a conex\u00e3o sem fio com o aplicativo S1MPL0, compat\u00edvel com Android 8.1 e vers\u00f5es superiores, com iOS 13 e vers\u00f5es superiores, e com o aplicativo.<\/p>\n<p>Aplicativo<br \/>\nO smartwatch Sportpix est\u00e1 conectado ao App, um aplicativo inovador e gratuito para smartphone, projetado para funcionar com diversos e m\u00faltiplos dispositivos m\u00e9dicos capazes de medir temperatura, press\u00e3o arterial, frequ\u00eancia card\u00edaca, peso e componentes corporais, satura\u00e7\u00e3o, ECG, sonografia, glicemia e atividade f\u00edsica e muito mais, peso e componentes corp\u00f3reos, satura\u00e7\u00e3o, ECG, som, glicemia, atividade f\u00edsica e muito mais, sem configura\u00e7\u00f5es ou imposi\u00e7\u00f5es complexas, e dispon\u00edvel em 10 idiomas (GB, FR, IT, ES, DE, NL, GR, PT, RO, PL).<br \/>\nDota\u00e7\u00e3o padr\u00e3o<br \/>\nFornecido com cavo de alimenta\u00e7\u00e3o e manual em GB, IT.<\/p>\n<p>Informa\u00e7\u00f5es t\u00e9cnicas<br \/>\n- Aceler\u00f4metro: sensor 3D<br \/>\n- Tela: OLED 1,3\u2033<br \/>\n- Transmiss\u00e3o de dados: 4.0 BT<br \/>\n- Intervalo de temperatura: -10\u00b0 ~ 50\u00b0<br \/>\n- Alimenta\u00e7\u00e3o: Bateria de l\u00edtio<br \/>\n- Capacidade da bateria: 240 MAH<br \/>\n- Dura\u00e7\u00e3o da bateria:<br \/>\n- stand-by: 15 giorni<br \/>\n- uso normal: 5 dias<br \/>\n- Uso frequente: 3 giorni<br \/>\n- Tempo de coleta: 2-3 horas<br \/>\n- Peso: 38 g<br \/>\n- Resist\u00eancia \u00e0 \u00e1gua: IP67<br \/>\n- N\u00e3o \u00e9 um dispositivo m\u00e9dico<\/p>","protected":false},"featured_media":12002,"template":"","meta":{"_acf_changed":false,"wds_primary_product_brand":0,"wds_primary_product_cat":0,"_wordproof_timestamp":false},"product_brand":[],"product_cat":[113,78],"product_tag":[],"class_list":{"0":"post-12005","1":"product","2":"type-product","3":"status-publish","4":"has-post-thumbnail","6":"product_cat-device","7":"product_cat-digitaltwin","9":"first","10":"instock","11":"shipping-taxable","12":"purchasable","13":"product-type-simple"},"acf":[],"_links":{"self":[{"href":"https:\/\/kliniksanktmoritz.ch\/pt\/wp-json\/wp\/v2\/product\/12005","targetHints":{"allow":["GET"]}}],"collection":[{"href":"https:\/\/kliniksanktmoritz.ch\/pt\/wp-json\/wp\/v2\/product"}],"about":[{"href":"https:\/\/kliniksanktmoritz.ch\/pt\/wp-json\/wp\/v2\/types\/product"}],"wp:featuredmedia":[{"embeddable":true,"href":"https:\/\/kliniksanktmoritz.ch\/pt\/wp-json\/wp\/v2\/media\/12002"}],"wp:attachment":[{"href":"https:\/\/kliniksanktmoritz.ch\/pt\/wp-json\/wp\/v2\/media?parent=12005"}],"wp:term":[{"taxonomy":"product_brand","embeddable":true,"href":"https:\/\/kliniksanktmoritz.ch\/pt\/wp-json\/wp\/v2\/product_brand?post=12005"},{"taxonomy":"product_cat","embeddable":true,"href":"https:\/\/kliniksanktmoritz.ch\/pt\/wp-json\/wp\/v2\/product_cat?post=12005"},{"taxonomy":"product_tag","embeddable":true,"href":"https:\/\/kliniksanktmoritz.ch\/pt\/wp-json\/wp\/v2\/product_tag?post=12005"}],"curies":[{"name":"wp","href":"https:\/\/api.w.org\/{rel}","templated":true}]}}