{"id":12059,"date":"2024-08-28T09:47:24","date_gmt":"2024-08-28T08:47:24","guid":{"rendered":"https:\/\/kliniksanktmoritz.ch\/?post_type=product&#038;p=12059"},"modified":"2024-08-28T09:47:25","modified_gmt":"2024-08-28T08:47:25","slug":"myfitnesspal","status":"publish","type":"product","link":"https:\/\/kliniksanktmoritz.ch\/pt\/produto\/myfitnesspal\/","title":{"rendered":"Myfitnesspal"},"content":{"rendered":"","protected":false},"excerpt":{"rendered":"<p>1<\/p>\n<p>Acompanhe a alimenta\u00e7\u00e3o, o condicionamento f\u00edsico e o jejum<\/p>\n<p>O rastreamento de calorias e macros \u00e9 f\u00e1cil com nosso leitor de c\u00f3digo de barras e integra\u00e7\u00e3o de dispositivos.<\/p>\n<p>O di\u00e1rio alimentar do aplicativo MyFitnessPal com um dia de entradas de alimentos, calorias restantes e um cron\u00f4metro de jejum intermitente em andamento.<br \/>\n2<\/p>\n<p>Saiba o que funciona<\/p>\n<p>Informa\u00e7\u00f5es nutricionais personalizadas revelam o que est\u00e1 funcionando para que voc\u00ea possa fazer escolhas mais inteligentes.<\/p>\n<p>A tela de nutri\u00e7\u00e3o do aplicativo MyFitnessPal mostra o progresso semanal em rela\u00e7\u00e3o \u00e0s metas de carboidratos, gorduras e prote\u00ednas.<br \/>\n3<\/p>\n<p>Mude seus h\u00e1bitos e alcance suas metas<\/p>\n<p>Agora voc\u00ea tem as ferramentas e o conhecimento para criar h\u00e1bitos saud\u00e1veis para toda a vida.<\/p>\n<p>Mulher bebendo \u00e1gua durante um treino com uma vis\u00e3o do cart\u00e3o de exerc\u00edcios do aplicativo MyFitnessPal, que mostra que ela queimou 100 calorias em 30 minutos.<br \/>\nMais de 35 aplicativos e dispositivos<\/p>\n<p>Sincroniza\u00e7\u00e3o de passos, peso, exerc\u00edcios e muito mais<\/p>\n<p>Amostra de \u00edcones de aplicativos que se sincronizam com o MyFitnessPal, incluindo Apple Health Kit, Google Fit, Fitbit, Garmin, Strava e Samsung Health.<\/p>\n<p>Se for comest\u00edvel, est\u00e1 aqui<br \/>\nAplicativo de rastreamento de alimentos com 18 milh\u00f5es de alimentos globais<\/p>","protected":false},"featured_media":12060,"template":"","meta":{"_acf_changed":false,"wds_primary_product_brand":0,"wds_primary_product_cat":0,"_wordproof_timestamp":false},"product_brand":[],"product_cat":[115,78],"product_tag":[],"class_list":{"0":"post-12059","1":"product","2":"type-product","3":"status-publish","4":"has-post-thumbnail","6":"product_cat-app","7":"product_cat-digitaltwin","9":"first","10":"instock","11":"shipping-taxable","12":"purchasable","13":"product-type-simple"},"acf":[],"_links":{"self":[{"href":"https:\/\/kliniksanktmoritz.ch\/pt\/wp-json\/wp\/v2\/product\/12059","targetHints":{"allow":["GET"]}}],"collection":[{"href":"https:\/\/kliniksanktmoritz.ch\/pt\/wp-json\/wp\/v2\/product"}],"about":[{"href":"https:\/\/kliniksanktmoritz.ch\/pt\/wp-json\/wp\/v2\/types\/product"}],"wp:featuredmedia":[{"embeddable":true,"href":"https:\/\/kliniksanktmoritz.ch\/pt\/wp-json\/wp\/v2\/media\/12060"}],"wp:attachment":[{"href":"https:\/\/kliniksanktmoritz.ch\/pt\/wp-json\/wp\/v2\/media?parent=12059"}],"wp:term":[{"taxonomy":"product_brand","embeddable":true,"href":"https:\/\/kliniksanktmoritz.ch\/pt\/wp-json\/wp\/v2\/product_brand?post=12059"},{"taxonomy":"product_cat","embeddable":true,"href":"https:\/\/kliniksanktmoritz.ch\/pt\/wp-json\/wp\/v2\/product_cat?post=12059"},{"taxonomy":"product_tag","embeddable":true,"href":"https:\/\/kliniksanktmoritz.ch\/pt\/wp-json\/wp\/v2\/product_tag?post=12059"}],"curies":[{"name":"wp","href":"https:\/\/api.w.org\/{rel}","templated":true}]}}