{"id":12066,"date":"2024-08-28T09:49:57","date_gmt":"2024-08-28T08:49:57","guid":{"rendered":"https:\/\/kliniksanktmoritz.ch\/?post_type=product&#038;p=12066"},"modified":"2024-08-28T09:49:58","modified_gmt":"2024-08-28T08:49:58","slug":"foodmarble","status":"publish","type":"product","link":"https:\/\/kliniksanktmoritz.ch\/pt\/produto\/marmore-alimentar\/","title":{"rendered":"Mesa de comida"},"content":{"rendered":"","protected":false},"excerpt":{"rendered":"<p>Elimine a adivinha\u00e7\u00e3o na hora de comer!<br \/>\nA pr\u00f3xima era de testes respirat\u00f3rios digestivos baseados em tecnologia cl\u00ednica validada.<\/p>\n<p>experi\u00eancia frequente<br \/>\nperturba\u00e7\u00e3o digestiva.<br \/>\nA alimenta\u00e7\u00e3o geralmente \u00e9 um fator, mas como voc\u00ea pode<br \/>\nsabe quais alimentos funcionam para voc\u00ea?<\/p>\n<p>Como funciona<br \/>\nRevolu\u00e7\u00e3o na sa\u00fade intestinal<br \/>\nOs mais recentes e avan\u00e7ados dispositivos de teste de respira\u00e7\u00e3o digestiva para pessoas com SIBO, SII e determinados problemas digestivos. Monitore suas refei\u00e7\u00f5es, estresse, sono e sintomas e teste seu n\u00edvel de fermenta\u00e7\u00e3o com resultados personalizados e em tempo real.<\/p>\n<p>SIBO Rastreamento de intoler\u00e2ncias alimentares<br \/>\nGuia de introdu\u00e7\u00e3o<br \/>\nValidado<\/p>\n<p>Baseado em tecnologia cl\u00ednica validada, conforme usado na \u00e1rea de sa\u00fade e pesquisa<br \/>\nencontre seus alimentos<br \/>\nPersonalizado<\/p>\n<p>Sua digest\u00e3o \u00e9 \u00fanica. N\u00f3s o ajudamos a encontrar os alimentos certos para voc\u00ea<br \/>\nteste de respira\u00e7\u00e3o<br \/>\nConveniente<\/p>\n<p>Me\u00e7a como voc\u00ea digere diferentes alimentos em casa. Agora voc\u00ea est\u00e1 no controle<\/p>","protected":false},"featured_media":12068,"template":"","meta":{"_acf_changed":false,"wds_primary_product_brand":0,"wds_primary_product_cat":0,"_wordproof_timestamp":false},"product_brand":[],"product_cat":[113,78],"product_tag":[],"class_list":{"0":"post-12066","1":"product","2":"type-product","3":"status-publish","4":"has-post-thumbnail","6":"product_cat-device","7":"product_cat-digitaltwin","9":"first","10":"instock","11":"shipping-taxable","12":"purchasable","13":"product-type-simple"},"acf":[],"_links":{"self":[{"href":"https:\/\/kliniksanktmoritz.ch\/pt\/wp-json\/wp\/v2\/product\/12066","targetHints":{"allow":["GET"]}}],"collection":[{"href":"https:\/\/kliniksanktmoritz.ch\/pt\/wp-json\/wp\/v2\/product"}],"about":[{"href":"https:\/\/kliniksanktmoritz.ch\/pt\/wp-json\/wp\/v2\/types\/product"}],"wp:featuredmedia":[{"embeddable":true,"href":"https:\/\/kliniksanktmoritz.ch\/pt\/wp-json\/wp\/v2\/media\/12068"}],"wp:attachment":[{"href":"https:\/\/kliniksanktmoritz.ch\/pt\/wp-json\/wp\/v2\/media?parent=12066"}],"wp:term":[{"taxonomy":"product_brand","embeddable":true,"href":"https:\/\/kliniksanktmoritz.ch\/pt\/wp-json\/wp\/v2\/product_brand?post=12066"},{"taxonomy":"product_cat","embeddable":true,"href":"https:\/\/kliniksanktmoritz.ch\/pt\/wp-json\/wp\/v2\/product_cat?post=12066"},{"taxonomy":"product_tag","embeddable":true,"href":"https:\/\/kliniksanktmoritz.ch\/pt\/wp-json\/wp\/v2\/product_tag?post=12066"}],"curies":[{"name":"wp","href":"https:\/\/api.w.org\/{rel}","templated":true}]}}