{"id":12071,"date":"2024-08-28T09:52:07","date_gmt":"2024-08-28T08:52:07","guid":{"rendered":"https:\/\/kliniksanktmoritz.ch\/?post_type=product&#038;p=12071"},"modified":"2024-08-28T09:52:09","modified_gmt":"2024-08-28T08:52:09","slug":"hydratespark","status":"publish","type":"product","link":"https:\/\/kliniksanktmoritz.ch\/pt\/produto\/hydratespark\/","title":{"rendered":"Hydratespark"},"content":{"rendered":"","protected":false},"excerpt":{"rendered":"<p>Beber \u00e1gua suficiente todos os dias e saber quanto beber \u00e9 dif\u00edcil. O HidrateSpark torna isso mais f\u00e1cil com uma meta personalizada, rastreamento autom\u00e1tico e lembretes personalizados de consumo.<\/p>\n<p>Na caixa:<\/p>\n<p>Frasco e tampa do HidrateSpark PRO<br \/>\nPuck de sensor alimentado pelo SipSense<br \/>\nCabo de carregamento r\u00e1pido<br \/>\nInstru\u00e7\u00f5es de in\u00edcio r\u00e1pido<br \/>\nDimens\u00f5es: polegadas<\/p>\n<p>17 oz - 2,76\" x 9,06\" (cabe na maioria dos suportes para copos)<br \/>\n20 oz - 2,76\" x 8,25\" (cabe na maioria dos porta-copos)<br \/>\n21 oz - 2,76\" x 10,63\" (cabe na maioria dos porta-copos)<br \/>\n24 oz - 2,76\u2033 x 10,92\u2033 (cabe na maioria dos suportes para copos)<br \/>\n32 oz - 3,82\u2033 x 11,3\u2033<br \/>\nPeso: libras<\/p>\n<p>17 oz - 0,95 lbs.<br \/>\n20 oz - 0,96 lbs.<br \/>\n21 oz - 1,06 lbs.<br \/>\n24 oz - 0,6 lbs.<br \/>\n32 oz - 1,63 lbs.<br \/>\nMaterial:<\/p>\n<p>17 oz - A\u00e7o inoxid\u00e1vel isolado<br \/>\n20 oz - A\u00e7o inoxid\u00e1vel isolado<br \/>\n21 oz - A\u00e7o inoxid\u00e1vel isolado<br \/>\n24 oz - Pl\u00e1stico Tritan<br \/>\n32 oz - A\u00e7o inoxid\u00e1vel isolado<br \/>\nManuais<\/p>\n<p>Caracter\u00edsticas:<\/p>\n<p>Os brilhos lembram voc\u00ea de se hidratar ao longo do dia. Personalize seus brilhos no aplicativo HidrateSpark.<br \/>\nA tecnologia SipSense rastreia cada gole que voc\u00ea bebe.<br \/>\nO Bluetooth sincroniza os goles com o aplicativo gratuito HidrateSpark para monitorar seu progresso.<br \/>\nO download do aplicativo HidrateSpark \u00e9 gratuito para iOS e Android.<br \/>\nO aplicativo calcula uma meta de hidrata\u00e7\u00e3o personalizada.<br \/>\nO a\u00e7o inoxid\u00e1vel com isolamento a v\u00e1cuo mant\u00e9m as bebidas frias por 24 horas. Os copos com tampa de press\u00e3o tamb\u00e9m podem manter as bebidas quentes por 4 horas.<br \/>\nBateria recarreg\u00e1vel com dura\u00e7\u00e3o de 10 a 14 dias.<br \/>\nIntegra-se com o Apple Health, Fitbit, Google Fit e Withings Health Mate.<br \/>\nSem BPA.<br \/>\nCuidados:<\/p>\n<p>O disco do sensor deve ser removido ANTES de limpar o corpo da garrafa e limpo apenas com um pano \u00famido.<br \/>\nN\u00c3O mergulhe o disco sensor na \u00e1gua nem o coloque na m\u00e1quina de lavar lou\u00e7a.<br \/>\nAs tampas e os corpos de pl\u00e1stico Tritan podem ser lavados na m\u00e1quina de lavar lou\u00e7a.<br \/>\nTodos os corpos de garrafas de a\u00e7o inoxid\u00e1vel s\u00e3o lavados SOMENTE \u00c0 M\u00c3O.<br \/>\nO copo de 20 oz \u00e9 o \u00fanico produto projetado para l\u00edquidos quentes. N\u00c3O use l\u00edquidos quentes em outros tamanhos, pois seus canudos e tampas n\u00e3o foram projetados para suportar a press\u00e3o interna criada pelo conte\u00fado quente, o que pode resultar na descarga de l\u00edquidos quentes que podem causar ferimentos.<\/p>","protected":false},"featured_media":12073,"template":"","meta":{"_acf_changed":false,"wds_primary_product_brand":0,"wds_primary_product_cat":0,"_wordproof_timestamp":false},"product_brand":[],"product_cat":[113,78],"product_tag":[],"class_list":{"0":"post-12071","1":"product","2":"type-product","3":"status-publish","4":"has-post-thumbnail","6":"product_cat-device","7":"product_cat-digitaltwin","9":"first","10":"instock","11":"shipping-taxable","12":"purchasable","13":"product-type-simple"},"acf":[],"_links":{"self":[{"href":"https:\/\/kliniksanktmoritz.ch\/pt\/wp-json\/wp\/v2\/product\/12071","targetHints":{"allow":["GET"]}}],"collection":[{"href":"https:\/\/kliniksanktmoritz.ch\/pt\/wp-json\/wp\/v2\/product"}],"about":[{"href":"https:\/\/kliniksanktmoritz.ch\/pt\/wp-json\/wp\/v2\/types\/product"}],"wp:featuredmedia":[{"embeddable":true,"href":"https:\/\/kliniksanktmoritz.ch\/pt\/wp-json\/wp\/v2\/media\/12073"}],"wp:attachment":[{"href":"https:\/\/kliniksanktmoritz.ch\/pt\/wp-json\/wp\/v2\/media?parent=12071"}],"wp:term":[{"taxonomy":"product_brand","embeddable":true,"href":"https:\/\/kliniksanktmoritz.ch\/pt\/wp-json\/wp\/v2\/product_brand?post=12071"},{"taxonomy":"product_cat","embeddable":true,"href":"https:\/\/kliniksanktmoritz.ch\/pt\/wp-json\/wp\/v2\/product_cat?post=12071"},{"taxonomy":"product_tag","embeddable":true,"href":"https:\/\/kliniksanktmoritz.ch\/pt\/wp-json\/wp\/v2\/product_tag?post=12071"}],"curies":[{"name":"wp","href":"https:\/\/api.w.org\/{rel}","templated":true}]}}