{"id":12078,"date":"2024-08-28T09:55:08","date_gmt":"2024-08-28T08:55:08","guid":{"rendered":"https:\/\/kliniksanktmoritz.ch\/?post_type=product&#038;p=12078"},"modified":"2024-10-03T17:24:05","modified_gmt":"2024-10-03T16:24:05","slug":"supersapiens","status":"publish","type":"product","link":"https:\/\/kliniksanktmoritz.ch\/pt\/produto\/supersapiens\/","title":{"rendered":"Supersapiens"},"content":{"rendered":"","protected":false},"excerpt":{"rendered":"<p>O plano de tr\u00eas meses da Supersapiens oferece a melhor experi\u00eancia de monitoramento de desempenho, combinando biossensores de \u00faltima gera\u00e7\u00e3o com um aplicativo e um portal de desktop perfeitos para visibilidade total da glicose. Com seis biossensores e patches de desempenho enviados a cada tr\u00eas meses, os usu\u00e1rios podem desfrutar de dados de glicose em tempo real e insights di\u00e1rios, perfeitos para atletas que precisam monitorar seu abastecimento e recupera\u00e7\u00e3o.<\/p>\n<p>Os principais recursos incluem rastreamento de glicose minuto a minuto, notifica\u00e7\u00f5es push personalizadas e a capacidade de analisar tend\u00eancias de longo prazo no desktop. A Energy Band \u00e0 prova d'\u00e1gua garante que nenhum telefone seja necess\u00e1rio, oferecendo uma maneira poderosa e sem esfor\u00e7o de monitorar os n\u00edveis de energia.<\/p>\n<p>Maximize seu potencial com o Supersapiens - onde a ci\u00eancia encontra o desempenho.<\/p>\n<p>&#8212;<\/p>\n<p>**Pronto para assumir o controle de sua energia?<\/p>\n<p>&nbsp;<\/p>\n<p>COBRADO A CADA 3 MESES<\/p>\n<p>MAIS POPULARES<br \/>\nPlano de 3 meses<\/p>\n<p>6 Biossensores*<\/p>\n<p>6 Patches de desempenho<\/p>\n<p>Aplicativo Supersapiens<\/p>\n<p>Frete gr\u00e1tis + IVA inclu\u00eddo<\/p>\n<p>Envios a cada 3 meses<\/p>\n<p>Cancelar a qualquer momento<\/p>\n<p>RASTREAMENTO AO VIVO<br \/>\nRastreamento de glicose minuto a minuto e seta de tend\u00eancia. Interprete instantaneamente os impactos da alimenta\u00e7\u00e3o, do humor e do movimento.<\/p>\n<p>INFORMA\u00c7\u00d5ES DI\u00c1RIAS<br \/>\nAcompanhe o progresso di\u00e1rio por meio de resumos e vis\u00f5es gerais dos principais eventos diretamente no aplicativo.<\/p>\n<p>PONTUA\u00c7\u00c3O DE GLICOSE<br \/>\nUma m\u00e9trica de her\u00f3i para cada treino para analisar seu abastecimento para desempenho.<\/p>\n<p>Saiba mais<\/p>\n<p>NOTIFICA\u00c7\u00d5ES PUSH<br \/>\nAlertas em tempo real quando a tend\u00eancia \u00e9 sair da zona de recupera\u00e7\u00e3o, facilitando a estabilidade da glicose.<\/p>\n<p>Saiba mais<\/p>\n<p>PORTAL DE DESKTOP<br \/>\nAmplie o zoom em semanas e meses. Analise tend\u00eancias de longo prazo. Exporte, compartilhe e colabore - tudo a partir do desktop.<\/p>\n<p>BANDA DE ENERGIA<br \/>\nN\u00e3o \u00e9 necess\u00e1rio telefone! A Energy Band \u00e9 sincronizada diretamente do biossensor para seu pulso via Bluetooth.<\/p>\n<p>Saiba mais<\/p>\n<p>VISIBILIDADE TOTAL<\/p>\n<p>D\u00ea uma olhada no aplicativo<br \/>\n\"Estou usando o aplicativo h\u00e1 mais de dois meses e ainda estou impressionado com a facilidade e a intuitividade.\" - Avalia\u00e7\u00e3o da App Store<\/p>\n<p>\"Para mim, o Supersapiens \u00e9 a coisa mais importante que j\u00e1 fiz para melhorar meu ciclismo, minha sa\u00fade e meu condicionamento f\u00edsico.\" - Avalia\u00e7\u00e3o da App Store<\/p>\n<p>RASTREAMENTO AO VIVO<\/p>\n<p>MINUTO A MINUTO<br \/>\nRASTREAMENTO AO VIVO<\/p>\n<p>EXERC\u00cdCIO<br \/>\nRESUMO<\/p>\n<p>RUSH<br \/>\nNOTIFICA\u00c7\u00c3O<\/p>\n<p>EVENTO DE ALIMENTA\u00c7\u00c3O<\/p>\n<p>RECUPERAR<br \/>\nRESUMO<\/p>\n<p>RECUPERA\u00c7\u00c3O<br \/>\nM\u00c9TRICAS<\/p>\n<p>EVENTO DI\u00c1RIO<br \/>\nLOG<\/p>\n<p>ALIMENTOS<br \/>\nEVENTO<br \/>\nABBOTT LIBRE SENSE<\/p>\n<p>Esporte com glicose<br \/>\nBiosensor<\/p>\n<p>Uso cont\u00ednuo por at\u00e9 14 dias<\/p>\n<p>Pode ser usado durante a nata\u00e7\u00e3o<\/p>\n<p>Transmite dados de glicose via bluetooth<\/p>\n<p>Dados de glicose minuto a minuto<\/p>\n<p>Dados altamente precisos e est\u00e1veis<\/p>\n<p>Sensor sem agulha, aplica\u00e7\u00e3o sem dor<\/p>\n<p>\u200d<br \/>\nMELHOR JUNTOS<\/p>\n<p>Integra\u00e7\u00f5es com seus aplicativos favoritos<br \/>\nAdicione perfeitamente dados de glicose aos seus aplicativos e dispositivos existentes. Importe dados como frequ\u00eancia card\u00edaca, pot\u00eancia e ritmo para o Supersapiens Dashboard.<\/p>\n<p>SAIBA MAIS<br \/>\n\u200d<br \/>\n\u200d<\/p>\n<p>DISPOSITIVOS GARMIN<\/p>\n<p>WAHOO<br \/>\nDISPOSITIVOS<\/p>\n<p>PICOS DE TREINAMENTO<\/p>\n<p>SA\u00daDE DA APPLE<\/p>\n<p>\u200d<br \/>\nN\u00c3O \u00c9 NECESS\u00c1RIO TELEFONE<\/p>\n<p>Conhe\u00e7a a Energy Band<br \/>\nSimples. Elegante. Poderoso. Emparelha-se diretamente com o biossensor esportivo de glicose Abbott Libre via Bluetooth. \u00c0 prova d'\u00e1gua e \u00e0 prova de estilha\u00e7os.<\/p>\n<p>SAIBA MAIS<\/p>\n<p>Pronto para saber mais?<br \/>\nFa\u00e7a o download do nosso guia de glicose.<br \/>\nGUIA DE DOWNLOAD<\/p>\n<p>MELHOR DESEMPENHO<\/p>\n<p>Maximizar a energia. Atinja seus objetivos com mais rapidez e for\u00e7a.<\/p>\n<p>APRENDER<\/p>\n<p>A glicose (comumente chamada de a\u00e7\u00facar no sangue) \u00e9 a principal fonte de energia do corpo para atividades de alta intensidade.<\/p>\n<p>MONITOR<\/p>\n<p>Os carboidratos se decomp\u00f5em em glicose, que \u00e9 transportada pela corrente sangu\u00ednea e usada imediatamente como energia ou armazenada nos m\u00fasculos e no f\u00edgado (\u00e0s vezes como gordura).<\/p>\n<p>CONTROLE<\/p>\n<p>A visibilidade da glicose significa elevar efetivamente os n\u00edveis no momento certo, para obter o m\u00e1ximo de energia sustentada quando seu corpo precisar.<\/p>","protected":false},"featured_media":12081,"template":"","meta":{"_acf_changed":false,"wds_primary_product_brand":0,"wds_primary_product_cat":0,"_wordproof_timestamp":false},"product_brand":[],"product_cat":[113,78],"product_tag":[],"class_list":{"0":"post-12078","1":"product","2":"type-product","3":"status-publish","4":"has-post-thumbnail","6":"product_cat-device","7":"product_cat-digitaltwin","9":"first","10":"instock","11":"shipping-taxable","12":"purchasable","13":"product-type-simple"},"acf":[],"_links":{"self":[{"href":"https:\/\/kliniksanktmoritz.ch\/pt\/wp-json\/wp\/v2\/product\/12078","targetHints":{"allow":["GET"]}}],"collection":[{"href":"https:\/\/kliniksanktmoritz.ch\/pt\/wp-json\/wp\/v2\/product"}],"about":[{"href":"https:\/\/kliniksanktmoritz.ch\/pt\/wp-json\/wp\/v2\/types\/product"}],"wp:featuredmedia":[{"embeddable":true,"href":"https:\/\/kliniksanktmoritz.ch\/pt\/wp-json\/wp\/v2\/media\/12081"}],"wp:attachment":[{"href":"https:\/\/kliniksanktmoritz.ch\/pt\/wp-json\/wp\/v2\/media?parent=12078"}],"wp:term":[{"taxonomy":"product_brand","embeddable":true,"href":"https:\/\/kliniksanktmoritz.ch\/pt\/wp-json\/wp\/v2\/product_brand?post=12078"},{"taxonomy":"product_cat","embeddable":true,"href":"https:\/\/kliniksanktmoritz.ch\/pt\/wp-json\/wp\/v2\/product_cat?post=12078"},{"taxonomy":"product_tag","embeddable":true,"href":"https:\/\/kliniksanktmoritz.ch\/pt\/wp-json\/wp\/v2\/product_tag?post=12078"}],"curies":[{"name":"wp","href":"https:\/\/api.w.org\/{rel}","templated":true}]}}