{"id":12091,"date":"2024-08-28T09:57:43","date_gmt":"2024-08-28T08:57:43","guid":{"rendered":"https:\/\/kliniksanktmoritz.ch\/?post_type=product&#038;p=12091"},"modified":"2024-08-28T09:57:44","modified_gmt":"2024-08-28T08:57:44","slug":"cnoga-mtx","status":"publish","type":"product","link":"https:\/\/kliniksanktmoritz.ch\/pt\/produto\/cnoga-mtx\/","title":{"rendered":"CNOGA MTX"},"content":{"rendered":"","protected":false},"excerpt":{"rendered":"<p>Hemodin\u00e2mica<br \/>\nPulso<\/p>\n<p>Press\u00e3o arterial cont\u00ednua<\/p>\n<p>D\u00e9bito card\u00edaco<\/p>\n<p>Volume sist\u00f3lico<\/p>\n<p>Press\u00e3o arterial m\u00e9dia<\/p>\n<p>OCG - Cardiograma \u00f3ptico<\/p>\n<p>Hematologia<br \/>\nHemoglobina<\/p>\n<p>Hemat\u00f3crito<\/p>\n<p>Contagem de gl\u00f3bulos vermelhos<\/p>\n<p>Viscosidade do sangue<\/p>\n<p>Gases do sangue<br \/>\nSatura\u00e7\u00e3o de oxig\u00eanio (SpO2)<\/p>\n<p>PCO2<\/p>\n<p>PO2<\/p>\n<p>Conte\u00fado de O2<\/p>\n<p>Conte\u00fado de CO2<\/p>\n<p>PH<\/p>\n<p>F\u00e1cil de conectar<br \/>\nGerenciamento de hist\u00f3rico<\/p>\n<p>An\u00e1lise de tend\u00eancias<\/p>\n<p>Notifica\u00e7\u00f5es de alerta<\/p>\n<p>Conectividade com cuidadores pessoais<\/p>\n<p>Bluetooth - Conectividade com a nuvem<\/p>\n<p>Os resultados podem ser compartilhados por SDK\/API<\/p>","protected":false},"featured_media":12093,"template":"","meta":{"_acf_changed":false,"wds_primary_product_brand":0,"wds_primary_product_cat":0,"_wordproof_timestamp":false},"product_brand":[],"product_cat":[113,78],"product_tag":[],"class_list":{"0":"post-12091","1":"product","2":"type-product","3":"status-publish","4":"has-post-thumbnail","6":"product_cat-device","7":"product_cat-digitaltwin","9":"first","10":"instock","11":"shipping-taxable","12":"purchasable","13":"product-type-simple"},"acf":[],"_links":{"self":[{"href":"https:\/\/kliniksanktmoritz.ch\/pt\/wp-json\/wp\/v2\/product\/12091","targetHints":{"allow":["GET"]}}],"collection":[{"href":"https:\/\/kliniksanktmoritz.ch\/pt\/wp-json\/wp\/v2\/product"}],"about":[{"href":"https:\/\/kliniksanktmoritz.ch\/pt\/wp-json\/wp\/v2\/types\/product"}],"wp:featuredmedia":[{"embeddable":true,"href":"https:\/\/kliniksanktmoritz.ch\/pt\/wp-json\/wp\/v2\/media\/12093"}],"wp:attachment":[{"href":"https:\/\/kliniksanktmoritz.ch\/pt\/wp-json\/wp\/v2\/media?parent=12091"}],"wp:term":[{"taxonomy":"product_brand","embeddable":true,"href":"https:\/\/kliniksanktmoritz.ch\/pt\/wp-json\/wp\/v2\/product_brand?post=12091"},{"taxonomy":"product_cat","embeddable":true,"href":"https:\/\/kliniksanktmoritz.ch\/pt\/wp-json\/wp\/v2\/product_cat?post=12091"},{"taxonomy":"product_tag","embeddable":true,"href":"https:\/\/kliniksanktmoritz.ch\/pt\/wp-json\/wp\/v2\/product_tag?post=12091"}],"curies":[{"name":"wp","href":"https:\/\/api.w.org\/{rel}","templated":true}]}}