{"id":12097,"date":"2024-08-28T10:00:12","date_gmt":"2024-08-28T09:00:12","guid":{"rendered":"https:\/\/kliniksanktmoritz.ch\/?post_type=product&#038;p=12097"},"modified":"2024-08-28T10:00:13","modified_gmt":"2024-08-28T09:00:13","slug":"aktiia","status":"publish","type":"product","link":"https:\/\/kliniksanktmoritz.ch\/pt\/produto\/aktiia\/","title":{"rendered":"Aktiia"},"content":{"rendered":"","protected":false},"excerpt":{"rendered":"<p>Monitoramento da press\u00e3o arterial<br \/>\nO Aktiia mede automaticamente sua press\u00e3o arterial enquanto voc\u00ea faz sua vida di\u00e1ria, sem interrup\u00e7\u00f5es.<\/p>\n<p>Confian\u00e7a dos usu\u00e1rios<\/p>\n<p>Validado clinicamente<\/p>\n<p>Dispositivos m\u00e9dicos<\/p>\n<p>Monitore sem esfor\u00e7o<br \/>\nO Aktiia \u00e9 um monitor de press\u00e3o arterial elegante e de alta tecnologia que se integra perfeitamente a um estilo de vida agitado, fornecendo dados de sa\u00fade confi\u00e1veis e sem complica\u00e7\u00f5es.<\/p>\n<p>Compartilhar resultados<br \/>\nO monitoramento cont\u00ednuo fornece uma vis\u00e3o abrangente da sua press\u00e3o arterial durante o dia e a noite. Compartilhe com seu m\u00e9dico e seus entes queridos.<\/p>\n<p>Tomar decis\u00f5es informadas<br \/>\nA Aktiia n\u00e3o se trata apenas de monitoramento, mas de aprimoramento. Otimize as mudan\u00e7as no estilo de vida para melhorar a sa\u00fade.<\/p>\n<p>Descubra insights sobre sa\u00fade<br \/>\n\"O estudo cl\u00ednico fundamental da Aktiia mostrou que sua solu\u00e7\u00e3o teve um desempenho dentro dos padr\u00f5es de precis\u00e3o ISO para medi\u00e7\u00f5es sist\u00f3licas e diast\u00f3licas.\"<br \/>\n\"Um avan\u00e7o importante para pessoas que sofrem de problemas de press\u00e3o arterial.\"<br \/>\n\"Registra automaticamente os valores de press\u00e3o arterial durante 24 horas, mesmo quando a pessoa est\u00e1 dormindo.\"<br \/>\n\"O \u00fanico produto que faz leituras automaticamente em todas as horas.\"<br \/>\n\"\u00c9 muito f\u00e1cil de usar. A pulseira faz as leituras quando voc\u00ea est\u00e1 em repouso.\"<br \/>\n\"O estudo cl\u00ednico fundamental da Aktiia mostrou que sua solu\u00e7\u00e3o teve um desempenho dentro dos padr\u00f5es de precis\u00e3o ISO para medi\u00e7\u00f5es sist\u00f3licas e diast\u00f3licas.\"<br \/>\n\"Um avan\u00e7o importante para pessoas que sofrem de problemas de press\u00e3o arterial.\"<br \/>\n1<br \/>\n2<br \/>\n3<br \/>\n4<br \/>\n5<\/p>\n<p>Precis\u00e3o confirmada por estudos cl\u00ednicos<br \/>\nO Aktiia tem a precis\u00e3o equivalente \u00e0 do manguito de PA, conforme comprovado por 6 estudos cl\u00ednicos.<\/p>\n<p>Explore a ci\u00eancia por tr\u00e1s de nossa precis\u00e3o<\/p>\n<p>PA sist\u00f3lica<br \/>\nPrecis\u00e3o<br \/>\n0,45 \u00b1 7,75 mmHg<\/p>\n<p>PA diast\u00f3lica<br \/>\nPrecis\u00e3o<br \/>\n0,38 \u00b1 6,86 mmHg<\/p>\n<p>O futuro do monitoramento da press\u00e3o arterial est\u00e1 aqui<br \/>\nConfi\u00e1vel pelos usu\u00e1rios<br \/>\nEscolhido por milhares de pessoas para monitoramento confi\u00e1vel e f\u00e1cil de usar.<\/p>","protected":false},"featured_media":12101,"template":"","meta":{"_acf_changed":false,"wds_primary_product_brand":0,"wds_primary_product_cat":0,"_wordproof_timestamp":false},"product_brand":[],"product_cat":[113,78],"product_tag":[],"class_list":{"0":"post-12097","1":"product","2":"type-product","3":"status-publish","4":"has-post-thumbnail","6":"product_cat-device","7":"product_cat-digitaltwin","9":"first","10":"instock","11":"shipping-taxable","12":"purchasable","13":"product-type-simple"},"acf":[],"_links":{"self":[{"href":"https:\/\/kliniksanktmoritz.ch\/pt\/wp-json\/wp\/v2\/product\/12097","targetHints":{"allow":["GET"]}}],"collection":[{"href":"https:\/\/kliniksanktmoritz.ch\/pt\/wp-json\/wp\/v2\/product"}],"about":[{"href":"https:\/\/kliniksanktmoritz.ch\/pt\/wp-json\/wp\/v2\/types\/product"}],"wp:featuredmedia":[{"embeddable":true,"href":"https:\/\/kliniksanktmoritz.ch\/pt\/wp-json\/wp\/v2\/media\/12101"}],"wp:attachment":[{"href":"https:\/\/kliniksanktmoritz.ch\/pt\/wp-json\/wp\/v2\/media?parent=12097"}],"wp:term":[{"taxonomy":"product_brand","embeddable":true,"href":"https:\/\/kliniksanktmoritz.ch\/pt\/wp-json\/wp\/v2\/product_brand?post=12097"},{"taxonomy":"product_cat","embeddable":true,"href":"https:\/\/kliniksanktmoritz.ch\/pt\/wp-json\/wp\/v2\/product_cat?post=12097"},{"taxonomy":"product_tag","embeddable":true,"href":"https:\/\/kliniksanktmoritz.ch\/pt\/wp-json\/wp\/v2\/product_tag?post=12097"}],"curies":[{"name":"wp","href":"https:\/\/api.w.org\/{rel}","templated":true}]}}