{"id":12102,"date":"2024-08-28T10:04:31","date_gmt":"2024-08-28T09:04:31","guid":{"rendered":"https:\/\/kliniksanktmoritz.ch\/?post_type=product&#038;p=12102"},"modified":"2024-08-28T10:04:34","modified_gmt":"2024-08-28T09:04:34","slug":"hexoskin","status":"publish","type":"product","link":"https:\/\/kliniksanktmoritz.ch\/pt\/produto\/hexoskin\/","title":{"rendered":"HEXOSKIN"},"content":{"rendered":"","protected":false},"excerpt":{"rendered":"<p>AS ROUPAS INTELIGENTES MAIS AVAN\u00c7ADAS EST\u00c3O AQUI!<br \/>\nAs vestimentas inteligentes Hexoskin incluem sensores t\u00eaxteis incorporados em vestimentas confort\u00e1veis para monitoramento card\u00edaco, respirat\u00f3rio e de atividade preciso e cont\u00ednuo.<\/p>\n<p>Os usu\u00e1rios do Hexoskin podem visualizar, relatar e analisar seus dados com a Plataforma de Sa\u00fade Conectada Hexoskin. As roupas inteligentes Hexoskin foram usadas em mais de 200 publica\u00e7\u00f5es cient\u00edficas, mais do que todos os concorrentes de roupas inteligentes juntos. Fa\u00e7a seu pedido hoje mesmo! <\/p>\n<p>Especifica\u00e7\u00f5es do produto Hexoskin. Monitores, recursos, camisa biom\u00e9trica e dados e tecnologia<br \/>\nO QUE \u00c9 O MONITOR DE ROUPAS INTELIGENTES HEXOSKIN<br \/>\nDados cont\u00ednuos card\u00edacos, pulmonares, de atividade e de sono.<br \/>\nRelat\u00f3rio cont\u00ednuo de um eletrocardi\u00f3grafo de uma deriva\u00e7\u00e3o: ECG e frequ\u00eancia card\u00edaca, variabilidade da frequ\u00eancia card\u00edaca (VFC) para monitoramento de estresse, esfor\u00e7o, carga e avalia\u00e7\u00f5es de fadiga), eventos QRS, zonas de frequ\u00eancia card\u00edaca, frequ\u00eancia card\u00edaca m\u00e1xima, frequ\u00eancia card\u00edaca em repouso e recupera\u00e7\u00e3o da frequ\u00eancia card\u00edaca<br \/>\nVentila\u00e7\u00e3o respirat\u00f3ria cont\u00ednua com sensores de pletismografia de indut\u00e2ncia respirat\u00f3ria (RIP) tor\u00e1cica e abdominal que informam: Frequ\u00eancia respirat\u00f3ria (RPM), Ventila\u00e7\u00e3o por minuto (L\/min) e VO2max<br \/>\nIntensidade da atividade, acelera\u00e7\u00e3o m\u00e1xima, passos, cad\u00eancia, posi\u00e7\u00f5es e sono com um aceler\u00f4metro de 3 eixos<br \/>\nVeja as principais m\u00e9tricas de sa\u00fade relatadas com o Hexoskin<br \/>\nVESTU\u00c1RIO INTELIGENTE HEXOSKIN<br \/>\nRoupas inteligentes n\u00e3o invasivas e confort\u00e1veis para homens, mulheres e crian\u00e7as<br \/>\nTecido italiano de alto desempenho, lav\u00e1vel \u00e0 m\u00e1quina, projetado para resistir.<br \/>\nSecagem r\u00e1pida, respir\u00e1vel, leve, antiodor, resistente ao cloro e com prote\u00e7\u00e3o UV.<br \/>\nRECURSOS TECNOL\u00d3GICOS<br \/>\nAt\u00e9 mais de 36 horas de dura\u00e7\u00e3o da bateria<br \/>\nAt\u00e9 mais de 100 dias de grava\u00e7\u00e3o<br \/>\nConectividade Bluetooth com dispositivos iPhone, iPad e Android<br \/>\nClinicamente validado por laborat\u00f3rios de pesquisa independentes<br \/>\nProjetado e montado no Canad\u00e1<br \/>\nPLATAFORMA DE SA\u00daDE CONECTADA HEXOSKIN<br \/>\nAplicativos e pain\u00e9is on-line para visualizar, gerenciar e interpretar os dados do Hexoskin<br \/>\nO Hexoskin OneAPI permite baixar dados brutos e usar seu pr\u00f3prio software de an\u00e1lise para monitoramento da sa\u00fade<br \/>\nDados anal\u00f3gicos de ECG de 256 Hz<br \/>\nSensores de respira\u00e7\u00e3o anal\u00f3gicos de canal duplo de 128 Hz<br \/>\nAcelera\u00e7\u00e3o anal\u00f3gica 3D de 64 Hz<br \/>\nLicen\u00e7a do Hexoskin SDK para Android dispon\u00edvel<br \/>\nO QUE A HEXOSKIN MEDE<br \/>\nA Hexoskin fornece informa\u00e7\u00f5es sobre seu estado de sa\u00fade, sono e atividades pessoais di\u00e1rias. As camisas inteligentes Hexoskin e a plataforma de sa\u00fade conectada tamb\u00e9m s\u00e3o usadas em pesquisas e projetos card\u00edacos, respirat\u00f3rios, de atividade, de estresse, cognitivos e de sono. Para obter mais informa\u00e7\u00f5es, visite nossas p\u00e1ginas de Not\u00edcias e Pesquisa em Sa\u00fade.<\/p>\n<p>FREQU\u00caNCIA CARD\u00cdACA<br \/>\nMonitore seus batimentos card\u00edacos e visualize seu ECG em tempo real com grande precis\u00e3o.<\/p>\n<p>VARIABILIDADE DA FREQU\u00caNCIA CARD\u00cdACA<br \/>\nA VFC \u00e9 uma ferramenta essencial para medir o estresse, a carga e a fadiga do treinamento para evitar o excesso de treinamento ou les\u00f5es.<\/p>\n<p>TAXA DE RESPIRA\u00c7\u00c3O<br \/>\nAprenda a controlar sua respira\u00e7\u00e3o, aumente seu desempenho e reduza o estresse.<\/p>\n<p>VOLUME DE RESPIRA\u00c7\u00c3O<br \/>\nSaiba qual \u00e9 a sua ventila\u00e7\u00e3o pulmonar para cada uma de suas atividades. Entenda como sua respira\u00e7\u00e3o est\u00e1 relacionada a seus ciclos de sono.<\/p>\n<p>ATIVIDADE<br \/>\n(PASSOS, CAD\u00caNCIA E CALORIAS)<br \/>\nSeu n\u00edvel de intensidade, passos e ritmo s\u00e3o registrados no painel e vis\u00edveis EM TEMPO REAL no seu dispositivo.<\/p>\n<p>DORMIR<br \/>\nO Hexoskin \u00e9 um dispositivo avan\u00e7ado e validado de rastreamento do sono: mede sua frequ\u00eancia card\u00edaca em repouso, respira\u00e7\u00e3o e posi\u00e7\u00f5es de sono.<\/p>\n<p>SOLU\u00c7\u00d5ES DE SOFTWARE E SA\u00daDE CONECTADA<br \/>\nPara aproveitar totalmente o poder da Plataforma de Sa\u00fade Conectada Hexoskin, baixe os aplicativos para iOS e Android para monitorar sua sa\u00fade em tempo real, acompanhar seu status de sa\u00fade e produzir relat\u00f3rios de avalia\u00e7\u00e3o do sono. Gerencie v\u00e1rios usu\u00e1rios e acesse dados brutos e processados no Hexoskin Online Dashboard.<\/p>\n<p>SA\u00daDE E DESEMPENHO<br \/>\nAcompanhe seu status de sa\u00fade, me\u00e7a sua sa\u00fade, seu desempenho e seu sono em tempo real e acompanhe seu progresso. As vestimentas inteligentes da Hexoskin permitem o monitoramento card\u00edaco preciso do ECG com fun\u00e7\u00e3o pulmonar cont\u00ednua e rastreamento de atividades. Descubra a plataforma de sa\u00fade conectada da Hexoskin hoje mesmo!<\/p>\n<p>PESQUISA ACAD\u00caMICA\/CL\u00cdNICA<br \/>\nA Hexoskin oferece uma solu\u00e7\u00e3o completa de ponta a ponta para coletar evid\u00eancias do mundo real. Centenas de pesquisadores em todo o mundo est\u00e3o usando a Plataforma de Sa\u00fade Conectada da Hexoskin para Pesquisa em Sa\u00fade e Desenvolvimento Cl\u00ednico em Cardiologia, Respirat\u00f3ria, Sono, Estresse, Transtornos Mentais, Neurologia e Pediatria.<\/p>\n<p>SOCORRISTAS E DEFESA<br \/>\nAs vestimentas inteligentes Hexoskin permitem o monitoramento cont\u00ednuo do sono e da variabilidade da frequ\u00eancia card\u00edaca (VFC) para socorristas e pessoal de defesa, para realizar estudos longitudinais sobre sa\u00fade mental e monitoramento de estresse, les\u00f5es por estresse operacional (OSIs) e avalia\u00e7\u00f5es de transtorno de estresse p\u00f3s-traum\u00e1tico (PTSD).<\/p>\n<p>INTELIG\u00caNCIA EM SA\u00daDE M\u00d3VEL<br \/>\n\"A tecnologia vest\u00edvel da Hexoskin permitir\u00e1 que pesquisadores e cl\u00ednicos investiguem pessoas gravemente afetadas pela Encefalomielite Mialgica (ME\/CF)... o que raramente \u00e9 feito devido \u00e0 sua capacidade limitada de participar de estudos cl\u00ednicos.\"<\/p>\n<p>NOT\u00cdCIAS DA M\u00cdDIA<br \/>\nO Hexoskin \u00e9 um excelente produto, capaz de rastrear com precis\u00e3o uma s\u00e9rie de dados biom\u00e9tricos. \"A Hexoskin oferece uma camisa vest\u00edvel para reabilita\u00e7\u00e3o em casa. O produto pode medir a frequ\u00eancia card\u00edaca, a atividade, a frequ\u00eancia respirat\u00f3ria e o sono\". <\/p>\n<p>INTELIG\u00caNCIA EM SA\u00daDE M\u00d3VEL<br \/>\n\"A tecnologia vest\u00edvel da Hexoskin permitir\u00e1 que pesquisadores e cl\u00ednicos investiguem pessoas gravemente afetadas pela Encefalomielite Mialgica (ME\/CF)... o que raramente \u00e9 feito devido \u00e0 sua capacidade limitada de participar de estudos cl\u00ednicos.\"<\/p>\n<p>NOT\u00cdCIAS DA M\u00cdDIA<br \/>\nO Hexoskin \u00e9 um excelente produto, capaz de rastrear com precis\u00e3o uma s\u00e9rie de dados biom\u00e9tricos. \"A Hexoskin oferece uma camisa vest\u00edvel para reabilita\u00e7\u00e3o em casa. O produto pode medir a frequ\u00eancia card\u00edaca, a atividade, a frequ\u00eancia respirat\u00f3ria e o sono\". <\/p>\n<p>INTELIG\u00caNCIA EM SA\u00daDE M\u00d3VEL<br \/>\n\"A tecnologia vest\u00edvel da Hexoskin permitir\u00e1 que pesquisadores e cl\u00ednicos investiguem pessoas gravemente afetadas pela Encefalomielite Mialgica (ME\/CF)... o que raramente \u00e9 feito devido \u00e0 sua capacidade limitada de participar de estudos cl\u00ednicos.\"<\/p>\n<p>NOT\u00cdCIAS DA M\u00cdDIA<br \/>\nO Hexoskin \u00e9 um excelente produto, capaz de rastrear com precis\u00e3o uma s\u00e9rie de dados biom\u00e9tricos. \"A Hexoskin oferece uma camisa vest\u00edvel para reabilita\u00e7\u00e3o em casa. O produto pode medir a frequ\u00eancia card\u00edaca, a atividade, a frequ\u00eancia respirat\u00f3ria e o sono\". <\/p>","protected":false},"featured_media":12106,"template":"","meta":{"_acf_changed":false,"wds_primary_product_brand":0,"wds_primary_product_cat":0,"_wordproof_timestamp":false},"product_brand":[],"product_cat":[113,78],"product_tag":[],"class_list":{"0":"post-12102","1":"product","2":"type-product","3":"status-publish","4":"has-post-thumbnail","6":"product_cat-device","7":"product_cat-digitaltwin","9":"first","10":"instock","11":"shipping-taxable","12":"purchasable","13":"product-type-simple"},"acf":[],"_links":{"self":[{"href":"https:\/\/kliniksanktmoritz.ch\/pt\/wp-json\/wp\/v2\/product\/12102","targetHints":{"allow":["GET"]}}],"collection":[{"href":"https:\/\/kliniksanktmoritz.ch\/pt\/wp-json\/wp\/v2\/product"}],"about":[{"href":"https:\/\/kliniksanktmoritz.ch\/pt\/wp-json\/wp\/v2\/types\/product"}],"wp:featuredmedia":[{"embeddable":true,"href":"https:\/\/kliniksanktmoritz.ch\/pt\/wp-json\/wp\/v2\/media\/12106"}],"wp:attachment":[{"href":"https:\/\/kliniksanktmoritz.ch\/pt\/wp-json\/wp\/v2\/media?parent=12102"}],"wp:term":[{"taxonomy":"product_brand","embeddable":true,"href":"https:\/\/kliniksanktmoritz.ch\/pt\/wp-json\/wp\/v2\/product_brand?post=12102"},{"taxonomy":"product_cat","embeddable":true,"href":"https:\/\/kliniksanktmoritz.ch\/pt\/wp-json\/wp\/v2\/product_cat?post=12102"},{"taxonomy":"product_tag","embeddable":true,"href":"https:\/\/kliniksanktmoritz.ch\/pt\/wp-json\/wp\/v2\/product_tag?post=12102"}],"curies":[{"name":"wp","href":"https:\/\/api.w.org\/{rel}","templated":true}]}}