{"id":12171,"date":"2024-08-31T16:55:21","date_gmt":"2024-08-31T15:55:21","guid":{"rendered":"https:\/\/kliniksanktmoritz.ch\/?post_type=product&#038;p=12171"},"modified":"2024-09-01T11:13:10","modified_gmt":"2024-09-01T10:13:10","slug":"sirtlife-500","status":"publish","type":"product","link":"https:\/\/kliniksanktmoritz.ch\/pt\/produto\/sirtlife-500\/","title":{"rendered":"Sirtlife 500"},"content":{"rendered":"","protected":false},"excerpt":{"rendered":"<p>12 pacotes com entrega mensal<\/p>\n<p>Sirtlife 500<\/p>\n<p>Para obter a efic\u00e1cia ideal do produto, a dose recomendada \u00e9 de 2 comprimidos por dia de SIRT500 Plus. Nossos especialistas confirmam que os primeiros resultados s\u00e3o vis\u00edveis ap\u00f3s 2 a 3 meses do in\u00edcio do tratamento.<\/p>\n<p>Inscreva-se para receber o SIRT500 Plus por um pre\u00e7o especial<\/p>\n<p>Leia os ingredientes<\/p>\n<p>Importante: As promo\u00e7\u00f5es em andamento e os descontos por quantidade n\u00e3o s\u00e3o cumulativos.<\/p>\n<p>Como tomar:<\/p>\n<p>Tome um comprimido de Sirt500 pela manh\u00e3 e outro \u00e0 noite<\/p>\n<p>Nossos especialistas recomendam tomar os suplementos SIRTLIFE antes das refei\u00e7\u00f5es principais e continuar o tratamento continuamente por pelo menos 2 a 3 meses.<\/p>\n<p>Para obter os melhores resultados, a ingest\u00e3o dos suplementos SIRTLIFE deve ser acompanhada de uma dieta equilibrada e de atividade f\u00edsica regular. Os suplementos n\u00e3o devem ser considerados substitutos de uma dieta variada e equilibrada e de um estilo de vida saud\u00e1vel.<\/p>\n<p>ADVERT\u00caNCIAS: N\u00e3o exceda a dose di\u00e1ria recomendada. Manter fora do alcance de crian\u00e7as com menos de 3 anos de idade.<\/p>\n<p>Os suplementos SIRTLIFE n\u00e3o t\u00eam contraindica\u00e7\u00f5es, exceto em indiv\u00edduos al\u00e9rgicos aos ingredientes ativos do produto. Nesses casos, ou se sofrer de doen\u00e7as cr\u00f4nicas, recomenda-se consultar o m\u00e9dico antes de iniciar o tratamento.<\/p>\n<p>Os produtos SIRTLIFE s\u00e3o suplementos diet\u00e9ticos de alta qualidade, desenvolvidos com base em anos de estudos cient\u00edficos por nossa equipe, que analisou minuciosamente a correla\u00e7\u00e3o entre a produ\u00e7\u00e3o de sirtu\u00ednas no corpo e o funcionamento correto dos processos metab\u00f3licos.<\/p>\n<p>A partir dos 30-35 anos, a produ\u00e7\u00e3o natural de sirtu\u00ednas no corpo come\u00e7a a diminuir. \u00c9 por isso que nossos especialistas recomendam iniciar o tratamento por volta dessa idade. As sirtu\u00ednas s\u00e3o uma classe de prote\u00ednas que realizam uma valiosa atividade enzim\u00e1tica e regulam importantes vias metab\u00f3licas no corpo.<\/p>\n<p>As sirtu\u00ednas atuam de forma sist\u00eamica em todo o corpo, regulando os processos metab\u00f3licos e fisiol\u00f3gicos e trabalhando no mecanismo que ocorre sempre que consumimos doces ou alimentos refinados: a resist\u00eancia \u00e0 insulina.<\/p>\n<p>Al\u00e9m de melhorar os processos metab\u00f3licos, a produ\u00e7\u00e3o de sirtu\u00ednas no corpo desempenha um papel importante na preven\u00e7\u00e3o de doen\u00e7as como hiperglicemia, diabetes, obesidade e s\u00edndrome metab\u00f3lica.<\/p>\n<p>O que o SIRT500 Plus cont\u00e9m?<\/p>\n<p>O SIRT500 Plus \u00e9 um suplemento diet\u00e9tico natural \u00e0 base de minerais, polifen\u00f3is e ativadores de sirtu\u00edna.<\/p>\n<p>Os produtos SIRT500 Plus cont\u00eam apenas ingredientes naturais e de alta qualidade, extra\u00eddos com procedimentos sem solventes e em uma concentra\u00e7\u00e3o maior do que a m\u00e9dia dos suplementos dispon\u00edveis no mercado.<\/p>\n<p>OS MINERAIS<\/p>\n<p>No SIRT500 Plus, est\u00e3o presentes diferentes minerais que ativam as sirtu\u00ednas e, portanto, s\u00e3o capazes de estimular o rejuvenescimento celular e apoiar o sistema imunol\u00f3gico durante o envelhecimento:<\/p>\n<p>Zinco<\/p>\n<p>O zinco \u00e9 um dos complexos enzim\u00e1ticos necess\u00e1rios para o funcionamento adequado dos horm\u00f4nios, da insulina, dos horm\u00f4nios sexuais e do horm\u00f4nio do crescimento. \u00c9 um mineral fundamental para o nosso corpo.<\/p>\n<p>Sel\u00eanio<\/p>\n<p>O sel\u00eanio \u00e9 um antioxidante muito eficaz. Ele neutraliza o estresse oxidativo celular, tem atividades preventivas, proporciona a\u00e7\u00e3o protetora na tireoide, garantindo seu funcionamento adequado, e nos anexos da pele.<\/p>\n<p>Cromo<\/p>\n<p>O cromo regula os n\u00edveis de insulina, um horm\u00f4nio fundamental em nosso corpo que influencia o controle de gorduras e glicose.<\/p>\n<p>OS POLIFEN\u00d3IS<\/p>\n<p>Os polifen\u00f3is s\u00e3o subst\u00e2ncias contidas nos alimentos, principalmente nos alimentos de origem vegetal. Eles est\u00e3o presentes principalmente em frutas, vegetais, vinho tinto, ch\u00e1 verde, chocolate, caf\u00e9 e azeite de oliva.<\/p>\n<p>Conhecidos por seus comprovados efeitos anti-inflamat\u00f3rios, antioxidantes e antiagregantes, os polifen\u00f3is representam um importante elemento de defesa para o organismo: s\u00e3o mol\u00e9culas org\u00e2nicas de origem vegetal que contribuem para a manuten\u00e7\u00e3o da sa\u00fade celular, combatendo o envelhecimento e regulando a absor\u00e7\u00e3o e o armazenamento de colesterol no sangue.<\/p>\n<p>Os melhores polifen\u00f3is e ativadores de sirtu\u00edna conhecidos na medicina e contidos no exclusivo suplemento diet\u00e9tico natural SIRT500 Plus s\u00e3o principalmente quatro:<\/p>\n<p>O ONOCHIOL<\/p>\n<p>Foi demonstrado que o onociol possui propriedades anti-inflamat\u00f3rias e protetoras. Ele realiza atividades preventivas, especialmente nas c\u00e9lulas do nosso corpo. Ele tamb\u00e9m \u00e9 capaz de reduzir o ac\u00famulo de gordura corporal.<\/p>\n<p>\u00c1CIDO ELL\u00c1GICO<\/p>\n<p>O \u00e1cido el\u00e1gico \u00e9 um antioxidante fen\u00f3lico natural. Tem propriedades antioxidantes, antitromb\u00f3ticas e antial\u00e9rgicas, al\u00e9m de efeitos vasoprotetores e gastroprotetores.<\/p>\n<p>POLIDATINA<\/p>\n<p>A polidatina faz parte da classe dos estilbenos da fam\u00edlia dos polifen\u00f3is. Ela exerce atividades antioxidantes, anti-inflamat\u00f3rias, antienvelhecimento e antiagregantes.<\/p>\n<p>PTEROSTILBENO<\/p>\n<p>O pterostilbeno reduz o ac\u00famulo de gordura, tem propriedades protetoras e anti-inflamat\u00f3rias e apoia o sistema imunol\u00f3gico ao realizar atividades preventivas.<\/p>\n<p>12 caixas com controle mensal<\/p>\n<p>Sirtlife 500<\/p>\n<p>&nbsp;<\/p>\n<p>Para uma efic\u00e1cia ideal do produto, a dose recomendada \u00e9 de 2 compressas por dia de SIRT500 Plus. Nossos especialistas confirmam que os primeiros resultados s\u00e3o vis\u00edveis ap\u00f3s 2 a 3 meses do in\u00edcio do tratamento.<\/p>\n<p>&nbsp;<\/p>\n<p>Abbonati per ricevere SIRT500 Plus a un prezzo speciale<\/p>\n<p>Leia os ingredientes<\/p>\n<p>Importante: As promo\u00e7\u00f5es em andamento e os descontos de quantidade n\u00e3o s\u00e3o cumulativos.<\/p>\n<p>&nbsp;<\/p>\n<p>Modalidade de entrega:<\/p>\n<ul>\n<li>Assumir uma pastiglia di Sirt500 na manh\u00e3 e outra na manh\u00e3 seguinte<\/li>\n<\/ul>\n<p>&nbsp;<\/p>\n<p>Nossos especialistas recomendam que voc\u00ea assuma os integradores SIRTLIFE antes dos principais passos e que continue o tratamento de forma cont\u00ednua por cerca de 2 a 3 meses.<\/p>\n<p>Para um resultado ideal, a utiliza\u00e7\u00e3o dos integradores SIRTLIFE deve ser acompanhada de uma dieta balanceada e de uma atividade f\u00edsica regular. Os integradores n\u00e3o podem se intrometer como substitutos de uma alimenta\u00e7\u00e3o variada e equilibrada e de um estilo de vida saud\u00e1vel.<\/p>\n<p>AVISO: N\u00e3o exceda a dose di\u00e1ria recomendada. Mantenha-o fora do alcance de crian\u00e7as com menos de 3 anos de idade.<\/p>\n<p>Os integradores da SIRTLIFE n\u00e3o apresentam indica\u00e7\u00f5es de controle, se n\u00e3o forem al\u00e9rgicos aos princ\u00edpios ativos do produto. Nesse caso, ou se o paciente tiver uma doen\u00e7a cr\u00f4nica, recomenda-se consultar o pr\u00f3prio m\u00e9dico assistente antes de iniciar o tratamento.<\/p>\n<p>&nbsp;<\/p>\n<p>Os produtos SIRTLIFE s\u00e3o integradores alimentares de alta gama, desenvolvidos com base em anos de estudos cient\u00edficos por parte de nossa equipe, que analisou detalhadamente a correla\u00e7\u00e3o entre a produ\u00e7\u00e3o de sirtu\u00edna no organismo e o correto esgotamento dos processos metab\u00f3licos.<\/p>\n<p>&nbsp;<\/p>\n<p>A partir dos 30-35 anos, a produ\u00e7\u00e3o natural de sirtu\u00edna no organismo come\u00e7a a diminuir. Veja por que nossos especialistas recomendam iniciar o tratamento nessa idade. As sirtu\u00ednas s\u00e3o uma classe de prote\u00ednas que desempenham uma atividade enzim\u00e1tica preciosa e regulam importantes fun\u00e7\u00f5es metab\u00f3licas no interior do organismo.<\/p>\n<p>&nbsp;<\/p>\n<p>As sirtu\u00ednas agem em um n\u00edvel sist\u00eamico em todo o organismo, regulando os processos metab\u00f3licos e fisiol\u00f3gicos e trabalhando com o mecanismo que entra em a\u00e7\u00e3o a cada vez que se ingere doces ou alimentos refinados: a resist\u00eancia \u00e0 insulina.<\/p>\n<p>Al\u00e9m de melhorar os processos metab\u00f3licos, a produ\u00e7\u00e3o de sirtu\u00edna no organismo tem um papel primordial na preven\u00e7\u00e3o de patologias como a hiperglicemia, o diabetes, a obesidade e a s\u00edndrome metab\u00f3lica.<\/p>\n<p>&nbsp;<\/p>\n<p>O que cont\u00e9m o SIRT500 Plus?<\/p>\n<p>O SIRT500 Plus \u00e9 um integrador alimentar natural \u00e0 base de minerais, polifen\u00f3is e ativadores de sirtu\u00edna.<\/p>\n<p>Os produtos SIRT500 Plus cont\u00eam apenas ingredientes naturais e de primeira qualidade, estratados com procedimentos que n\u00e3o exigem a utiliza\u00e7\u00e3o de solventes e em uma concentra\u00e7\u00e3o superior \u00e0 m\u00e9dia dos integradores dispon\u00edveis no mercado.<\/p>\n<p>&nbsp;<\/p>\n<p>I MINERALI<\/p>\n<p>No SIRT500 Plus est\u00e3o presentes minerais diferenciados, que ativam os<\/p>\n<p>sirtu\u00edna e que, portanto, t\u00eam a capacidade de estimular o desenvolvimento do anelamento<\/p>\n<p>das c\u00e9lulas e que sustentam o sistema imunol\u00f3gico durante<\/p>\n<p>l'invecchiamento:<\/p>\n<p>&nbsp;<\/p>\n<p>Lo zinco<\/p>\n<p>&nbsp;<\/p>\n<p>O zinco \u00e9 um dos complexos enzim\u00e1ticos necess\u00e1rios para o correto<\/p>\n<p>funcionamento de orm\u00f4nios, insulina, orm\u00f4nios sessuais e ormona da<\/p>\n<p>crescimento. \u00c9 um mineral fundamental para o nosso organismo.<\/p>\n<p>&nbsp;<\/p>\n<p>O sel\u00eanio<\/p>\n<p>O sel\u00eanio \u00e9 um antiossidante muito eficaz. Contrasta o estresse<\/p>\n<p>ossidativo cellulare, svolge attivit\u00e0 di prevenzione, esercita un'azione<\/p>\n<p>prote\u00e7\u00e3o sobre o tiroteio, garantindo o bom funcionamento, e sobre o<\/p>\n<p>annessi cutanei.<\/p>\n<p>&nbsp;<\/p>\n<p>&nbsp;<\/p>\n<p>O cromo<\/p>\n<p>O cromo regula os n\u00edveis de insulina, um elemento fundamental para o nosso organismo<\/p>\n<p>organismo que influencia o controle de gram\u00edneas e glicose.<\/p>\n<p>&nbsp;<\/p>\n<p>&nbsp;<\/p>\n<p>I POLIFENOLI<\/p>\n<p>Os polifen\u00f3is s\u00e3o subst\u00e2ncias contidas nos alimentos, principalmente nos vegetais. Est\u00e3o presentes principalmente em frutas, verduras, vinho rosso, ch\u00e1 verde, chocolate, caf\u00e9 e azeite de oliva.<\/p>\n<p>Notados por seus comprovados efeitos antinfiamat\u00f3rios, antiossidantes e antiagregantes, os polifen\u00f3is representam um importante elemento de diferen\u00e7a para o organismo: trata-se de mol\u00e9culas de origem org\u00e2nica vegetal que contribuem para a manuten\u00e7\u00e3o da sa\u00fade das c\u00e9lulas, combatendo o invecchiamento e regulando a absor\u00e7\u00e3o e a imagazzinamento do colesterol no sangue.<\/p>\n<p>Os melhores polifen\u00f3is e ativadores de sirtu\u00edna conhecidos na medicina e contidos no exclusivo integrador alimentar natural SIRT500 Plus s\u00e3o principalmente quatro:<\/p>\n<p>&nbsp;<\/p>\n<p>&nbsp;<\/p>\n<p>L'ONOCHIOLO<\/p>\n<p>O onoc\u00edolo demonstrou possuir propriedades antinfamat\u00f3rias e protetoras. Desenvolve atividades de preven\u00e7\u00e3o, principalmente nas c\u00e9lulas do nosso organismo. Al\u00e9m disso, tem a capacidade de reduzir o ac\u00famulo de gordura no corpo.<\/p>\n<p>&nbsp;<\/p>\n<p>O \u00c1CIDO EL\u00c1GICO<\/p>\n<p>O \u00e1cido el\u00e1gico \u00e9 um antiossidante fen\u00f3lico natural. Possui propriedades antiossidantes, antitromb\u00f3ticas e antial\u00e9rgicas, vasoprotetoras e gastroprotetoras<\/p>\n<p>&nbsp;<\/p>\n<p>A POLIDATINA<\/p>\n<p>A polidatina faz parte da classe dos estilibenos da fam\u00edlia dos polifen\u00f3is. Exerce atividades antiossidantes, antinfiamat\u00f3rias, antinvecchiamento e antiagregantes.<\/p>\n<p>&nbsp;<\/p>\n<p>O PTEROSTILBENO<\/p>\n<p>O pterostilbeno reduz o ac\u00famulo de gordura, possui propriedades protetoras e antinfiamat\u00f3rias e estimula o sistema imunol\u00f3gico, desenvolvendo atividades de preven\u00e7\u00e3o.<\/p>\n<p>&nbsp;<\/p>","protected":false},"featured_media":12172,"template":"","meta":{"_acf_changed":false,"wds_primary_product_brand":0,"wds_primary_product_cat":0,"_wordproof_timestamp":false},"product_brand":[],"product_cat":[78,155],"product_tag":[],"class_list":{"0":"post-12171","1":"product","2":"type-product","3":"status-publish","4":"has-post-thumbnail","6":"product_cat-digitaltwin","7":"product_cat-supplements","9":"first","10":"instock","11":"shipping-taxable","12":"purchasable","13":"product-type-simple"},"acf":[],"_links":{"self":[{"href":"https:\/\/kliniksanktmoritz.ch\/pt\/wp-json\/wp\/v2\/product\/12171","targetHints":{"allow":["GET"]}}],"collection":[{"href":"https:\/\/kliniksanktmoritz.ch\/pt\/wp-json\/wp\/v2\/product"}],"about":[{"href":"https:\/\/kliniksanktmoritz.ch\/pt\/wp-json\/wp\/v2\/types\/product"}],"wp:featuredmedia":[{"embeddable":true,"href":"https:\/\/kliniksanktmoritz.ch\/pt\/wp-json\/wp\/v2\/media\/12172"}],"wp:attachment":[{"href":"https:\/\/kliniksanktmoritz.ch\/pt\/wp-json\/wp\/v2\/media?parent=12171"}],"wp:term":[{"taxonomy":"product_brand","embeddable":true,"href":"https:\/\/kliniksanktmoritz.ch\/pt\/wp-json\/wp\/v2\/product_brand?post=12171"},{"taxonomy":"product_cat","embeddable":true,"href":"https:\/\/kliniksanktmoritz.ch\/pt\/wp-json\/wp\/v2\/product_cat?post=12171"},{"taxonomy":"product_tag","embeddable":true,"href":"https:\/\/kliniksanktmoritz.ch\/pt\/wp-json\/wp\/v2\/product_tag?post=12171"}],"curies":[{"name":"wp","href":"https:\/\/api.w.org\/{rel}","templated":true}]}}