{"id":18105,"date":"2025-03-25T12:32:38","date_gmt":"2025-03-25T11:32:38","guid":{"rendered":"https:\/\/kliniksanktmoritz.ch\/?post_type=product&#038;p=18105"},"modified":"2025-05-08T06:56:35","modified_gmt":"2025-05-08T05:56:35","slug":"easycolon","status":"publish","type":"product","link":"https:\/\/kliniksanktmoritz.ch\/pt\/produto\/easycolon\/","title":{"rendered":"EasyColon"},"content":{"rendered":"<h2>\ud83d\udea8 \"Esperando pelos sintomas? Pode ser tarde demais.\"<\/h2>\n<h3>A colonoscopia... isso n\u00e3o \u00e9 uma colonoscopia.<\/h3>\n<p>Apenas 30 segundos. Sem tubo. Sem anestesia. Apenas um exame de sangue.<\/p>\n<p>Voc\u00ea j\u00e1 adiou um exame m\u00e9dico porque s\u00f3 de pensar nisso j\u00e1 ficava ansioso?<br \/>\nA colonoscopia \u00e9 um desses exames.<br \/>\nApenas a ideia de:<\/p>\n<ul>\n<li>Fazer uma dieta restritiva por dias<\/li>\n<li>Passar a noite colado ao banheiro<\/li>\n<li>Ter uma c\u00e2mera inserida enquanto voc\u00ea est\u00e1 sedado...<\/li>\n<\/ul>\n<p>\u00e9 suficiente para dizer: \"Talvez no pr\u00f3ximo m\u00eas\".<\/p>\n<p>Mas aqui est\u00e1 a verdade inc\u00f4moda:<\/p>\n<h3>O c\u00e2ncer de c\u00f3lon n\u00e3o apresenta sintomas.<\/h3>\n<p>E quando isso acontece, geralmente \u00e9 tarde demais.<\/p>\n<p>\u00c9 a segunda principal causa de morte por c\u00e2ncer em todo o mundo.<br \/>\nEla pode crescer silenciosamente por anos - sem dor, sem sinais de alerta, nada que voc\u00ea possa sentir.<br \/>\nE quando \"algo parece errado\", pode j\u00e1 estar avan\u00e7ado.<\/p>\n<hr \/>\n<h2>Mas aqui est\u00e1 a boa not\u00edcia:<\/h2>\n<h3>N\u00e3o \u00e9 mais necess\u00e1rio fazer uma colonoscopia para saber se voc\u00ea est\u00e1 em risco.<\/h3>\n<p>Agora, com um simples exame de sangue, voc\u00ea pode detectar os primeiros sinais de alerta - sem o desconforto.<\/p>\n<p>Sem tubo<br \/>\nSem anestesia<br \/>\nSem prepara\u00e7\u00e3o do intestino<br \/>\nSem constrangimento<br \/>\nSem folga do trabalho<\/p>\n<p>Apenas 30 segundos.<br \/>\nApenas uma coleta de sangue.<br \/>\nE voc\u00ea recebe a resposta que pode salvar sua vida.<\/p>\n<hr \/>\n<h3>Como isso funciona?<\/h3>\n<p>O teste procura biomarcadores moleculares espec\u00edficos que sinalizam altera\u00e7\u00f5es precoces ligadas ao c\u00e2ncer de c\u00f3lon.<\/p>\n<p>Trata-se de um avan\u00e7o j\u00e1 utilizado em pa\u00edses como a Su\u00ed\u00e7a e a Alemanha, mas que ainda n\u00e3o \u00e9 percebido na maioria dos lugares.<\/p>\n<p>A precis\u00e3o \u00e9 de 97%.<br \/>\nE se o resultado for negativo, voc\u00ea estar\u00e1 livre nos pr\u00f3ximos 5 anos.<\/p>\n<hr \/>\n<h2>Quanto custa?<\/h2>\n<p>Vamos ser claros.<\/p>\n<p>O processo tem duas partes:<\/p>\n<p>1\ufe0f\u20e3 <strong>A coleta de sangue<\/strong>que pode ser feito em um laborat\u00f3rio local. Isso pode custar at\u00e9 700 euros, dependendo do laborat\u00f3rio.<br \/>\nAlgumas pessoas recebem reembolso parcial por meio de seguros ou sistemas nacionais de sa\u00fade, outras n\u00e3o. Isso varia - e n\u00e3o podemos prever o que ser\u00e1 coberto.<\/p>\n<p>2\ufe0f\u20e3 <strong>Nosso servi\u00e7o<\/strong>An\u00e1lise avan\u00e7ada, processamento de dados, interpreta\u00e7\u00e3o m\u00e9dica e relat\u00f3rio certificado.<br \/>\nNosso custo fixo: <strong>\u20ac399<\/strong>.<br \/>\nSem surpresas. Sem taxas ocultas.<\/p>\n<p>\ud83c\udfaf <strong>Custo m\u00e1ximo total?<\/strong><br \/>\n\u20ac 1.099 se seu laborat\u00f3rio cobrar o valor total. Mas, na maioria dos casos, o valor \u00e9 muito menor.<\/p>\n<p>Ainda assim, vamos colocar isso em perspectiva.<\/p>\n<p>Mesmo que fosse \u20ac 1.099, \u00e9 menos do que isso:<\/p>\n<ul>\n<li>Uma conta mensal de combust\u00edvel<\/li>\n<li>Um novo iPhone<\/li>\n<li>Uma viagem de fim de semana<\/li>\n<\/ul>\n<p>E o que voc\u00ea recebe em troca?<\/p>\n<p>Paz de esp\u00edrito<br \/>\nUma chance de prevenir uma doen\u00e7a mortal<br \/>\nZero estresse. Zero dor. Zero vergonha.<\/p>\n<hr \/>\n<h2>O que acontece se voc\u00ea n\u00e3o fizer isso?<\/h2>\n<p>Voc\u00ea continua adiando.<br \/>\nEnt\u00e3o, um dia, algo parece errado.<br \/>\nVoc\u00ea vai ao m\u00e9dico.<br \/>\nEles o enviam para uma colonoscopia urgente.<br \/>\nE ent\u00e3o...<\/p>\n<p>Cirurgia<br \/>\nQuimioterapia<br \/>\nCustos elevados<br \/>\nO pensamento angustiante: \"E se eu tivesse feito algo antes?\"<\/p>\n<hr \/>\n<h2>A escolha \u00e9 sua:<\/h2>\n<p>1\ufe0f\u20e3 Ignorar o fato e esperar o melhor (como a maioria das pessoas que descobriram tarde demais),<br \/>\n<strong>OU<\/strong><br \/>\n2\ufe0f\u20e3 Reserve agora 30 segundos que podem salvar sua vida.<\/p>\n<hr \/>\n<p>\ud83d\udfe2 <strong>Reserve agora.<\/strong> Fa\u00e7a a coleta de sangue quando lhe for conveniente.<br \/>\nSem espera. Sem desconforto.<\/p>\n<p>Ap\u00f3s adquirir o servi\u00e7o de \u20ac399, voc\u00ea receber\u00e1 todas as instru\u00e7\u00f5es.<br \/>\nEscolha o laborat\u00f3rio mais pr\u00f3ximo para a coleta de sangue.<br \/>\nReceber um relat\u00f3rio certificado com uma explica\u00e7\u00e3o m\u00e9dica clara.<\/p>\n<hr \/>\n<h2>Garantia total<\/h2>\n<p>Se dentro de 30 dias voc\u00ea achar que o servi\u00e7o n\u00e3o atendeu \u00e0s suas expectativas,<br \/>\nreembolsaremos nossos \u20ac399.<br \/>\nSem perguntas. Sem burocracia. Sem julgamento.<\/p>\n<p>Porque sua paz de esp\u00edrito vem em primeiro lugar.<\/p>\n<hr \/>\n<p>\ud83d\udccd <strong>Sua vida vale mais do que um caf\u00e9 por dia.<\/strong><br \/>\nN\u00e3o espere. Fa\u00e7a isso agora.<br \/>\nEssa \u00e9 a decis\u00e3o mais inteligente que voc\u00ea pode tomar em 2025.<\/p>\n<hr \/>\n<h3>P.S.<\/h3>\n<p>Pare de se sentir culpado.<br \/>\nPare de ter medo.<br \/>\nVoc\u00ea finalmente encontrou uma maneira de se proteger - sem dor, medo ou desculpas.<\/p>\n<p>Sem tubo.<br \/>\nSem estresse.<br \/>\nApenas um simples exame de sangue.<br \/>\nApenas 30 segundos.<br \/>\nApenas uma vida mais longa e saud\u00e1vel para desfrutar<\/p>\n<hr \/>\n<p>&nbsp;<\/p>","protected":false},"excerpt":{"rendered":"<h2>Etapa final: Garanta sua vaga para o teste de c\u00e2ncer de c\u00f3lon baseado em sangue<\/h2>\n<p>Voc\u00ea est\u00e1 a um passo da paz de esp\u00edrito.<br \/>\nSem colonoscopia. Sem interna\u00e7\u00e3o hospitalar. Sem ansiedade.<br \/>\nApenas um teste certificado que pode salvar sua vida.<\/p>\n<hr \/>\n<h3>O que voc\u00ea est\u00e1 recebendo:<\/h3>\n<p>Acesso ao nosso servi\u00e7o de diagn\u00f3stico avan\u00e7ado baseado em biomarcadores sangu\u00edneos<br \/>\nInterpreta\u00e7\u00e3o completa do laborat\u00f3rio por profissionais m\u00e9dicos<br \/>\nUm relat\u00f3rio certificado com resultados f\u00e1ceis de entender e as pr\u00f3ximas etapas<br \/>\nTodas as instru\u00e7\u00f5es para realizar sua coleta de sangue no laborat\u00f3rio de confian\u00e7a mais pr\u00f3ximo<br \/>\nApoio da nossa equipe de atendimento, em cada etapa do processo<\/p>\n<p>\ud83d\udd52 <strong>Tempo necess\u00e1rio?<\/strong> Apenas 30 segundos para a coleta de sangue<br \/>\n\ud83d\udccb <strong>Acompanhamento?<\/strong> Somente se os resultados mostrarem algo que valha a pena verificar<br \/>\n\ud83d\udcc5 <strong>V\u00e1lido por 5 anos<\/strong> se seu teste for negativo<\/p>\n<hr \/>\n<h3>Custo total hoje: CHF399<\/h3>\n<p>Isso cobre nosso servi\u00e7o m\u00e9dico completo.<br \/>\nA taxa do laborat\u00f3rio para a coleta de sangue \u00e9 paga separadamente e pode variar (at\u00e9 \u20ac700).<br \/>\nEm muitos casos, essa parte pode ser reembolsada pelo seguro ou pela cobertura nacional de sa\u00fade.<\/p>\n<hr \/>\n<h3>\ud83d\udd10 Checkout seguro e protegido<\/h3>\n<ul>\n<li>Transa\u00e7\u00e3o criptografada<\/li>\n<li>Confirma\u00e7\u00e3o instant\u00e2nea por e-mail<\/li>\n<li>Transpar\u00eancia total. Sem custos ocultos.<\/li>\n<\/ul>\n<hr \/>\n<h3>Garantia de 30 dias de devolu\u00e7\u00e3o do dinheiro<\/h3>\n<p>Se voc\u00ea n\u00e3o ficar satisfeito no prazo de 30 dias, reembolsaremos a nossa taxa de servi\u00e7o - sem perguntas.<\/p>\n<hr \/>\n<h3>O que acontece depois que voc\u00ea paga?<\/h3>\n<p>1\ufe0f\u20e3 Receba sua confirma\u00e7\u00e3o e instru\u00e7\u00f5es pessoais por e-mail<br \/>\n2\ufe0f\u20e3 Agende sua coleta de sangue no laborat\u00f3rio de sua escolha<br \/>\n3\ufe0f\u20e3 Envie-nos os resultados do teste (upload f\u00e1cil)<br \/>\n4\ufe0f\u20e3 Receba seu relat\u00f3rio certificado em poucos dias<br \/>\n5\ufe0f\u20e3 Viva com tranquilidade nos pr\u00f3ximos 5 anos<\/p>\n<hr \/>\n<h3>AJA AGORA - Apenas 150 vagas para o teste est\u00e3o dispon\u00edveis este m\u00eas<\/h3>\n<p>\u26a0\ufe0f Devido \u00e0s limita\u00e7\u00f5es do laborat\u00f3rio, s\u00f3 podemos aceitar um n\u00famero limitado de novos pacientes por m\u00eas.<br \/>\nQuando a capacidade for atingida, as reservas ser\u00e3o encerradas.<\/p>\n<hr \/>\n<h3>Precisa de ajuda?<\/h3>\n<p>Estamos aqui para ajud\u00e1-lo.<br \/>\nSuporte por e-mail assistance@kliniksm.com|<\/p>\n<hr \/>\n<p>Conclua sua compra segura abaixo e tome a decis\u00e3o de sa\u00fade mais inteligente de sua vida.<\/p>","protected":false},"featured_media":18112,"template":"","meta":{"_acf_changed":false,"wds_primary_product_brand":0,"wds_primary_product_cat":0,"_wordproof_timestamp":false},"product_brand":[183],"product_cat":[184],"product_tag":[],"class_list":{"0":"post-18105","1":"product","2":"type-product","3":"status-publish","4":"has-post-thumbnail","6":"product_brand-klinik-sankt-moritz","7":"product_cat-easycolon","9":"first","10":"instock","11":"shipping-taxable","12":"purchasable","13":"product-type-simple"},"acf":[],"_links":{"self":[{"href":"https:\/\/kliniksanktmoritz.ch\/pt\/wp-json\/wp\/v2\/product\/18105","targetHints":{"allow":["GET"]}}],"collection":[{"href":"https:\/\/kliniksanktmoritz.ch\/pt\/wp-json\/wp\/v2\/product"}],"about":[{"href":"https:\/\/kliniksanktmoritz.ch\/pt\/wp-json\/wp\/v2\/types\/product"}],"wp:featuredmedia":[{"embeddable":true,"href":"https:\/\/kliniksanktmoritz.ch\/pt\/wp-json\/wp\/v2\/media\/18112"}],"wp:attachment":[{"href":"https:\/\/kliniksanktmoritz.ch\/pt\/wp-json\/wp\/v2\/media?parent=18105"}],"wp:term":[{"taxonomy":"product_brand","embeddable":true,"href":"https:\/\/kliniksanktmoritz.ch\/pt\/wp-json\/wp\/v2\/product_brand?post=18105"},{"taxonomy":"product_cat","embeddable":true,"href":"https:\/\/kliniksanktmoritz.ch\/pt\/wp-json\/wp\/v2\/product_cat?post=18105"},{"taxonomy":"product_tag","embeddable":true,"href":"https:\/\/kliniksanktmoritz.ch\/pt\/wp-json\/wp\/v2\/product_tag?post=18105"}],"curies":[{"name":"wp","href":"https:\/\/api.w.org\/{rel}","templated":true}]}}