{"id":19763,"date":"2025-05-08T10:26:26","date_gmt":"2025-05-08T09:26:26","guid":{"rendered":"https:\/\/kliniksanktmoritz.ch\/?post_type=product&#038;p=19763"},"modified":"2025-05-21T18:45:44","modified_gmt":"2025-05-21T17:45:44","slug":"clinica-sankt-moritz-id","status":"publish","type":"product","link":"https:\/\/kliniksanktmoritz.ch\/pt\/produto\/clinica-sankt-moritz-id\/","title":{"rendered":"Cl\u00ednica Sankt Moritz ID"},"content":{"rendered":"<h5>CL\u00cdNICA DE S\u00c3O PAULO<br \/>\nUm identificador digital mundial para m\u00e9dicos verificados<\/h5>\n<h5>Um n\u00famero. Uma garantia. Uma assinatura de confian\u00e7a.<\/h5>\n<h5>Qual \u00e9 o ID da Klinik Sankt Moritz?<br \/>\nO ID da Klinik Sankt Moritz \u00e9 um identificador digital exclusivo emitido apenas para m\u00e9dicos que estejam ativamente registrados em um conselho m\u00e9dico reconhecido, em qualquer lugar do mundo.\u00c9 um servi\u00e7o simples e anual que fornece aos pacientes um n\u00edvel m\u00ednimo de autenticidade profissional e oferece aos m\u00e9dicos uma presen\u00e7a verificada e segura.<\/h5>\n<h5>Para que serve?<br \/>\nIdentificar de forma clara e imediata um m\u00e9dico como tal.<br \/>\nIncorpore o ID em sua assinatura de e-mail, site, documentos m\u00e9dicos ou plataformas digitais.<br \/>\nGaranta aos pacientes que eles est\u00e3o falando com um m\u00e9dico licenciado - n\u00e3o h\u00e1 necessidade de curr\u00edculos, t\u00edtulos ou diplomas.<\/h5>\n<h5>O que ele verifica?<br \/>\nQue o profissional esteja ativamente registrado em um conselho m\u00e9dico.<br \/>\nQue a Klinik Sankt Moritz verificou isso nos \u00faltimos 12 meses.<br \/>\nNada mais, nada menos: ele confirma a exist\u00eancia e a legitimidade, n\u00e3o as qualifica\u00e7\u00f5es ou o conhecimento especializado.<\/h5>\n<h5>Por que isso \u00e9 importante?<br \/>\nEm uma era de desinforma\u00e7\u00e3o e fraude digital, a ID da Klinik Sankt Moritz funciona como um padr\u00e3o m\u00ednimo de confian\u00e7a:<br \/>\nProtege os pacientes de perfis falsos<br \/>\nD\u00e1 visibilidade a profissionais reais<br \/>\nRompe barreiras de confian\u00e7a digital no setor de sa\u00fade<\/h5>\n<h5>Para quem \u00e9?<br \/>\nExclusivamente para m\u00e9dicos licenciados, independentemente do pa\u00eds ou da especialidade.<br \/>\nSem credenciais falsas. Sem zonas cinzentas. Nenhuma ambiguidade.<\/h5>\n<h5>Quanto custa?<br \/>\nUm servi\u00e7o de n\u00edvel b\u00e1sico e de baixa barreira:49 USD\/ano Para m\u00e9dicos que desejam ser facilmente verificados em todo o mundo.<\/h5>\n<h5>Visibilidade em todo o mundo<br \/>\nOs m\u00e9dicos que obtiverem uma ID ter\u00e3o:<br \/>\nAparecer no diret\u00f3rio p\u00fablico oficial da Klinik Sankt Moritz<br \/>\nReceber um crach\u00e1 digital para exibir sua identifica\u00e7\u00e3o verificada<br \/>\nFornecer aos pacientes um link claro e p\u00fablico para validar seu status<\/h5>\n<h5>\ud83d\udee1\ufe0f O valor da verifica\u00e7\u00e3o simples<br \/>\nO ID da Klinik Sankt Moritz n\u00e3o invade sua privacidade, n\u00e3o revela seus dados nem tenta certificar suas habilidades.<br \/>\nEle confirma apenas uma verdade essencial: \ud83d\udc49 \"Esta pessoa \u00e9 um m\u00e9dico licenciado. Verificado por n\u00f3s.\"<\/h5>\n<h5>Um pequeno passo para o m\u00e9dico. Um grande salto para a confian\u00e7a do paciente.<\/h5>","protected":false},"excerpt":{"rendered":"<p>\ud83e\ude7a KLINIK SANKT MORITZ ID A WorldWide Digital Identifier for Verified Medical Doctors A number. A guarantee. A signature of trust. \ud83d\udd39 What is the Klinik Sankt Moritz ID? The Klinik Sankt Moritz ID is a unique digital identifier issued only to doctors who are actively registered with a recognised medical board, anywhere in the [&hellip;]<\/p>\n","protected":false},"featured_media":19764,"template":"","meta":{"_acf_changed":false,"wds_primary_product_brand":0,"wds_primary_product_cat":0,"_wordproof_timestamp":false},"product_brand":[183],"product_cat":[164,158],"product_tag":[163],"class_list":{"0":"post-19763","1":"product","2":"type-product","3":"status-publish","4":"has-post-thumbnail","6":"product_brand-klinik-sankt-moritz","7":"product_cat-certification","8":"product_cat-worldmedcert","9":"product_tag-certified-medical-doctor","11":"first","12":"instock","13":"shipping-taxable","14":"purchasable","15":"product-type-simple"},"acf":[],"_links":{"self":[{"href":"https:\/\/kliniksanktmoritz.ch\/pt\/wp-json\/wp\/v2\/product\/19763","targetHints":{"allow":["GET"]}}],"collection":[{"href":"https:\/\/kliniksanktmoritz.ch\/pt\/wp-json\/wp\/v2\/product"}],"about":[{"href":"https:\/\/kliniksanktmoritz.ch\/pt\/wp-json\/wp\/v2\/types\/product"}],"wp:featuredmedia":[{"embeddable":true,"href":"https:\/\/kliniksanktmoritz.ch\/pt\/wp-json\/wp\/v2\/media\/19764"}],"wp:attachment":[{"href":"https:\/\/kliniksanktmoritz.ch\/pt\/wp-json\/wp\/v2\/media?parent=19763"}],"wp:term":[{"taxonomy":"product_brand","embeddable":true,"href":"https:\/\/kliniksanktmoritz.ch\/pt\/wp-json\/wp\/v2\/product_brand?post=19763"},{"taxonomy":"product_cat","embeddable":true,"href":"https:\/\/kliniksanktmoritz.ch\/pt\/wp-json\/wp\/v2\/product_cat?post=19763"},{"taxonomy":"product_tag","embeddable":true,"href":"https:\/\/kliniksanktmoritz.ch\/pt\/wp-json\/wp\/v2\/product_tag?post=19763"}],"curies":[{"name":"wp","href":"https:\/\/api.w.org\/{rel}","templated":true}]}}