{"id":19767,"date":"2025-05-08T19:03:42","date_gmt":"2025-05-08T18:03:42","guid":{"rendered":"https:\/\/kliniksanktmoritz.ch\/?post_type=product&#038;p=19767"},"modified":"2025-05-15T00:42:28","modified_gmt":"2025-05-14T23:42:28","slug":"backlink-certificado-cv-mds-dos-acordo-mensal","status":"publish","type":"product","link":"https:\/\/kliniksanktmoritz.ch\/pt\/produto\/backlink-certificado-cv-mds-dos-acordo-mensal\/","title":{"rendered":"Backlink &amp; CV certificados (MDs &amp; DOs) - Liquida\u00e7\u00e3o mensal"},"content":{"rendered":"<p data-start=\"185\" data-end=\"246\">\ud83d\udea8 <strong data-start=\"188\" data-end=\"244\">Em um mundo cheio de falsifica\u00e7\u00f5es, seja aquele que \u00e9 verificado.<\/strong><\/p>\n<p data-start=\"248\" data-end=\"308\">Qualquer pessoa pode comprar um dom\u00ednio.<br data-start=\"272\" data-end=\"275\" \/>Somente <em data-start=\"280\" data-end=\"285\">voc\u00ea<\/em> pode reivindicar a verdade.<\/p>\n<p data-start=\"310\" data-end=\"489\">\ud83c\udf10 <strong data-start=\"313\" data-end=\"358\">Backlink certificado pela Klinik Sankt Moritz<\/strong><br data-start=\"358\" data-end=\"361\" \/>Uma conex\u00e3o segura e permanente entre o seu site oficial e um perfil verificado que chama a aten\u00e7\u00e3o:<br data-start=\"458\" data-end=\"461\" \/><strong data-start=\"461\" data-end=\"489\">\"Este \u00e9 o verdadeiro neg\u00f3cio.\"<\/strong><\/p>\n<p data-start=\"491\" data-end=\"600\">\u2714\ufe0f Sua licen\u00e7a, verificada<br data-start=\"516\" data-end=\"519\" \/>\u2714\ufe0f Seu CV, est\u00e1 dispon\u00edvel<br data-start=\"544\" data-end=\"547\" \/>\u2714\ufe0f Seu nome, protegido<br data-start=\"570\" data-end=\"573\" \/>\u2714\ufe0f Seus pacientes, tranquilizados<\/p>\n<p data-start=\"602\" data-end=\"733\">Diga adeus \u00e0 confus\u00e3o on-line e \u00e0s identidades clonadas. Diga ol\u00e1 para <strong data-start=\"673\" data-end=\"690\">confian\u00e7a imediata<\/strong>A empresa tem um grande potencial de crescimento, credibilidade global e visibilidade de elite.<\/p>\n<hr data-start=\"735\" data-end=\"738\" \/>\n<p data-start=\"740\" data-end=\"899\"><strong data-start=\"740\" data-end=\"761\">\u26a0\ufe0f Reality Check:<\/strong><br data-start=\"761\" data-end=\"764\" \/>Apenas um site n\u00e3o \u00e9 mais suficiente.<br data-start=\"800\" data-end=\"803\" \/>Cr\u00edticas falsas. Rostos falsos. Especialistas falsos.<br data-start=\"842\" data-end=\"845\" \/>E, no entanto, voc\u00ea \u00e9 real. Qualificada. Confi\u00e1vel. Agora prove isso.<\/p>\n<hr data-start=\"901\" data-end=\"904\" \/>\n<p data-start=\"906\" data-end=\"1099\">\ud83d\udca1 <strong data-start=\"909\" data-end=\"926\">Imagine o seguinte:<\/strong><br data-start=\"926\" data-end=\"929\" \/>Um paciente pesquisa seu nome no Google.<br data-start=\"957\" data-end=\"960\" \/>Eles encontram seu site. Clicam em seu backlink certificado.<br data-start=\"1011\" data-end=\"1014\" \/>Boom: seu curr\u00edculo verificado na Klinik Sankt Moritz.<br data-start=\"1060\" data-end=\"1063\" \/>Autenticidade. Autoridade. Admira\u00e7\u00e3o.<\/p>\n<hr data-start=\"1101\" data-end=\"1104\" \/>\n<p data-start=\"1106\" data-end=\"1289\">\ud83d\udd25 <strong data-start=\"1109\" data-end=\"1161\">E o custo de se destacar? <a href=\"https:\/\/kliniksanktmoritz.ch\/pt\/produto\/backlink-certificado-cv-mds-dos-yearly\/\">Apenas CHF 500\/ano.<\/a><\/strong><br data-start=\"1161\" data-end=\"1164\" \/>Isso \u00e9 menos do que uma corrida di\u00e1ria ao caf\u00e9 - para um escudo p\u00fablico de confian\u00e7a, uma identidade digital \u00e0 prova de balas e paz de esp\u00edrito para toda a vida.<\/p>\n<hr data-start=\"1291\" data-end=\"1294\" \/>\n<p data-start=\"1296\" data-end=\"1443\">\ud83d\ude80 <strong data-start=\"1299\" data-end=\"1339\">ATIVE SEU BACKLINK CERTIFICADO AGORA<\/strong><br data-start=\"1339\" data-end=\"1342\" \/>\ud83d\udd17 Seja verificado aqui<br data-start=\"1364\" data-end=\"1367\" \/>Porque <em data-start=\"1375\" data-end=\"1386\">aparecendo<\/em> confi\u00e1vel \u00e9 f\u00e1cil.<br data-start=\"1407\" data-end=\"1410\" \/><strong data-start=\"1410\" data-end=\"1425\">Como provar isso?<\/strong> Isso \u00e9 lend\u00e1rio.<\/p>","protected":false},"excerpt":{"rendered":"<p><a href=\"https:\/\/wise.com\/gb\/currency-converter\/currencies\/chf-swiss-franc\"><strong data-start=\"4\" data-end=\"43\">Franco su\u00ed\u00e7o em tempo real<\/strong><\/a><br \/>\nComo uma empresa su\u00ed\u00e7a, operamos principalmente em francos su\u00ed\u00e7os, um s\u00edmbolo de estabilidade e confiabilidade. Considerando as flutua\u00e7\u00f5es do mercado global, isso garante efici\u00eancia e transpar\u00eancia, minimizando as incertezas relacionadas \u00e0 moeda.<\/p>","protected":false},"featured_media":19770,"template":"","meta":{"_acf_changed":false,"wds_primary_product_brand":0,"wds_primary_product_cat":0,"_wordproof_timestamp":false},"product_brand":[],"product_cat":[164,119,158],"product_tag":[162,163,187],"class_list":{"0":"post-19767","1":"product","2":"type-product","3":"status-publish","4":"has-post-thumbnail","6":"product_cat-certification","7":"product_cat-partner","8":"product_cat-worldmedcert","9":"product_tag-certified-degree","10":"product_tag-certified-medical-doctor","11":"product_tag-klinik-sankt-moritz-id","13":"first","14":"instock","15":"shipping-taxable","16":"purchasable","17":"product-type-simple"},"acf":[],"_links":{"self":[{"href":"https:\/\/kliniksanktmoritz.ch\/pt\/wp-json\/wp\/v2\/product\/19767","targetHints":{"allow":["GET"]}}],"collection":[{"href":"https:\/\/kliniksanktmoritz.ch\/pt\/wp-json\/wp\/v2\/product"}],"about":[{"href":"https:\/\/kliniksanktmoritz.ch\/pt\/wp-json\/wp\/v2\/types\/product"}],"wp:featuredmedia":[{"embeddable":true,"href":"https:\/\/kliniksanktmoritz.ch\/pt\/wp-json\/wp\/v2\/media\/19770"}],"wp:attachment":[{"href":"https:\/\/kliniksanktmoritz.ch\/pt\/wp-json\/wp\/v2\/media?parent=19767"}],"wp:term":[{"taxonomy":"product_brand","embeddable":true,"href":"https:\/\/kliniksanktmoritz.ch\/pt\/wp-json\/wp\/v2\/product_brand?post=19767"},{"taxonomy":"product_cat","embeddable":true,"href":"https:\/\/kliniksanktmoritz.ch\/pt\/wp-json\/wp\/v2\/product_cat?post=19767"},{"taxonomy":"product_tag","embeddable":true,"href":"https:\/\/kliniksanktmoritz.ch\/pt\/wp-json\/wp\/v2\/product_tag?post=19767"}],"curies":[{"name":"wp","href":"https:\/\/api.w.org\/{rel}","templated":true}]}}