{"id":19899,"date":"2025-05-14T15:32:29","date_gmt":"2025-05-14T14:32:29","guid":{"rendered":"https:\/\/kliniksanktmoritz.ch\/?post_type=product&#038;p=19899"},"modified":"2025-05-14T15:33:34","modified_gmt":"2025-05-14T14:33:34","slug":"verificacao-de-elegibilidade-por-verduci-editore","status":"publish","type":"product","link":"https:\/\/kliniksanktmoritz.ch\/pt\/produto\/verificacao-de-elegibilidade-por-verduci-editore\/","title":{"rendered":"Verifica\u00e7\u00e3o de elegibilidade da Verduci Editore"},"content":{"rendered":"<h2 data-start=\"361\" data-end=\"407\">\ud83c\udf93 <strong data-start=\"364\" data-end=\"407\">Verificado para liderar. Certificado para inspirar.<\/strong><\/h2>\n<h3 data-start=\"409\" data-end=\"613\">Em <strong data-start=\"412\" data-end=\"435\">Cl\u00ednica Sankt Moritz<\/strong>Com a certifica\u00e7\u00e3o de m\u00e9dicos, n\u00f3s n\u00e3o apenas os certificamos, mas tamb\u00e9m os elevamos ao auge do reconhecimento global por meio da verifica\u00e7\u00e3o de elegibilidade mais abrangente e prestigiada da medicina digital.<\/h3>\n<p data-start=\"615\" data-end=\"818\"><strong data-start=\"615\" data-end=\"648\">Verifica\u00e7\u00e3o de espectro total<\/strong><br data-start=\"648\" data-end=\"651\" \/>Antes de receber o distintivo da Klinik, todos os candidatos passam por um <strong data-start=\"712\" data-end=\"759\">Processo meticuloso de Know Your Customer (KYC)<\/strong>-N\u00e3o como uma formalidade, mas como uma marca de integridade. N\u00f3s verificamos:<\/p>\n<p data-start=\"820\" data-end=\"1189\">\u2714\ufe0f Sua licen\u00e7a e identifica\u00e7\u00e3o m\u00e9dica nacional, respaldada por documenta\u00e7\u00e3o em n\u00edvel governamental.<br data-start=\"902\" data-end=\"905\" \/>\u2714\ufe0f Seu diploma em medicina - verificado, com refer\u00eancias cruzadas e validado.<br data-start=\"973\" data-end=\"976\" \/>\u2714\ufe0f Todas as especialidades que voc\u00ea declara - de Medicina Est\u00e9tica a Psiquiatria - s\u00e3o respaldadas por credenciais oficiais.<br data-start=\"1074\" data-end=\"1077\" \/>\u2714\ufe0f Todos os treinamentos avan\u00e7ados, programas de mestrado e cursos m\u00e9dicos reconhecidos s\u00e3o documentados com provas certificadas.<\/p>\n<p data-start=\"1191\" data-end=\"1253\">N\u00e3o se trata apenas de burocracia. \u00c9 a sua <strong data-start=\"1231\" data-end=\"1241\">legado<\/strong>, validado.<\/p>\n<hr data-start=\"1255\" data-end=\"1258\" \/>\n<p data-start=\"1260\" data-end=\"1471\">\ud83d\udcc4 <strong data-start=\"1263\" data-end=\"1297\">Curr\u00edculo din\u00e2mico, com curadoria de especialistas<\/strong><br data-start=\"1297\" data-end=\"1300\" \/>Sua identidade profissional merece evoluir com voc\u00ea. \u00c9 por isso que a Klinik Sankt Moritz n\u00e3o se limita \u00e0 verifica\u00e7\u00e3o - n\u00f3s <strong data-start=\"1419\" data-end=\"1470\">gerenciar e atualizar ativamente seu curr\u00edculo profissional<\/strong>:<\/p>\n<p data-start=\"1473\" data-end=\"1714\">\u2714\ufe0f Integra\u00e7\u00e3o cronol\u00f3gica de novas qualifica\u00e7\u00f5es.<br data-start=\"1524\" data-end=\"1527\" \/>\u2714\ufe0f Participa\u00e7\u00e3o documentada em congressos e eventos de treinamento.<br data-start=\"1589\" data-end=\"1592\" \/>\u2714\ufe0f Formata\u00e7\u00e3o focada em visibilidade para mostrar seu crescimento, instantaneamente acess\u00edvel para pacientes, cl\u00ednicas e colegas em todo o mundo.<\/p>\n<p data-start=\"1716\" data-end=\"1815\">Seu curr\u00edculo se torna um <strong data-start=\"1734\" data-end=\"1773\">portf\u00f3lio digital vivo e din\u00e2mico<\/strong>-Preciso, elegante e sempre atualizado.<\/p>\n<hr data-start=\"1817\" data-end=\"1820\" \/>\n<p data-start=\"1822\" data-end=\"2094\">\ud83c\udfa4 <strong data-start=\"1825\" data-end=\"1871\">Reconhecimento da NFT para palestrantes internacionais<\/strong><br data-start=\"1871\" data-end=\"1874\" \/>Levamos a s\u00e9rio suas contribui\u00e7\u00f5es para a medicina global. \u00c9 por isso que a Klinik Sankt Moritz <strong data-start=\"1962\" data-end=\"1987\">emite NFTs exclusivas<\/strong> para m\u00e9dicos certificados convidados como <strong data-start=\"2021\" data-end=\"2093\">palestrantes ou painelistas em congressos internacionais credenciados<\/strong>.<\/p>\n<p data-start=\"2096\" data-end=\"2263\">Esses n\u00e3o s\u00e3o apenas tokens digitais - eles s\u00e3o <strong data-start=\"2137\" data-end=\"2194\">s\u00edmbolos seguros e verific\u00e1veis de autoridade e conhecimento especializado<\/strong>cunhado para imortalizar sua presen\u00e7a na vanguarda da inova\u00e7\u00e3o.<\/p>\n<hr data-start=\"2265\" data-end=\"2268\" \/>\n<p data-start=\"2270\" data-end=\"2580\">\u2728 <strong data-start=\"2272\" data-end=\"2347\">O resultado? Prest\u00edgio instant\u00e2neo. Confian\u00e7a global. Paz de esp\u00edrito profissional.<\/strong><br data-start=\"2347\" data-end=\"2350\" \/>Com a Certifica\u00e7\u00e3o Klinik Sankt Moritz, toda a sua carreira n\u00e3o \u00e9 apenas validada - ela \u00e9 <strong data-start=\"2436\" data-end=\"2449\">amplificado<\/strong>. Voc\u00ea n\u00e3o \u00e9 apenas um m\u00e9dico.<br data-start=\"2478\" data-end=\"2481\" \/>Voc\u00ea \u00e9 um <strong data-start=\"2490\" data-end=\"2508\">figura confi\u00e1vel<\/strong> no futuro da medicina, apoiado por fatos, por blockchain, por prest\u00edgio.<\/p>\n<h3 data-start=\"2582\" data-end=\"2670\">\ud83d\udc49 <strong data-start=\"2585\" data-end=\"2655\">Pronto para transformar sua credibilidade em autoridade inquestion\u00e1vel?<\/strong><br data-start=\"2655\" data-end=\"2658\" \/>Vamos come\u00e7ar.<\/h3>\n<p>Apenas CHF <strong>1,188<\/strong>. <strong>CHF 99 mensais<\/strong> Conformidade inicial? <a href=\"https:\/\/kliniksanktmoritz.ch\/pt\/produto\/verificacao-de-elegibilidade\/\">CHF <strong>700<\/strong> <\/a>apenas uma vez.<br \/>\nTotal? CHF <strong>1.888<\/strong> para preparar sua carreira para o futuro e aumentar sua visibilidade.<br \/>\n\ud83d\udd25 TOP <em>Economize 20% com um pagamento \u00fanico em vez de mensal! <a href=\"https:\/\/kliniksanktmoritz.ch\/pt\/produto\/platinum-certified-mds-dosyearly-eligibility-check-top-20\/\">CHF <strong>1.511<\/strong><\/a><\/em><\/p>","protected":false},"excerpt":{"rendered":"<p>\ud83c\udf93 Verified to Lead. Certified to Inspire. At Klinik Sankt Moritz, we don\u2019t just certify doctors\u2014we elevate them to the pinnacle of global recognition through the most comprehensive and prestigious eligibility verification in digital medicine. \ud83d\udd0d Full Spectrum VerificationBefore earning the Klinik badge, every candidate undergoes a meticulous Know Your Customer (KYC) process\u2014not as a [&hellip;]<\/p>\n","protected":false},"featured_media":19859,"template":"","meta":{"_acf_changed":false,"wds_primary_product_brand":0,"wds_primary_product_cat":0,"_wordproof_timestamp":false},"product_brand":[183],"product_cat":[69],"product_tag":[],"class_list":{"0":"post-19899","1":"product","2":"type-product","3":"status-publish","4":"has-post-thumbnail","6":"product_brand-klinik-sankt-moritz","7":"product_cat-uncategorized","8":"yith_shop_vendor-verduci","10":"first","11":"instock","12":"virtual","13":"purchasable","14":"product-type-simple"},"acf":[],"_links":{"self":[{"href":"https:\/\/kliniksanktmoritz.ch\/pt\/wp-json\/wp\/v2\/product\/19899","targetHints":{"allow":["GET"]}}],"collection":[{"href":"https:\/\/kliniksanktmoritz.ch\/pt\/wp-json\/wp\/v2\/product"}],"about":[{"href":"https:\/\/kliniksanktmoritz.ch\/pt\/wp-json\/wp\/v2\/types\/product"}],"wp:featuredmedia":[{"embeddable":true,"href":"https:\/\/kliniksanktmoritz.ch\/pt\/wp-json\/wp\/v2\/media\/19859"}],"wp:attachment":[{"href":"https:\/\/kliniksanktmoritz.ch\/pt\/wp-json\/wp\/v2\/media?parent=19899"}],"wp:term":[{"taxonomy":"product_brand","embeddable":true,"href":"https:\/\/kliniksanktmoritz.ch\/pt\/wp-json\/wp\/v2\/product_brand?post=19899"},{"taxonomy":"product_cat","embeddable":true,"href":"https:\/\/kliniksanktmoritz.ch\/pt\/wp-json\/wp\/v2\/product_cat?post=19899"},{"taxonomy":"product_tag","embeddable":true,"href":"https:\/\/kliniksanktmoritz.ch\/pt\/wp-json\/wp\/v2\/product_tag?post=19899"}],"curies":[{"name":"wp","href":"https:\/\/api.w.org\/{rel}","templated":true}]}}