{"id":20131,"date":"2025-05-19T11:14:44","date_gmt":"2025-05-19T10:14:44","guid":{"rendered":"https:\/\/kliniksanktmoritz.ch\/?post_type=product&#038;p=20131"},"modified":"2025-05-21T18:07:51","modified_gmt":"2025-05-21T17:07:51","slug":"certificado-de-platina-anual-pela-caldelari-medical","status":"publish","type":"product","link":"https:\/\/kliniksanktmoritz.ch\/pt\/produto\/certificado-de-platina-anual-pela-caldelari-medical\/","title":{"rendered":"Certificado Platinum Anual"},"content":{"rendered":"<h3>\ud83d\udc68\u200d\u2695\ufe0f <em>Voc\u00ea \u00e9 m\u00e9dico? Ent\u00e3o chegou a sua hora de dominar a era digital da medicina.<\/em><\/h3>\n<h5><strong>M\u00e9dicos e doutores, <em>M\u00e9dicos Est\u00e9ticos<\/em>Fisiatras, psiquiatras, dietologistas, osteopatas (EUA):<\/strong><br \/>\nVoc\u00ea nasceu para curar. Agora, \u00e9 hora de certificar seu brilhantismo.<\/h5>\n<hr \/>\n<h5>\ud83c\udf96\ufe0f <strong>Certifica\u00e7\u00e3o m\u00e9dica da Klinik Sankt Moritz<\/strong><br \/>\nMais do que uma certifica\u00e7\u00e3o - \u00e9 o seu passaporte de elite para o reconhecimento global na \u00e1rea de sa\u00fade digital.<br \/>\nVerifica\u00e7\u00e3o. Autoridade. Reputa\u00e7\u00e3o. Visibilidade mundial. Tudo em um \u00fanico emblema de prest\u00edgio.<\/h5>\n<hr \/>\n<h5><strong>O que voc\u00ea ganha com isso?<\/strong><br \/>\nIdentidade verificada (KYC) + CV gerenciado por especialistas.<br \/>\nAcesso ao Digital Twin: reten\u00e7\u00e3o de pacientes por toda a vida, rastreamento inteligente da sa\u00fade.<br \/>\nTreinamento cont\u00ednuo + a mais recente tecnologia m\u00e9dica.<br \/>\nSu\u00edte ShareKey: Comunica\u00e7\u00e3o criptografada de n\u00edvel su\u00ed\u00e7o e controle de dados.<br \/>\nRede de embaixadores e indica\u00e7\u00f5es diretas.<br \/>\nProte\u00e7\u00e3o da identidade digital + aumento da credibilidade.<br \/>\nExposi\u00e7\u00e3o internacional, SEO de primeira linha, reputa\u00e7\u00e3o de elite.<\/h5>\n<hr \/>\n<h5>\ud83d\udca5 <strong>Agora imagine isso:<\/strong><br \/>\nUm paciente encontra voc\u00ea. V\u00ea o crach\u00e1 da Klinik Sankt Moritz.<br \/>\nEles sabem que voc\u00ea \u00e9 da elite. Elas confiam em voc\u00ea. Eles escolhem voc\u00ea. Eles ficam.<\/h5>\n<hr \/>\n<h5>\ud83d\ude80 <strong>E aqui vem o cl\u00edmax.<\/strong><br \/>\nApenas CHF <strong>1,188<\/strong>. <strong>CHF 99 mensais<\/strong> Conformidade inicial? <a href=\"https:\/\/kliniksanktmoritz.ch\/pt\/produto\/verificacao-de-elegibilidade\/\">CHF <strong>700<\/strong> <\/a>apenas uma vez.<br \/>\nTotal? CHF <strong>1.888<\/strong> para preparar sua carreira para o futuro e aumentar sua visibilidade.<br \/>\n\ud83d\udd25 TOP <em>Economize 20% com um pagamento \u00fanico em vez de mensal! <a href=\"https:\/\/kliniksanktmoritz.ch\/pt\/produto\/platinum-certified-mds-dosyearly-eligibility-check-top-20\/\">CHF <strong>1.511<\/strong><\/a><\/em><\/h5>\n<hr \/>\n<h5>\ud83d\udc49 <strong>CLIQUE AQUI E OBTENHA A CERTIFICA\u00c7\u00c3O AGORA.<\/strong><br \/>\n<em>Domine os mecanismos de pesquisa, impressione os pacientes e entre para o hall da fama digital.<\/em><br \/>\n<strong>N\u00e3o espere pelo futuro - torne-se o futuro.<\/strong><\/h5>","protected":false},"excerpt":{"rendered":"<h2>Certificado Platinum anualmente pela Caldelari Medical<\/h2>\n<h5><a href=\"https:\/\/wise.com\/gb\/currency-converter\/currencies\/chf-swiss-franc\"><strong data-start=\"4\" data-end=\"43\">Franco su\u00ed\u00e7o em tempo real<\/strong><\/a><br \/>\nComo uma empresa su\u00ed\u00e7a, operamos principalmente em francos su\u00ed\u00e7os, um s\u00edmbolo de estabilidade e confiabilidade. Considerando as flutua\u00e7\u00f5es do mercado global, isso garante efici\u00eancia e transpar\u00eancia, minimizando as incertezas relacionadas \u00e0 moeda.<\/h5>","protected":false},"featured_media":19773,"template":"","meta":{"_acf_changed":false,"wds_primary_product_brand":0,"wds_primary_product_cat":0,"_wordproof_timestamp":false},"product_brand":[],"product_cat":[164,119,158],"product_tag":[162,163,187],"class_list":{"0":"post-20131","1":"product","2":"type-product","3":"status-publish","4":"has-post-thumbnail","6":"product_cat-certification","7":"product_cat-partner","8":"product_cat-worldmedcert","9":"product_tag-certified-degree","10":"product_tag-certified-medical-doctor","11":"product_tag-klinik-sankt-moritz-id","12":"yith_shop_vendor-caldelari","14":"first","15":"instock","16":"virtual","17":"purchasable","18":"product-type-simple"},"acf":[],"_links":{"self":[{"href":"https:\/\/kliniksanktmoritz.ch\/pt\/wp-json\/wp\/v2\/product\/20131","targetHints":{"allow":["GET"]}}],"collection":[{"href":"https:\/\/kliniksanktmoritz.ch\/pt\/wp-json\/wp\/v2\/product"}],"about":[{"href":"https:\/\/kliniksanktmoritz.ch\/pt\/wp-json\/wp\/v2\/types\/product"}],"wp:featuredmedia":[{"embeddable":true,"href":"https:\/\/kliniksanktmoritz.ch\/pt\/wp-json\/wp\/v2\/media\/19773"}],"wp:attachment":[{"href":"https:\/\/kliniksanktmoritz.ch\/pt\/wp-json\/wp\/v2\/media?parent=20131"}],"wp:term":[{"taxonomy":"product_brand","embeddable":true,"href":"https:\/\/kliniksanktmoritz.ch\/pt\/wp-json\/wp\/v2\/product_brand?post=20131"},{"taxonomy":"product_cat","embeddable":true,"href":"https:\/\/kliniksanktmoritz.ch\/pt\/wp-json\/wp\/v2\/product_cat?post=20131"},{"taxonomy":"product_tag","embeddable":true,"href":"https:\/\/kliniksanktmoritz.ch\/pt\/wp-json\/wp\/v2\/product_tag?post=20131"}],"curies":[{"name":"wp","href":"https:\/\/api.w.org\/{rel}","templated":true}]}}