{"id":20291,"date":"2025-05-26T11:13:35","date_gmt":"2025-05-26T10:13:35","guid":{"rendered":"https:\/\/kliniksanktmoritz.ch\/?post_type=product&#038;p=20291"},"modified":"2025-05-26T11:13:35","modified_gmt":"2025-05-26T10:13:35","slug":"%f0%9f%8e%af-are-you-eligible-for-regenerative-knee-treatment","status":"publish","type":"product","link":"https:\/\/kliniksanktmoritz.ch\/pt\/produto\/%f0%9f%8e%af-voce-esta-qualificado-para-o-tratamento-regenerativo-do-joelho\/","title":{"rendered":"VOC\u00ca \u00c9 ELEG\u00cdVEL PARA O TRATAMENTO REGENERATIVO DO JOELHO?"},"content":{"rendered":"<h1 data-start=\"315\" data-end=\"370\">VOC\u00ca \u00c9 ELEG\u00cdVEL PARA O TRATAMENTO REGENERATIVO DO JOELHO?<\/h1>\n<h2 data-start=\"372\" data-end=\"433\">Nem todos os joelhos precisam de cirurgia.<br data-start=\"399\" data-end=\"402\" \/>Nem todo jogador precisa parar.<\/h2>\n<h2 data-start=\"435\" data-end=\"572\">Nossos avan\u00e7ados <strong data-start=\"448\" data-end=\"492\">programa de regenera\u00e7\u00e3o n\u00e3o cir\u00fargica do joelho<\/strong> foi projetado para atletas acima de 40 anos, mas somente ap\u00f3s uma avalia\u00e7\u00e3o m\u00e9dica cuidadosa.<\/h2>","protected":false},"excerpt":{"rendered":"<h2 data-start=\"315\" data-end=\"370\">VOC\u00ca \u00c9 ELEG\u00cdVEL PARA O TRATAMENTO REGENERATIVO DO JOELHO?<\/h2>\n<p data-start=\"574\" data-end=\"736\">Quer evitar a cirurgia de substitui\u00e7\u00e3o do joelho?<br data-start=\"616\" data-end=\"619\" \/>Ainda sente o desejo de voltar \u00e0s quadras?<br data-start=\"668\" data-end=\"671\" \/>\ud83d\udc49 Curioso se <strong data-start=\"685\" data-end=\"708\">tratamento com c\u00e9lulas-tronco<\/strong> poderia funcionar para suas articula\u00e7\u00f5es?<\/p>\n<p data-start=\"738\" data-end=\"814\">Comece com um <strong data-start=\"764\" data-end=\"790\">avalia\u00e7\u00e3o de elegibilidade<\/strong> na Klinik Sankt Moritz.<\/p>\n<hr data-start=\"816\" data-end=\"819\" \/>\n<h3 data-start=\"821\" data-end=\"864\">O que est\u00e1 inclu\u00eddo em sua consulta:<\/h3>\n<ul data-start=\"865\" data-end=\"1194\">\n<li data-start=\"865\" data-end=\"940\">\n<p data-start=\"867\" data-end=\"940\">Exame ortop\u00e9dico completo com foco em <strong data-start=\"900\" data-end=\"938\">condi\u00e7\u00e3o das articula\u00e7\u00f5es e danos \u00e0 cartilagem<\/strong><\/p>\n<\/li>\n<li data-start=\"941\" data-end=\"1013\">\n<p data-start=\"943\" data-end=\"1013\">An\u00e1lise biomec\u00e2nica do movimento (ideal para jogadores de padel e t\u00eanis)<\/p>\n<\/li>\n<li data-start=\"1014\" data-end=\"1076\">\n<p data-start=\"1016\" data-end=\"1076\">Discuss\u00e3o individual com nossa equipe de cirurgia e medicina esportiva<\/p>\n<\/li>\n<li data-start=\"1077\" data-end=\"1134\">\n<p data-start=\"1079\" data-end=\"1134\">Feedback personalizado sobre se voc\u00ea \u00e9 um bom candidato<\/p>\n<\/li>\n<li data-start=\"1135\" data-end=\"1194\">\n<p data-start=\"1137\" data-end=\"1194\">Explica\u00e7\u00e3o clara das op\u00e7\u00f5es, do tempo de recupera\u00e7\u00e3o e dos resultados<\/p>\n<\/li>\n<\/ul>\n<p data-start=\"1196\" data-end=\"1295\">\ud83d\udcb3 <strong data-start=\"1199\" data-end=\"1225\">Taxa de consulta: \u20ac300<\/strong><br data-start=\"1225\" data-end=\"1228\" \/>(<em data-start=\"1229\" data-end=\"1294\">Totalmente dedut\u00edvel se voc\u00ea prosseguir com o pacote completo de tratamento<\/em>)<\/p>\n<hr data-start=\"1297\" data-end=\"1300\" \/>\n<h3 data-start=\"1302\" data-end=\"1345\">\ud83d\udd35 [AGENDE SUA AVALIA\u00c7\u00c3O M\u00c9DICA AGORA]<\/h3>\n<p data-start=\"1346\" data-end=\"1420\"><em data-start=\"1346\" data-end=\"1420\">Descubra se seus joelhos est\u00e3o prontos para voltar a funcionar - sem pr\u00f3teses.<\/em><\/p>","protected":false},"featured_media":20293,"template":"","meta":{"_acf_changed":false,"wds_primary_product_brand":0,"wds_primary_product_cat":0,"_wordproof_timestamp":false},"product_brand":[],"product_cat":[69],"product_tag":[],"class_list":{"0":"post-20291","1":"product","2":"type-product","3":"status-publish","4":"has-post-thumbnail","6":"product_cat-uncategorized","8":"first","9":"instock","10":"virtual","11":"purchasable","12":"product-type-simple"},"acf":[],"_links":{"self":[{"href":"https:\/\/kliniksanktmoritz.ch\/pt\/wp-json\/wp\/v2\/product\/20291","targetHints":{"allow":["GET"]}}],"collection":[{"href":"https:\/\/kliniksanktmoritz.ch\/pt\/wp-json\/wp\/v2\/product"}],"about":[{"href":"https:\/\/kliniksanktmoritz.ch\/pt\/wp-json\/wp\/v2\/types\/product"}],"wp:featuredmedia":[{"embeddable":true,"href":"https:\/\/kliniksanktmoritz.ch\/pt\/wp-json\/wp\/v2\/media\/20293"}],"wp:attachment":[{"href":"https:\/\/kliniksanktmoritz.ch\/pt\/wp-json\/wp\/v2\/media?parent=20291"}],"wp:term":[{"taxonomy":"product_brand","embeddable":true,"href":"https:\/\/kliniksanktmoritz.ch\/pt\/wp-json\/wp\/v2\/product_brand?post=20291"},{"taxonomy":"product_cat","embeddable":true,"href":"https:\/\/kliniksanktmoritz.ch\/pt\/wp-json\/wp\/v2\/product_cat?post=20291"},{"taxonomy":"product_tag","embeddable":true,"href":"https:\/\/kliniksanktmoritz.ch\/pt\/wp-json\/wp\/v2\/product_tag?post=20291"}],"curies":[{"name":"wp","href":"https:\/\/api.w.org\/{rel}","templated":true}]}}