{"id":20307,"date":"2025-05-27T13:36:45","date_gmt":"2025-05-27T12:36:45","guid":{"rendered":"https:\/\/kliniksanktmoritz.ch\/?post_type=product&#038;p=20307"},"modified":"2025-05-27T20:39:28","modified_gmt":"2025-05-27T19:39:28","slug":"versao-de-dados-do-gemeo-digital","status":"publish","type":"product","link":"https:\/\/kliniksanktmoritz.ch\/pt\/produto\/versao-de-dados-do-gemeo-digital\/","title":{"rendered":"Vers\u00e3o de dados do Digital Twin"},"content":{"rendered":"<h1>Digital Twin DATA: Um painel de controle para todo o seu corpo<\/h1>\n<h2>Seus dados de sa\u00fade, finalmente conectados.<\/h2>\n<h3>O que torna o Digital Twin DATA diferente?<\/h3>\n<h5>Unificado <strong>Painel de controle<\/strong>Todos os seus dados - <strong>dormir<\/strong>, <strong>sangue<\/strong> <strong>testes<\/strong>, <strong>etapas<\/strong>, <strong>cora\u00e7\u00e3o<\/strong> <strong>taxa<\/strong> - em <strong>um<\/strong> <strong>lugar<\/strong>. N\u00e3o mais <strong>salto de aplicativos<\/strong>. Um <strong>interface inteligente<\/strong>atualizado em tempo real.<br \/>\nTend\u00eancias de sa\u00fade visualizadas Veja sua sa\u00fade como nunca antes. <strong>Gr\u00e1ficos<\/strong> e <strong>curvas<\/strong> <strong>show<\/strong> como seu <strong>dormir<\/strong>, <strong>vitamina D<\/strong>e <strong>creatinina<\/strong> interagir sobre <strong>dias<\/strong>, <strong>semanas<\/strong>e <strong>meses<\/strong>.<br \/>\nSeguran\u00e7a cibern\u00e9tica avan\u00e7ada Seus dados de sa\u00fade s\u00e3o <strong>criptografado<\/strong>, <strong>protegida<\/strong>e armazenados em um <strong>nuvem<\/strong>. Somente voc\u00ea decide quem o v\u00ea. Ela \u00e9 sua - e somente sua.<br \/>\nCompleto <strong>M\u00e9dico<\/strong> Integra\u00e7\u00e3o Fa\u00e7a o upload de seus dados m\u00e9dicos completos <strong>hist\u00f3rico<\/strong>, <strong>laborat\u00f3rio<\/strong> <strong>resultados<\/strong>, <strong>prescri\u00e7\u00f5es<\/strong>e <strong>vest\u00edvel<\/strong> <strong>dados<\/strong>. Seu <strong>completo<\/strong> <strong>sa\u00fade<\/strong> <strong>imagem<\/strong>finalmente juntos.<br \/>\nCompat\u00edvel com <strong>Mais de 300 dispositivos<\/strong>De <strong>Apple<\/strong> Sa\u00fade, <strong>Fitbit<\/strong>, <strong>Garmin<\/strong> e Oura para Dexcom, <strong>Strava<\/strong>, <strong>MyFitnessPal<\/strong>e, em breve, at\u00e9 mesmo <strong>Tesla<\/strong> e <strong>Pelot\u00e3o<\/strong> - conectamos tudo o que rastreia voc\u00ea.<\/h5>\n<h3>A quem se destina?<\/h3>\n<ul>\n<li>Pessoas que <strong>trem<\/strong><\/li>\n<li>Pessoas com <strong>cr\u00f4nica<\/strong> condi\u00e7\u00f5es<\/li>\n<li>Pessoas que se preocupam com <strong>preven\u00e7\u00e3o<\/strong><\/li>\n<li>Pessoas cansadas de <strong>ausente<\/strong> ou <strong>perdendo<\/strong> seus <strong>dados<\/strong><\/li>\n<li>Pessoas que desejam <strong>clareza<\/strong>, <strong>controle<\/strong>e <strong>certeza<\/strong><\/li>\n<li>Pare de adivinhar. Comece a ver.<\/li>\n<li>O Digital Twin DATA lhe d\u00e1 conhecimento em tempo real da sua sa\u00fade.Voc\u00ea identificar\u00e1 os problemas antes mesmo que os sintomas apare\u00e7am.Voc\u00ea tomar\u00e1 provid\u00eancias antes que seja tarde demais.<\/li>\n<\/ul>\n<h3>Assuma o controle de sua sa\u00fade agora.<\/h3>\n<h3>Crie seu Digital Twin hoje mesmo e <strong>nunca mais perca o controle<\/strong>.<br \/>\nInscreva-se agora e crie seu <strong>perfil de sa\u00fade completo<\/strong> em apenas alguns minutos.<strong>Pr\u00f3prio<\/strong> seu <strong>dados<\/strong>. <strong>Entenda seu corpo<\/strong>. <strong>Viver melhor<\/strong>.<\/h3>","protected":false},"excerpt":{"rendered":"<h1>Digital Twin DATA: Um painel de controle para todo o seu corpo<\/h1>\n<h2>Seus dados de sa\u00fade, finalmente conectados.<\/h2>\n<h5>N\u00e3o \u00e9 mais necess\u00e1rio alternar entre aplicativos. N\u00e3o h\u00e1 mais resultados dispersos.O Digital Twin DATA traz todos os seus <strong>sa\u00fade<\/strong> informa\u00e7\u00f5es em um \u00fanico <strong>seguro<\/strong>, <strong>inteligente<\/strong> projetada para rastrear o comportamento real do seu corpo ao longo do tempo.<\/h5>\n<h3><\/h3>","protected":false},"featured_media":20308,"template":"","meta":{"_acf_changed":false,"wds_primary_product_brand":0,"wds_primary_product_cat":0,"_wordproof_timestamp":false},"product_brand":[183],"product_cat":[69],"product_tag":[],"class_list":{"0":"post-20307","1":"product","2":"type-product","3":"status-publish","4":"has-post-thumbnail","6":"product_brand-klinik-sankt-moritz","7":"product_cat-uncategorized","9":"first","10":"instock","11":"virtual","12":"purchasable","13":"product-type-simple"},"acf":[],"_links":{"self":[{"href":"https:\/\/kliniksanktmoritz.ch\/pt\/wp-json\/wp\/v2\/product\/20307","targetHints":{"allow":["GET"]}}],"collection":[{"href":"https:\/\/kliniksanktmoritz.ch\/pt\/wp-json\/wp\/v2\/product"}],"about":[{"href":"https:\/\/kliniksanktmoritz.ch\/pt\/wp-json\/wp\/v2\/types\/product"}],"wp:featuredmedia":[{"embeddable":true,"href":"https:\/\/kliniksanktmoritz.ch\/pt\/wp-json\/wp\/v2\/media\/20308"}],"wp:attachment":[{"href":"https:\/\/kliniksanktmoritz.ch\/pt\/wp-json\/wp\/v2\/media?parent=20307"}],"wp:term":[{"taxonomy":"product_brand","embeddable":true,"href":"https:\/\/kliniksanktmoritz.ch\/pt\/wp-json\/wp\/v2\/product_brand?post=20307"},{"taxonomy":"product_cat","embeddable":true,"href":"https:\/\/kliniksanktmoritz.ch\/pt\/wp-json\/wp\/v2\/product_cat?post=20307"},{"taxonomy":"product_tag","embeddable":true,"href":"https:\/\/kliniksanktmoritz.ch\/pt\/wp-json\/wp\/v2\/product_tag?post=20307"}],"curies":[{"name":"wp","href":"https:\/\/api.w.org\/{rel}","templated":true}]}}