{"id":20326,"date":"2025-05-27T21:43:59","date_gmt":"2025-05-27T20:43:59","guid":{"rendered":"https:\/\/kliniksanktmoritz.ch\/?post_type=product&#038;p=20326"},"modified":"2025-05-27T22:10:27","modified_gmt":"2025-05-27T21:10:27","slug":"versao-molecular-do-gemeo-digital","status":"publish","type":"product","link":"https:\/\/kliniksanktmoritz.ch\/pt\/produto\/versao-molecular-do-gemeo-digital\/","title":{"rendered":"Digital Twin - Vers\u00e3o molecular"},"content":{"rendered":"<h1 data-start=\"436\" data-end=\"485\">O que \u00e9 o g\u00eameo digital - vers\u00e3o molecular?<\/h1>\n<h2 >O <strong >Vers\u00e3o molecular do Digital Twin<\/strong> \u00e9 uma tecnologia avan\u00e7ada de sa\u00fade que coleta e visualiza <strong data-start=\"588\" data-end=\"621\">dados em tempo real de seu corpo<\/strong>incluindo:<\/h2>\n<ul data-start=\"635\" data-end=\"761\">\n<li data-start=\"635\" data-end=\"665\">\n<h3 ><strong >Rastreadores de sa\u00fade vest\u00edveis<\/strong><\/h3>\n<\/li>\n<li data-start=\"666\" data-end=\"688\">\n<h3 data-start=\"668\" data-end=\"688\"><strong data-start=\"668\" data-end=\"688\">Biomarcadores sangu\u00edneos<\/strong><\/h3>\n<\/li>\n<li data-start=\"689\" data-end=\"719\">\n<h3 data-start=\"691\" data-end=\"719\"><strong data-start=\"691\" data-end=\"719\">Resultados dos testes metabol\u00f4micos<\/strong><\/h3>\n<\/li>\n<li data-start=\"720\" data-end=\"761\">\n<h3 data-start=\"722\" data-end=\"761\"><strong data-start=\"722\" data-end=\"761\">Sono, estresse, frequ\u00eancia card\u00edaca e muito mais<\/strong><\/h3>\n<\/li>\n<\/ul>\n<h3 data-start=\"763\" data-end=\"923\">Ele transforma dados de sa\u00fade dispersos em <strong data-start=\"804\" data-end=\"839\">um painel de controle \u00fanico e inteligente<\/strong>ajudando-o a identificar padr\u00f5es e a tomar decis\u00f5es informadas sobre sua jornada de bem-estar.<\/h3>\n<hr data-start=\"925\" data-end=\"928\" \/>\n<h3 data-start=\"930\" data-end=\"960\">Por que adicionar dados moleculares?<\/h3>\n<h3 data-start=\"962\" data-end=\"1055\"><strong data-start=\"962\" data-end=\"983\">Testes moleculares<\/strong> oferece uma vis\u00e3o \u00fanica do interior do seu corpo, mesmo antes do aparecimento dos sintomas.<\/h3>\n<h3 data-start=\"1057\" data-end=\"1136\">Ao rastrear os principais biomarcadores <strong data-start=\"1084\" data-end=\"1106\">2 a 3 vezes por ano<\/strong>Com o curso, voc\u00ea obt\u00e9m insights profundos sobre:<\/h3>\n<ul data-start=\"1138\" data-end=\"1322\">\n<li data-start=\"1138\" data-end=\"1178\">\n<h4 data-start=\"1140\" data-end=\"1178\">Metabolismo e defici\u00eancias de nutrientes<\/h4>\n<\/li>\n<li data-start=\"1179\" data-end=\"1221\">\n<h4 data-start=\"1181\" data-end=\"1221\">Inflama\u00e7\u00e3o precoce ou estresse oxidativo<\/h4>\n<\/li>\n<li data-start=\"1222\" data-end=\"1245\">\n<h4 data-start=\"1224\" data-end=\"1245\">Desequil\u00edbrios hormonais<\/h4>\n<\/li>\n<li data-start=\"1246\" data-end=\"1279\">\n<h4 data-start=\"1248\" data-end=\"1279\">Problemas de recupera\u00e7\u00e3o relacionados ao sono<\/h4>\n<\/li>\n<li data-start=\"1280\" data-end=\"1322\">\n<h4 data-start=\"1282\" data-end=\"1322\">Fadiga cr\u00f4nica e desacelera\u00e7\u00e3o metab\u00f3lica<\/h4>\n<\/li>\n<\/ul>\n<h4 data-start=\"1324\" data-end=\"1397\">\ud83e\udde0 \u00c9 mais do que dados. S\u00e3o <strong data-start=\"1353\" data-end=\"1397\">previs\u00e3o de sa\u00fade baseada em ci\u00eancia real.<\/strong><\/h4>\n<hr data-start=\"1399\" data-end=\"1402\" \/>\n<h3 data-start=\"1404\" data-end=\"1441\">Seu painel de controle completo de sa\u00fade<\/h3>\n<h4 data-start=\"1443\" data-end=\"1503\">N\u00e3o \u00e9 mais necess\u00e1rio alternar entre aplicativos.<br data-start=\"1474\" data-end=\"1477\" \/>N\u00e3o h\u00e1 mais relat\u00f3rios confusos.<\/h4>\n<h4 data-start=\"1505\" data-end=\"1589\">O Digital Twin se integra com mais de <strong data-start=\"1543\" data-end=\"1577\">300 dispositivos de sa\u00fade e condicionamento f\u00edsico<\/strong>incluindo:<\/h4>\n<ul data-start=\"1591\" data-end=\"1762\">\n<li data-start=\"1591\" data-end=\"1645\">\n<h4 data-start=\"1593\" data-end=\"1645\">Apple Health, Fitbit, Oura, Garmin, Samsung Health<\/h4>\n<\/li>\n<li data-start=\"1646\" data-end=\"1698\">\n<h4 data-start=\"1648\" data-end=\"1698\">Dexcom, Polar, Withings, Whoop, Strava e muito mais<\/h4>\n<\/li>\n<li data-start=\"1699\" data-end=\"1762\">\n<h4 data-start=\"1701\" data-end=\"1762\">Pr\u00f3ximas integra\u00e7\u00f5es: Tesla, Peloton, Calm, iFit e outros<\/h4>\n<\/li>\n<\/ul>\n<h4 data-start=\"1764\" data-end=\"1840\">Todos os seus sinais de sa\u00fade - <strong data-start=\"1790\" data-end=\"1813\">visualizados em conjunto<\/strong>de forma clara e em tempo real.<\/h4>\n<hr data-start=\"1842\" data-end=\"1845\" \/>\n<h3 data-start=\"1847\" data-end=\"1898\">\ud83d\udd10 Seguran\u00e7a cibern\u00e9tica inigual\u00e1vel para seus dados de sa\u00fade<\/h3>\n<ul data-start=\"1900\" data-end=\"2012\">\n<li data-start=\"1900\" data-end=\"1921\">\n<h4 data-start=\"1902\" data-end=\"1921\"><strong data-start=\"1902\" data-end=\"1921\">Totalmente criptografado<\/strong><\/h4>\n<\/li>\n<li data-start=\"1922\" data-end=\"1949\">\n<h4 data-start=\"1924\" data-end=\"1949\"><strong data-start=\"1924\" data-end=\"1949\">Armazenamento em nuvem privada<\/strong><\/h4>\n<\/li>\n<li data-start=\"1950\" data-end=\"1977\">\n<h4 data-start=\"1952\" data-end=\"1977\"><strong data-start=\"1952\" data-end=\"1977\">Sem acesso de terceiros<\/strong><\/h4>\n<\/li>\n<li data-start=\"1978\" data-end=\"2012\">\n<h4 data-start=\"1980\" data-end=\"2012\"><strong data-start=\"1980\" data-end=\"2012\">Voc\u00ea controla os dados, sempre<\/strong><\/h4>\n<\/li>\n<\/ul>\n<h4 data-start=\"2014\" data-end=\"2077\">Seus dados m\u00e9dicos merecem <strong data-start=\"2041\" data-end=\"2076\">o mais alto n\u00edvel de prote\u00e7\u00e3o<\/strong>.<\/h4>\n<hr data-start=\"2079\" data-end=\"2082\" \/>\n<h3 data-start=\"2084\" data-end=\"2109\">Quem deve us\u00e1-lo?<\/h3>\n<h4 data-start=\"2111\" data-end=\"2331\">Profissionais de sa\u00fade e pessoas de alto desempenho<br data-start=\"2153\" data-end=\"2156\" \/>Entusiastas do condicionamento f\u00edsico e atletas<br data-start=\"2190\" data-end=\"2193\" \/>Pessoas que gerenciam doen\u00e7as cr\u00f4nicas<br data-start=\"2229\" data-end=\"2232\" \/>Qualquer pessoa que esteja buscando <strong data-start=\"2249\" data-end=\"2281\">monitoramento preventivo da sa\u00fade<\/strong><br data-start=\"2281\" data-end=\"2284\" \/>Biohackers, treinadores e otimizadores de estilo de vida<\/h4>\n<hr data-start=\"2333\" data-end=\"2336\" \/>\n<h3 data-start=\"2338\" data-end=\"2374\">Pare de adivinhar. Start Knowing.<\/h3>\n<h4 data-start=\"2376\" data-end=\"2470\">A sa\u00fade tradicional espera que algo d\u00ea errado.<br data-start=\"2427\" data-end=\"2430\" \/>O Digital Twin + Molecular Data ajuda voc\u00ea:<\/h4>\n<ul data-start=\"2472\" data-end=\"2618\">\n<li data-start=\"2472\" data-end=\"2497\">\n<h4 data-start=\"2474\" data-end=\"2497\">Detectar problemas precocemente<\/h4>\n<\/li>\n<li data-start=\"2498\" data-end=\"2539\">\n<h4 data-start=\"2500\" data-end=\"2539\">Otimize sua dieta, seu sono e sua energia<\/h4>\n<\/li>\n<li data-start=\"2540\" data-end=\"2582\">\n<h4 data-start=\"2542\" data-end=\"2582\">Personalize seu treinamento ou tratamento<\/h4>\n<\/li>\n<li data-start=\"2583\" data-end=\"2618\">\n<h4 data-start=\"2585\" data-end=\"2618\">Fa\u00e7a escolhas de sa\u00fade baseadas em dados<\/h4>\n<\/li>\n<\/ul>\n<hr data-start=\"2620\" data-end=\"2623\" \/>\n<h1 data-start=\"2625\" data-end=\"2652\">\ud83d\ude80 Por apenas 500 CHF\/m\u00eas<\/h1>\n<h2 data-start=\"2654\" data-end=\"2752\">Assuma o controle de sua sa\u00fade com o mais <strong data-start=\"2696\" data-end=\"2741\">tecnologia avan\u00e7ada de bem-estar personalizado<\/strong> dispon\u00edvel.<\/h2>\n<h2 data-start=\"2754\" data-end=\"2841\"><strong data-start=\"2754\" data-end=\"2790\">Digital Twin - Vers\u00e3o molecular<\/strong><br data-start=\"2790\" data-end=\"2793\" \/>Seu corpo. Suas mol\u00e9culas. Seu futuro - mapeado.<\/h2>\n<h2 data-start=\"2843\" data-end=\"2959\">\ud83d\udc49 <strong data-start=\"2846\" data-end=\"2904\">Participe agora. Fique \u00e0 frente das doen\u00e7as. Tenha seus pr\u00f3prios dados de sa\u00fade.<\/strong><br data-start=\"2904\" data-end=\"2907\" \/>Porque a preven\u00e7\u00e3o n\u00e3o \u00e9 uma tend\u00eancia. \u00c9 uma revolu\u00e7\u00e3o.<\/h2>","protected":false},"excerpt":{"rendered":"<h1 data-start=\"233\" data-end=\"280\">\ud83e\uddec G\u00eameo digital - Painel de sa\u00fade molecular<\/h1>\n<h2 data-start=\"282\" data-end=\"429\"><strong data-start=\"282\" data-end=\"326\">Veja o que seu corpo n\u00e3o pode lhe dizer - ainda.<\/strong><\/h2>\n<h3 data-start=\"282\" data-end=\"429\">Rastrear altera\u00e7\u00f5es moleculares. Detectar padr\u00f5es. Prevenir doen\u00e7as.<br data-start=\"387\" data-end=\"390\" \/><strong data-start=\"390\" data-end=\"429\">Tudo em um painel de controle inteligente e seguro.<\/strong><\/h3>\n<h1 data-start=\"2625\" data-end=\"2652\">\ud83d\ude80 Por apenas 500 CHF\/m\u00eas<\/h1>","protected":false},"featured_media":20321,"template":"","meta":{"_acf_changed":false,"wds_primary_product_brand":0,"wds_primary_product_cat":0,"_wordproof_timestamp":false},"product_brand":[183],"product_cat":[69],"product_tag":[],"class_list":{"0":"post-20326","1":"product","2":"type-product","3":"status-publish","4":"has-post-thumbnail","6":"product_brand-klinik-sankt-moritz","7":"product_cat-uncategorized","9":"first","10":"instock","11":"virtual","12":"purchasable","13":"product-type-simple"},"acf":[],"_links":{"self":[{"href":"https:\/\/kliniksanktmoritz.ch\/pt\/wp-json\/wp\/v2\/product\/20326","targetHints":{"allow":["GET"]}}],"collection":[{"href":"https:\/\/kliniksanktmoritz.ch\/pt\/wp-json\/wp\/v2\/product"}],"about":[{"href":"https:\/\/kliniksanktmoritz.ch\/pt\/wp-json\/wp\/v2\/types\/product"}],"wp:featuredmedia":[{"embeddable":true,"href":"https:\/\/kliniksanktmoritz.ch\/pt\/wp-json\/wp\/v2\/media\/20321"}],"wp:attachment":[{"href":"https:\/\/kliniksanktmoritz.ch\/pt\/wp-json\/wp\/v2\/media?parent=20326"}],"wp:term":[{"taxonomy":"product_brand","embeddable":true,"href":"https:\/\/kliniksanktmoritz.ch\/pt\/wp-json\/wp\/v2\/product_brand?post=20326"},{"taxonomy":"product_cat","embeddable":true,"href":"https:\/\/kliniksanktmoritz.ch\/pt\/wp-json\/wp\/v2\/product_cat?post=20326"},{"taxonomy":"product_tag","embeddable":true,"href":"https:\/\/kliniksanktmoritz.ch\/pt\/wp-json\/wp\/v2\/product_tag?post=20326"}],"curies":[{"name":"wp","href":"https:\/\/api.w.org\/{rel}","templated":true}]}}